{"id":7457,"date":"2022-12-30T13:35:22","date_gmt":"2022-12-30T21:35:22","guid":{"rendered":"\/\/vcaaa.venturacounty.gov\/?page_id=7457"},"modified":"2024-07-23T10:51:26","modified_gmt":"2024-07-23T17:51:26","slug":"awards","status":"publish","type":"page","link":"https:\/\/vcaaa.venturacounty.gov\/es\/news-events\/awards\/","title":{"rendered":"Premios VCAAA"},"content":{"rendered":"<div data-elementor-type=\"wp-page\" data-elementor-id=\"7457\" class=\"elementor elementor-7457\" data-elementor-post-type=\"page\">\n\t\t\t\t\t\t<section class=\"elementor-section elementor-top-section elementor-element elementor-element-4efcbdb3 elementor-section-boxed elementor-section-height-default elementor-section-height-default\" data-id=\"4efcbdb3\" data-element_type=\"section\" data-e-type=\"section\" data-settings=\"{&quot;jet_parallax_layout_list&quot;:[]}\">\n\t\t\t\t\t\t<div class=\"elementor-container elementor-column-gap-default\">\n\t\t\t\t\t<div class=\"elementor-column elementor-col-50 elementor-top-column elementor-element elementor-element-7b1ba7c\" data-id=\"7b1ba7c\" data-element_type=\"column\" data-e-type=\"column\">\n\t\t\t<div class=\"elementor-widget-wrap elementor-element-populated\">\n\t\t\t\t\t\t<div class=\"elementor-element elementor-element-75ad6d7 elementor-widget elementor-widget-heading\" data-id=\"75ad6d7\" data-element_type=\"widget\" data-e-type=\"widget\" data-widget_type=\"heading.default\">\n\t\t\t\t<div class=\"elementor-widget-container\">\n\t\t\t\t\t<h2 class=\"elementor-heading-title elementor-size-large\">Noticias<\/h2>\t\t\t\t<\/div>\n\t\t\t\t<\/div>\n\t\t\t\t<div class=\"elementor-element elementor-element-abcb96f elementor-widget elementor-widget-global elementor-global-7443 elementor-widget-jet-custom-menu\" data-id=\"abcb96f\" data-element_type=\"widget\" data-e-type=\"widget\" data-widget_type=\"jet-custom-menu.default\">\n\t\t\t\t<div class=\"elementor-widget-container\">\n\t\t\t\t\t<div class=\"menu-news-container\"><div class=\"jet-custom-nav jet-custom-nav--dropdown-right-side jet-custom-nav--animation-fade\" data-trigger=\"hover\"><div class=\"menu-item menu-item-type-post_type menu-item-object-page jet-custom-nav__item jet-custom-nav__item-7440\"><a href=\"https:\/\/vcaaa.venturacounty.gov\/es\/news-events\/press-releases\/\" class=\"jet-custom-nav__item-link\"><span class=\"jet-menu-link-text\"><span class=\"jet-custom-item-label top-level-label\">Art\u00edculos de noticias<\/span><\/span><\/a><\/div>\n<div class=\"menu-item menu-item-type-post_type menu-item-object-page jet-custom-nav__item jet-custom-nav__item-7441\"><a href=\"https:\/\/vcaaa.venturacounty.gov\/es\/news-events\/publications\/\" class=\"jet-custom-nav__item-link\"><span class=\"jet-menu-link-text\"><span class=\"jet-custom-item-label top-level-label\">LIVEWell<\/span><\/span><\/a><\/div>\n<div class=\"menu-item menu-item-type-post_type menu-item-object-page jet-custom-nav__item jet-custom-nav__item-7461\"><a href=\"https:\/\/vcaaa.venturacounty.gov\/es\/news-events\/legacyawards\/\" class=\"jet-custom-nav__item-link\"><span class=\"jet-menu-link-text\"><span class=\"jet-custom-item-label top-level-label\">Premios Legado<\/span><\/span><\/a><\/div>\n<div class=\"menu-item menu-item-type-post_type menu-item-object-page jet-custom-nav__item jet-custom-nav__item-7462\"><a href=\"https:\/\/vcaaa.venturacounty.gov\/es\/news-events\/awards\/\" class=\"jet-custom-nav__item-link\"><span class=\"jet-menu-link-text\"><span class=\"jet-custom-item-label top-level-label\">Premios VCAAA<\/span><\/span><\/a><\/div>\n<div class=\"menu-item menu-item-type-post_type menu-item-object-page jet-custom-nav__item jet-custom-nav__item-7439\"><a href=\"https:\/\/vcaaa.venturacounty.gov\/es\/news-events\/videos\/\" class=\"jet-custom-nav__item-link\"><span class=\"jet-menu-link-text\"><span class=\"jet-custom-item-label top-level-label\">V\u00eddeos<\/span><\/span><\/a><\/div>\n<\/div><\/div>\t\t\t\t<\/div>\n\t\t\t\t<\/div>\n\t\t\t\t\t<\/div>\n\t\t<\/div>\n\t\t\t\t<div class=\"elementor-column elementor-col-50 elementor-top-column elementor-element elementor-element-68f3f4fa\" data-id=\"68f3f4fa\" data-element_type=\"column\" data-e-type=\"column\">\n\t\t\t<div class=\"elementor-widget-wrap elementor-element-populated\">\n\t\t\t\t\t\t<div class=\"elementor-element elementor-element-4b6010af elementor-widget elementor-widget-text-editor\" data-id=\"4b6010af\" data-element_type=\"widget\" data-e-type=\"widget\" data-widget_type=\"text-editor.default\">\n\t\t\t\t<div class=\"elementor-widget-container\">\n\t\t\t\t\t\t\t\t\t<p><span style=\"font-size: 12pt;\"><strong>2024<\/strong><\/span><br \/><span style=\"font-size: 12pt;\">Premios Nacionales de Medios para Adultos (Plata): V\u00eddeo de Gary Knows (redes sociales)<br \/>Premios Nacionales de Medios para Adultos (Bronce): La historia de una cuidadora (art\u00edculo)<\/span><\/p><p><span style=\"font-size: 12pt;\"><strong>2023<\/strong><\/span><br \/><span style=\"font-size: 12pt;\">Premios Nacionales de Medios para Adultos (Oro) \u2013 LIVEWell<br \/><\/span><span style=\"font-size: 12pt;\">Premios Nacionales de Medios para Adultos (Plata) \u2013 Seminarios sobre Salud y Bienestar Cerebral<em><br \/><\/em><\/span><\/p><p><span style=\"font-size: 12pt;\"><strong>2022<\/strong><\/span><br \/><span style=\"font-size: 12pt;\">Premio al Logro de NACo \u2013 Programa PERLAS<\/span><br \/><span style=\"font-size: 12pt;\">Premios Nacionales de Medios para Adultos (Bronce) \u2013 LIVEWell<br \/>Premios Nacionales de Medios para Adultos Mayores (M\u00e9rito) \u2013 Bolet\u00edn de Nutrici\u00f3n para Adultos Mayores<br \/>Premios Nacionales de Medios para Adultos (M\u00e9rito) \u2013 La Buena Vida (Campa\u00f1a de Video Marketing)<em><br \/><\/em><\/span><\/p><p><span style=\"font-size: 12pt;\"><strong>2021<\/strong><\/span><br \/><span style=\"font-size: 12pt;\">Premio a la Innovaci\u00f3n n4a: Expansi\u00f3n del Huerto de Nutrici\u00f3n para Personas Mayores<\/span><br \/><span style=\"font-size: 12pt;\">Premios Nacionales de Medios para Adultos (Bronce) \u2013 LIVEWell<br \/>Premios Nacionales de Medios para Adultos (Bronce): Mascotas Rob\u00f3ticas (Campa\u00f1a de Marketing de V\u00eddeo)<br \/>Premios Nacionales de Medios para Adultos (M\u00e9rito) \u2013 Camina con Tranquilidad (Campa\u00f1a de Marketing de V\u00eddeo)<\/span><\/p><p><span style=\"font-size: 12pt;\"><strong>2020<\/strong><br \/>Premio de Distinci\u00f3n de la Asociaci\u00f3n de Oficiales de Informaci\u00f3n P\u00fablica de California (CAPIO) \u2013 LIVEWell<\/span><br \/><span style=\"font-size: 12pt;\">Premios Nacionales de Medios para Adultos (Plata) \u2013 LIVEWell<br \/>Premios Nacionales de Medios para Adultos (Plata): C\u00f3mo gestionar la inscripci\u00f3n en Medicare (Campa\u00f1a de Marketing de V\u00eddeo)<em><br \/><\/em><\/span><\/p><p><span style=\"font-size: 12pt;\"><strong>2019<\/strong><\/span><br \/><span style=\"font-size: 12pt;\">Premios Nacionales de Medios para Adultos (Bronce): Recordando a los Veteranos del Condado de Ventura (Campa\u00f1a de Marketing de Video)<br \/>Premios Nacionales de Medios para Adultos Mayores (Bronce): Llamado a la acci\u00f3n para la concienciaci\u00f3n sobre el maltrato a las personas mayores (Campa\u00f1a de marketing en v\u00eddeo)<\/span><\/p><p><span style=\"font-size: 12pt;\"><strong>2018<\/strong><\/span><br \/><span style=\"font-size: 12pt;\">Premio al Logro de NACo \u2013 Casamia de Brenda<br \/>Premios Nacionales de Medios para Adultos (M\u00e9rito) \u2013 LIVEWell<\/span><\/p><p><span style=\"font-size: 12pt;\"><strong>2017\u00a0<\/strong><\/span><br \/><span style=\"font-size: 12pt;\">Premio a la Innovaci\u00f3n n4a \u2013 VCAAA Docuvids<br \/><\/span><span style=\"font-size: 12pt;\">Premio al Campe\u00f3n de la Salud del Condado de Ventura Saludable \u2013 Coalici\u00f3n para la Prevenci\u00f3n de Ca\u00eddas<\/span><\/p><p><span style=\"font-size: 12pt;\"><strong>2016<\/strong><\/span><br \/><span style=\"font-size: 12pt;\">Premio a la Innovaci\u00f3n n4a \u2013 Manteles individuales del Programa de Nutrici\u00f3n para Personas Mayores<br \/><\/span><\/p><p><span style=\"font-size: 12pt;\"><strong>2015\u00a0<\/strong><\/span><br \/><span style=\"font-size: 12pt;\">Premio a la Innovaci\u00f3n n4a \u2013 Programa HomeShare<br \/>Premio al Logro n4a \u2013 Programa de Prevenci\u00f3n de Ca\u00eddas<\/span><\/p><p><span style=\"font-size: 12pt;\"><strong>2014<\/strong><\/span><br \/><span style=\"font-size: 12pt;\">Premio a la Innovaci\u00f3n n4a: \u00a1Buena Salud, Buena Vida! Revista electr\u00f3nica y v\u00eddeos<br \/>Premio a la Innovaci\u00f3n n4a \u2013 Sistema de Desarrollo de Voluntarios Moodle<br \/>Premio al Logro n4a \u2013 Programa ElderHelp<br \/>Premio al Logro n4a \u2013 Jard\u00edn para Personas Mayores<\/span><\/p><p><span style=\"font-size: 12pt;\"><strong>2013<\/strong><br \/>Premio a la Innovaci\u00f3n n4a: Gu\u00eda de Informaci\u00f3n Legal para Personas Mayores (LIFE)<\/span><\/p>\t\t\t\t\t\t\t\t<\/div>\n\t\t\t\t<\/div>\n\t\t\t\t\t<\/div>\n\t\t<\/div>\n\t\t\t\t\t<\/div>\n\t\t<\/section>\n\t\t\t\t<\/div>","protected":false},"excerpt":{"rendered":"<p>News News Articles LIVEWell Legacy Awards VCAAA Awards Videos COVID-19 2024National Mature Media Awards (Silver) &#8211; Gary Knows video (social media)National Mature Media Awards (Bronze) &#8211; A Caregiver&#8217;s Story (article) [&hellip;]<\/p>\n","protected":false},"author":14,"featured_media":0,"parent":323,"menu_order":0,"comment_status":"closed","ping_status":"closed","template":"","meta":{"_seopress_robots_primary_cat":"","_seopress_titles_title":"","_seopress_titles_desc":"","_seopress_robots_index":"","footnotes":""},"class_list":["post-7457","page","type-page","status-publish","hentry"],"_links":{"self":[{"href":"https:\/\/vcaaa.venturacounty.gov\/es\/wp-json\/wp\/v2\/pages\/7457","targetHints":{"allow":["GET"]}}],"collection":[{"href":"https:\/\/vcaaa.venturacounty.gov\/es\/wp-json\/wp\/v2\/pages"}],"about":[{"href":"https:\/\/vcaaa.venturacounty.gov\/es\/wp-json\/wp\/v2\/types\/page"}],"author":[{"embeddable":true,"href":"https:\/\/vcaaa.venturacounty.gov\/es\/wp-json\/wp\/v2\/users\/14"}],"replies":[{"embeddable":true,"href":"https:\/\/vcaaa.venturacounty.gov\/es\/wp-json\/wp\/v2\/comments?post=7457"}],"version-history":[{"count":0,"href":"https:\/\/vcaaa.venturacounty.gov\/es\/wp-json\/wp\/v2\/pages\/7457\/revisions"}],"up":[{"embeddable":true,"href":"https:\/\/vcaaa.venturacounty.gov\/es\/wp-json\/wp\/v2\/pages\/323"}],"wp:attachment":[{"href":"https:\/\/vcaaa.venturacounty.gov\/es\/wp-json\/wp\/v2\/media?parent=7457"}],"curies":[{"name":"gracias","href":"https:\/\/api.w.org\/{rel}","templated":true}]}}