{"id":7393,"date":"2022-12-15T22:17:36","date_gmt":"2022-12-16T06:17:36","guid":{"rendered":"\/\/vcaaa.venturacounty.gov\/?page_id=7393"},"modified":"2026-04-01T14:06:15","modified_gmt":"2026-04-01T21:06:15","slug":"care-management-social-services","status":"publish","type":"page","link":"https:\/\/vcaaa.venturacounty.gov\/es\/our-services\/care-management-social-services\/","title":{"rendered":"Gesti\u00f3n de casos y servicios sociales"},"content":{"rendered":"<div data-elementor-type=\"wp-page\" data-elementor-id=\"7393\" class=\"elementor elementor-7393\" data-elementor-post-type=\"page\">\n\t\t\t\t\t\t<section class=\"elementor-section elementor-top-section elementor-element elementor-element-7c1916f6 elementor-section-boxed elementor-section-height-default elementor-section-height-default\" data-id=\"7c1916f6\" data-element_type=\"section\" data-e-type=\"section\" data-settings=\"{&quot;jet_parallax_layout_list&quot;:[]}\">\n\t\t\t\t\t\t<div class=\"elementor-container elementor-column-gap-default\">\n\t\t\t\t\t<div class=\"elementor-column elementor-col-50 elementor-top-column elementor-element elementor-element-84bba53\" data-id=\"84bba53\" data-element_type=\"column\" data-e-type=\"column\">\n\t\t\t<div class=\"elementor-widget-wrap elementor-element-populated\">\n\t\t\t\t\t\t<div class=\"elementor-element elementor-element-c9506ee elementor-widget elementor-widget-heading\" data-id=\"c9506ee\" data-element_type=\"widget\" data-e-type=\"widget\" data-widget_type=\"heading.default\">\n\t\t\t\t<div class=\"elementor-widget-container\">\n\t\t\t\t\t<h2 class=\"elementor-heading-title elementor-size-default\">ENLACES A P\u00c1GINAS<\/h2>\t\t\t\t<\/div>\n\t\t\t\t<\/div>\n\t\t\t\t<div class=\"elementor-element elementor-element-0ee5ec9 elementor-widget elementor-widget-jet-custom-menu\" data-id=\"0ee5ec9\" data-element_type=\"widget\" data-e-type=\"widget\" data-widget_type=\"jet-custom-menu.default\">\n\t\t\t\t<div class=\"elementor-widget-container\">\n\t\t\t\t\t<div class=\"menu-case-management-container\"><div class=\"jet-custom-nav jet-custom-nav--dropdown-right-side jet-custom-nav--animation-fade\" data-trigger=\"hover\"><div class=\"menu-item menu-item-type-custom menu-item-object-custom jet-custom-nav__item jet-custom-nav__item-8678\"><a href=\"#hcba\" class=\"jet-custom-nav__item-link\"><span class=\"jet-menu-link-text\"><span class=\"jet-custom-item-label top-level-label\">HCBA<\/span><\/span><\/a><\/div>\n<div class=\"menu-item menu-item-type-custom menu-item-object-custom jet-custom-nav__item jet-custom-nav__item-8677\"><a href=\"#mssp\" class=\"jet-custom-nav__item-link\"><span class=\"jet-menu-link-text\"><span class=\"jet-custom-item-label top-level-label\">MSSP<\/span><\/span><\/a><\/div>\n<\/div><\/div>\t\t\t\t<\/div>\n\t\t\t\t<\/div>\n\t\t\t\t\t<\/div>\n\t\t<\/div>\n\t\t\t\t<div class=\"elementor-column elementor-col-50 elementor-top-column elementor-element elementor-element-f0cda34\" data-id=\"f0cda34\" data-element_type=\"column\" data-e-type=\"column\">\n\t\t\t<div class=\"elementor-widget-wrap elementor-element-populated\">\n\t\t\t\t\t\t<div class=\"elementor-element elementor-element-a749689 elementor-widget elementor-widget-image\" data-id=\"a749689\" data-element_type=\"widget\" data-e-type=\"widget\" data-widget_type=\"image.default\">\n\t\t\t\t<div class=\"elementor-widget-container\">\n\t\t\t\t\t\t\t\t\t\t\t\t\t\t\t<img fetchpriority=\"high\" decoding=\"async\" width=\"800\" height=\"160\" src=\"https:\/\/vcaaa.venturacounty.gov\/wp-content\/uploads\/2024\/12\/CaseManagement.jpg\" class=\"attachment-large size-large wp-image-8757\" alt=\"collage of people smiling for the camera\" srcset=\"https:\/\/vcaaa.venturacounty.gov\/wp-content\/uploads\/2024\/12\/CaseManagement.jpg 1000w, https:\/\/vcaaa.venturacounty.gov\/wp-content\/uploads\/2024\/12\/CaseManagement-480x96.jpg 480w, https:\/\/vcaaa.venturacounty.gov\/wp-content\/uploads\/2024\/12\/CaseManagement-768x154.jpg 768w, https:\/\/vcaaa.venturacounty.gov\/wp-content\/uploads\/2024\/12\/CaseManagement-18x4.jpg 18w\" sizes=\"(max-width: 800px) 100vw, 800px\" \/>\t\t\t\t\t\t\t\t\t\t\t\t\t\t\t<\/div>\n\t\t\t\t<\/div>\n\t\t\t\t<div class=\"elementor-element elementor-element-38f09a1 elementor-widget elementor-widget-text-editor\" data-id=\"38f09a1\" data-element_type=\"widget\" data-e-type=\"widget\" data-widget_type=\"text-editor.default\">\n\t\t\t\t<div class=\"elementor-widget-container\">\n\t\t\t\t\t\t\t\t\t<p>Los programas de gesti\u00f3n de casos ofrecen servicios dise\u00f1ados para ayudar a los adultos mayores y a las personas con discapacidad a evitar que tengan que ingresar en residencias o centros de atenci\u00f3n. Estos programas reducen costos y permiten que los clientes sigan viviendo en sus hogares mientras disfrutan de una mejor calidad de vida.<\/p>\t\t\t\t\t\t\t\t<\/div>\n\t\t\t\t<\/div>\n\t\t\t\t<div class=\"elementor-element elementor-element-08b48fa elementor-widget-divider--view-line elementor-widget elementor-widget-divider\" data-id=\"08b48fa\" data-element_type=\"widget\" data-e-type=\"widget\" data-widget_type=\"divider.default\">\n\t\t\t\t<div class=\"elementor-widget-container\">\n\t\t\t\t\t\t\t<div class=\"elementor-divider\">\n\t\t\t<span class=\"elementor-divider-separator\">\n\t\t\t\t\t\t<\/span>\n\t\t<\/div>\n\t\t\t\t\t\t<\/div>\n\t\t\t\t<\/div>\n\t\t\t\t<div class=\"elementor-element elementor-element-0502daf elementor-widget elementor-widget-menu-anchor\" data-id=\"0502daf\" data-element_type=\"widget\" data-e-type=\"widget\" data-widget_type=\"menu-anchor.default\">\n\t\t\t\t<div class=\"elementor-widget-container\">\n\t\t\t\t\t\t\t<div class=\"elementor-menu-anchor\" id=\"hcba\"><\/div>\n\t\t\t\t\t\t<\/div>\n\t\t\t\t<\/div>\n\t\t\t\t<div class=\"elementor-element elementor-element-05ca9fd elementor-widget elementor-widget-heading\" data-id=\"05ca9fd\" data-element_type=\"widget\" data-e-type=\"widget\" data-widget_type=\"heading.default\">\n\t\t\t\t<div class=\"elementor-widget-container\">\n\t\t\t\t\t<h2 class=\"elementor-heading-title elementor-size-default\">Programa de Alternativas Basadas en el Hogar y la Comunidad (HCBA)<\/h2>\t\t\t\t<\/div>\n\t\t\t\t<\/div>\n\t\t\t\t<div class=\"elementor-element elementor-element-727e8e8 elementor-widget elementor-widget-text-editor\" data-id=\"727e8e8\" data-element_type=\"widget\" data-e-type=\"widget\" data-widget_type=\"text-editor.default\">\n\t\t\t\t<div class=\"elementor-widget-container\">\n\t\t\t\t\t\t\t\t\t<p>La exenci\u00f3n de Alternativas Basadas en el Hogar y la Comunidad (HCBA) ofrece servicios de gesti\u00f3n de la atenci\u00f3n a personas de cualquier edad que cumplen los requisitos para acceder a centros de enfermer\u00eda. HCBA ofrece servicios domiciliarios, incluyendo gesti\u00f3n continua de la atenci\u00f3n, derivaciones y servicios de cuidado personal a personas con Medi-Cal que requieren seguimiento regular.<\/p><p>El programa de exenci\u00f3n de HCBA ahora est\u00e1 siendo administrado por <a href=\"https:\/\/accesstlc.com\/\" target=\"_blank\" rel=\"noopener\">Acceso TLC<\/a>Se puede contactar con ellos al 800-852-9887.<\/p>\t\t\t\t\t\t\t\t<\/div>\n\t\t\t\t<\/div>\n\t\t\t\t<div class=\"elementor-element elementor-element-464d760 elementor-widget-divider--view-line elementor-widget elementor-widget-divider\" data-id=\"464d760\" data-element_type=\"widget\" data-e-type=\"widget\" data-widget_type=\"divider.default\">\n\t\t\t\t<div class=\"elementor-widget-container\">\n\t\t\t\t\t\t\t<div class=\"elementor-divider\">\n\t\t\t<span class=\"elementor-divider-separator\">\n\t\t\t\t\t\t<\/span>\n\t\t<\/div>\n\t\t\t\t\t\t<\/div>\n\t\t\t\t<\/div>\n\t\t\t\t<div class=\"elementor-element elementor-element-6a18e4e elementor-widget elementor-widget-menu-anchor\" data-id=\"6a18e4e\" data-element_type=\"widget\" data-e-type=\"widget\" data-widget_type=\"menu-anchor.default\">\n\t\t\t\t<div class=\"elementor-widget-container\">\n\t\t\t\t\t\t\t<div class=\"elementor-menu-anchor\" id=\"mssp\"><\/div>\n\t\t\t\t\t\t<\/div>\n\t\t\t\t<\/div>\n\t\t\t\t<div class=\"elementor-element elementor-element-a697b0e elementor-widget elementor-widget-heading\" data-id=\"a697b0e\" data-element_type=\"widget\" data-e-type=\"widget\" data-widget_type=\"heading.default\">\n\t\t\t\t<div class=\"elementor-widget-container\">\n\t\t\t\t\t<h2 class=\"elementor-heading-title elementor-size-default\">Programa de Servicios Multiprop\u00f3sito para Personas Mayores (MSSP)<\/h2>\t\t\t\t<\/div>\n\t\t\t\t<\/div>\n\t\t\t\t<div class=\"elementor-element elementor-element-8de7fe6 elementor-widget elementor-widget-text-editor\" data-id=\"8de7fe6\" data-element_type=\"widget\" data-e-type=\"widget\" data-widget_type=\"text-editor.default\">\n\t\t\t\t<div class=\"elementor-widget-container\">\n\t\t\t\t\t\t\t\t\t<p>La exenci\u00f3n del Programa de Servicios Multiprop\u00f3sito para Personas Mayores (MSSP) ofrece servicios a personas mayores de 65 a\u00f1os elegibles para Medi-Cal con discapacidad como alternativa a la internaci\u00f3n en un centro de enfermer\u00eda especializada. La exenci\u00f3n del MSSP permite que las personas permanezcan seguras en sus hogares.<\/p><p>MSSP ahora est\u00e1 siendo administrado por <a href=\"https:\/\/www.onegeneration.org\/care-management\/\" target=\"_blank\" rel=\"noopener\">UNA Generaci\u00f3n<\/a>. Pueden contactarlos al 818-708-6617.<\/p>\t\t\t\t\t\t\t\t<\/div>\n\t\t\t\t<\/div>\n\t\t\t\t\t<\/div>\n\t\t<\/div>\n\t\t\t\t\t<\/div>\n\t\t<\/section>\n\t\t\t\t<\/div>","protected":false},"excerpt":{"rendered":"<p>PAGE LINKS HCBA MSSP Case management programs provide services intended to help older adults and people with disabilities from having to go into nursing homes or care facilities. These programs [&hellip;]<\/p>\n","protected":false},"author":2,"featured_media":0,"parent":207,"menu_order":0,"comment_status":"closed","ping_status":"closed","template":"","meta":{"_seopress_robots_primary_cat":"","_seopress_titles_title":"","_seopress_titles_desc":"","_seopress_robots_index":"","footnotes":""},"class_list":["post-7393","page","type-page","status-publish","hentry"],"_links":{"self":[{"href":"https:\/\/vcaaa.venturacounty.gov\/es\/wp-json\/wp\/v2\/pages\/7393","targetHints":{"allow":["GET"]}}],"collection":[{"href":"https:\/\/vcaaa.venturacounty.gov\/es\/wp-json\/wp\/v2\/pages"}],"about":[{"href":"https:\/\/vcaaa.venturacounty.gov\/es\/wp-json\/wp\/v2\/types\/page"}],"author":[{"embeddable":true,"href":"https:\/\/vcaaa.venturacounty.gov\/es\/wp-json\/wp\/v2\/users\/2"}],"replies":[{"embeddable":true,"href":"https:\/\/vcaaa.venturacounty.gov\/es\/wp-json\/wp\/v2\/comments?post=7393"}],"version-history":[{"count":0,"href":"https:\/\/vcaaa.venturacounty.gov\/es\/wp-json\/wp\/v2\/pages\/7393\/revisions"}],"up":[{"embeddable":true,"href":"https:\/\/vcaaa.venturacounty.gov\/es\/wp-json\/wp\/v2\/pages\/207"}],"wp:attachment":[{"href":"https:\/\/vcaaa.venturacounty.gov\/es\/wp-json\/wp\/v2\/media?parent=7393"}],"curies":[{"name":"gracias","href":"https:\/\/api.w.org\/{rel}","templated":true}]}}