{"id":6792,"date":"2021-01-12T23:25:57","date_gmt":"2021-01-12T23:25:57","guid":{"rendered":"\/\/vcaaa.venturacounty.gov\/?page_id=6792"},"modified":"2025-03-05T12:56:58","modified_gmt":"2025-03-05T20:56:58","slug":"lgbt-aging-coalition-business-resources-training","status":"publish","type":"page","link":"https:\/\/vcaaa.venturacounty.gov\/es\/lgbt-aging\/lgbt-aging-coalition-business-resources-training\/","title":{"rendered":"Recursos y capacitaci\u00f3n empresarial de la Coalici\u00f3n para el Envejecimiento LGBT+"},"content":{"rendered":"<div data-elementor-type=\"wp-page\" data-elementor-id=\"6792\" class=\"elementor elementor-6792\" data-elementor-post-type=\"page\">\n\t\t\t\t\t\t<section class=\"elementor-section elementor-top-section elementor-element elementor-element-6d51b94d elementor-section-boxed elementor-section-height-default elementor-section-height-default\" data-id=\"6d51b94d\" data-element_type=\"section\" data-e-type=\"section\" data-settings=\"{&quot;jet_parallax_layout_list&quot;:[]}\">\n\t\t\t\t\t\t<div class=\"elementor-container elementor-column-gap-default\">\n\t\t\t\t\t<div class=\"elementor-column elementor-col-50 elementor-top-column elementor-element elementor-element-a6613b8\" data-id=\"a6613b8\" data-element_type=\"column\" data-e-type=\"column\">\n\t\t\t<div class=\"elementor-widget-wrap elementor-element-populated\">\n\t\t\t\t\t\t<div class=\"elementor-element elementor-element-3e65b49 elementor-widget elementor-widget-image\" data-id=\"3e65b49\" data-element_type=\"widget\" data-e-type=\"widget\" data-widget_type=\"image.default\">\n\t\t\t\t<div class=\"elementor-widget-container\">\n\t\t\t\t\t\t\t\t\t\t\t\t\t\t\t<img fetchpriority=\"high\" decoding=\"async\" width=\"800\" height=\"813\" src=\"https:\/\/vcaaa.venturacounty.gov\/wp-content\/uploads\/2023\/01\/LGBT-Aging-Coalition-HR-copy-1024x1040.jpg\" class=\"attachment-large size-large wp-image-7496\" alt=\"LGBT+ Aging Coalition logo\" srcset=\"https:\/\/vcaaa.venturacounty.gov\/wp-content\/uploads\/2023\/01\/LGBT-Aging-Coalition-HR-copy-1024x1040.jpg 1024w, https:\/\/vcaaa.venturacounty.gov\/wp-content\/uploads\/2023\/01\/LGBT-Aging-Coalition-HR-copy-480x487.jpg 480w, https:\/\/vcaaa.venturacounty.gov\/wp-content\/uploads\/2023\/01\/LGBT-Aging-Coalition-HR-copy-768x780.jpg 768w, https:\/\/vcaaa.venturacounty.gov\/wp-content\/uploads\/2023\/01\/LGBT-Aging-Coalition-HR-copy-1512x1536.jpg 1512w, https:\/\/vcaaa.venturacounty.gov\/wp-content\/uploads\/2023\/01\/LGBT-Aging-Coalition-HR-copy-2017x2048.jpg 2017w\" sizes=\"(max-width: 800px) 100vw, 800px\" \/>\t\t\t\t\t\t\t\t\t\t\t\t\t\t\t<\/div>\n\t\t\t\t<\/div>\n\t\t\t\t<div class=\"elementor-element elementor-element-498b648 elementor-widget elementor-widget-heading\" data-id=\"498b648\" data-element_type=\"widget\" data-e-type=\"widget\" data-widget_type=\"heading.default\">\n\t\t\t\t<div class=\"elementor-widget-container\">\n\t\t\t\t\t<h2 class=\"elementor-heading-title elementor-size-large\">MEN\u00da LGBT+ PARA ENVEJECIENTES<\/h2>\t\t\t\t<\/div>\n\t\t\t\t<\/div>\n\t\t\t\t<div class=\"elementor-element elementor-element-e925415 elementor-widget elementor-widget-global elementor-global-7450 elementor-widget-jet-custom-menu\" data-id=\"e925415\" data-element_type=\"widget\" data-e-type=\"widget\" data-widget_type=\"jet-custom-menu.default\">\n\t\t\t\t<div class=\"elementor-widget-container\">\n\t\t\t\t\t<div class=\"menu-lgbt-and-aging-container\"><div class=\"jet-custom-nav jet-custom-nav--dropdown-right-side jet-custom-nav--animation-fade\" data-trigger=\"hover\"><div class=\"menu-item menu-item-type-post_type menu-item-object-page jet-custom-nav__item jet-custom-nav__item-7447\"><a href=\"https:\/\/vcaaa.venturacounty.gov\/es\/lgbt-aging\/\" class=\"jet-custom-nav__item-link\"><span class=\"jet-menu-link-text\"><span class=\"jet-custom-item-label top-level-label\">Envejecimiento LGBT<\/span><\/span><\/a><\/div>\n<div class=\"menu-item menu-item-type-post_type menu-item-object-page jet-custom-nav__item jet-custom-nav__item-7448\"><a href=\"https:\/\/vcaaa.venturacounty.gov\/es\/lgbt-aging\/lgbt-aging-coalition-community-resources\/\" class=\"jet-custom-nav__item-link\"><span class=\"jet-menu-link-text\"><span class=\"jet-custom-item-label top-level-label\">&gt; Recursos comunitarios<\/span><\/span><\/a><\/div>\n<div class=\"menu-item menu-item-type-post_type menu-item-object-page jet-custom-nav__item jet-custom-nav__item-7449\"><a href=\"https:\/\/vcaaa.venturacounty.gov\/es\/lgbt-aging\/lgbt-aging-coalition-business-resources-training\/\" class=\"jet-custom-nav__item-link\"><span class=\"jet-menu-link-text\"><span class=\"jet-custom-item-label top-level-label\">&gt; Recursos y capacitaci\u00f3n empresarial<\/span><\/span><\/a><\/div>\n<\/div><\/div>\t\t\t\t<\/div>\n\t\t\t\t<\/div>\n\t\t\t\t\t<\/div>\n\t\t<\/div>\n\t\t\t\t<div class=\"elementor-column elementor-col-50 elementor-top-column elementor-element elementor-element-580be7ae\" data-id=\"580be7ae\" data-element_type=\"column\" data-e-type=\"column\">\n\t\t\t<div class=\"elementor-widget-wrap elementor-element-populated\">\n\t\t\t\t\t\t<div class=\"elementor-element elementor-element-1510811 elementor-widget elementor-widget-image\" data-id=\"1510811\" data-element_type=\"widget\" data-e-type=\"widget\" data-widget_type=\"image.default\">\n\t\t\t\t<div class=\"elementor-widget-container\">\n\t\t\t\t\t\t\t\t\t\t\t\t\t\t\t<img decoding=\"async\" width=\"1600\" height=\"20\" src=\"https:\/\/vcaaa.venturacounty.gov\/wp-content\/uploads\/2022\/10\/lgbt-divider.jpg\" class=\"attachment-full size-full wp-image-7255\" alt=\"&quot;&quot;\" srcset=\"https:\/\/vcaaa.venturacounty.gov\/wp-content\/uploads\/2022\/10\/lgbt-divider.jpg 1600w, https:\/\/vcaaa.venturacounty.gov\/wp-content\/uploads\/2022\/10\/lgbt-divider-480x6.jpg 480w, https:\/\/vcaaa.venturacounty.gov\/wp-content\/uploads\/2022\/10\/lgbt-divider-1024x13.jpg 1024w, https:\/\/vcaaa.venturacounty.gov\/wp-content\/uploads\/2022\/10\/lgbt-divider-768x10.jpg 768w, https:\/\/vcaaa.venturacounty.gov\/wp-content\/uploads\/2022\/10\/lgbt-divider-1536x19.jpg 1536w\" sizes=\"(max-width: 1600px) 100vw, 1600px\" \/>\t\t\t\t\t\t\t\t\t\t\t\t\t\t\t<\/div>\n\t\t\t\t<\/div>\n\t\t\t\t<div class=\"elementor-element elementor-element-628ab6a7 elementor-widget elementor-widget-text-editor\" data-id=\"628ab6a7\" data-element_type=\"widget\" data-e-type=\"widget\" data-widget_type=\"text-editor.default\">\n\t\t\t\t<div class=\"elementor-widget-container\">\n\t\t\t\t\t\t\t\t\t<p><span style=\"color: #008080;\">\" <a href=\"https:\/\/vcaaa.venturacounty.gov\/es\/lgbt-aging\/lgbt-friendly-business-application\/\">Programe una sesi\u00f3n de capacitaci\u00f3n para que su empresa sea designada LGBT+ Friendly <\/a><\/span><\/p><p class=\"x_MsoNormal\">La capacitaci\u00f3n empresarial de la Coalici\u00f3n para el Envejecimiento LGBT+ del Condado de Ventura es un programa educativo dise\u00f1ado para el personal de empresas y organizaciones de servicios, as\u00ed como para todas las dem\u00e1s empresas comunitarias que atienden a personas mayores. Esta capacitaci\u00f3n ayuda a las organizaciones a concientizar sobre las problem\u00e1ticas del envejecimiento LGBT+ y garantiza que brinden un espacio acogedor, seguro e inclusivo para las personas mayores LGBT+ y sus familias.<\/p><p><strong>Objetivos del entrenamiento<\/strong><\/p><p><b><\/b>1. Define las identidades que componen el acr\u00f3nimo LGBT+<br \/>2. Diferenciar entre orientaci\u00f3n sexual y g\u00e9nero<br \/>3. Identificar pr\u00e1cticas de autoidentificaci\u00f3n a trav\u00e9s de la educaci\u00f3n de pronombres.<br \/>4. Discuta la historia y el estigma contra las personas LGBT+<br \/>5. Comprender c\u00f3mo crear un proceso de admisi\u00f3n inclusivo<\/p><p class=\"x_MsoNormal\">Las capacitaciones se pueden personalizar para su organizaci\u00f3n\/negocio y actualmente se programan virtualmente a trav\u00e9s de Zoom o en persona.<\/p><p>A continuaci\u00f3n, se muestran avances en video de las capacitaciones disponibles actualmente. Puede hacer clic en el video que desee para ver la vista previa.<\/p><p><span style=\"color: #008080;\">\" <\/span><a href=\"https:\/\/youtu.be\/DsIivJUKk-8\" target=\"_blank\" rel=\"noopener\">Formaci\u00f3n de la Coalici\u00f3n LGBT+ para el Envejecimiento: La Historia<\/a><br \/><span style=\"color: #008080;\">\" <\/span><a href=\"https:\/\/youtu.be\/4rVDjWROD4M\" target=\"_blank\" rel=\"noopener\"><span style=\"color: #0000ff;\">Capacitaci\u00f3n de la Coalici\u00f3n LGBT+ para Personas Mayores: Un Entorno Amigable<\/span><\/a><br \/><span style=\"color: #008080;\">\" <\/span><a href=\"https:\/\/youtu.be\/FNsooHCyoHw\" target=\"_blank\" rel=\"noopener\">Capacitaci\u00f3n de la Coalici\u00f3n LGBT+ para Personas Mayores: Acr\u00f3nimos y Comunidades<\/a><br \/><span style=\"color: #008080;\">\" <\/span><a href=\"https:\/\/youtu.be\/86frYlBsLJc\" target=\"_blank\" rel=\"noopener\">Capacitaci\u00f3n de la Coalici\u00f3n LGBT+ para el Envejecimiento: Pronombres<\/a><br \/><span style=\"color: #008080;\">\" <\/span><a href=\"https:\/\/youtu.be\/5vUS2q3U7nU\" target=\"_blank\" rel=\"noopener\">Capacitaci\u00f3n de la Coalici\u00f3n LGBT+ para Personas Mayores: Proceso de Admisi\u00f3n<\/a><br \/><span style=\"color: #008080;\">\" <\/span><a href=\"https:\/\/youtu.be\/LW7QN3pwaHE\" target=\"_blank\" rel=\"noopener\">Capacitaci\u00f3n de la Coalici\u00f3n LGBT+ para el Envejecimiento: Identidad sexual e identidad de g\u00e9nero<\/a><\/p><p class=\"x_MsoNormal\"><span style=\"color: #008080;\">\" <a href=\"https:\/\/vcaaa.venturacounty.gov\/es\/lgbt-aging\/lgbt-friendly-business-application\/\">Programe una sesi\u00f3n de capacitaci\u00f3n para que su empresa sea designada LGBT+ Friendly<\/a><\/span><\/p><p class=\"x_MsoNormal\">Para obtener m\u00e1s informaci\u00f3n, comun\u00edquese con Martha Shapiro en <a href=\"mailto:mshapiro@seniorconcerns.org\" target=\"_blank\" rel=\"noopener noreferrer\" data-auth=\"NotApplicable\">mshapiro@seniorconcerns.org<\/a> o 805-497-0189.<\/p>\t\t\t\t\t\t\t\t<\/div>\n\t\t\t\t<\/div>\n\t\t\t\t\t<\/div>\n\t\t<\/div>\n\t\t\t\t\t<\/div>\n\t\t<\/section>\n\t\t\t\t<\/div>","protected":false},"excerpt":{"rendered":"<p>LGBT+ AGING MENU LGBT+ Aging > Community Resources > Business Resources &#038; Training \u00bb Schedule a training session to have your company designated LGBT+ Friendly LGBT+ Aging Coalition of Ventura [&hellip;]<\/p>\n","protected":false},"author":2,"featured_media":0,"parent":6790,"menu_order":0,"comment_status":"closed","ping_status":"closed","template":"","meta":{"_seopress_robots_primary_cat":"","_seopress_titles_title":"","_seopress_titles_desc":"","_seopress_robots_index":"","_seopress_analysis_target_kw":"","footnotes":""},"class_list":["post-6792","page","type-page","status-publish","hentry"],"_links":{"self":[{"href":"https:\/\/vcaaa.venturacounty.gov\/es\/wp-json\/wp\/v2\/pages\/6792","targetHints":{"allow":["GET"]}}],"collection":[{"href":"https:\/\/vcaaa.venturacounty.gov\/es\/wp-json\/wp\/v2\/pages"}],"about":[{"href":"https:\/\/vcaaa.venturacounty.gov\/es\/wp-json\/wp\/v2\/types\/page"}],"author":[{"embeddable":true,"href":"https:\/\/vcaaa.venturacounty.gov\/es\/wp-json\/wp\/v2\/users\/2"}],"replies":[{"embeddable":true,"href":"https:\/\/vcaaa.venturacounty.gov\/es\/wp-json\/wp\/v2\/comments?post=6792"}],"version-history":[{"count":0,"href":"https:\/\/vcaaa.venturacounty.gov\/es\/wp-json\/wp\/v2\/pages\/6792\/revisions"}],"up":[{"embeddable":true,"href":"https:\/\/vcaaa.venturacounty.gov\/es\/wp-json\/wp\/v2\/pages\/6790"}],"wp:attachment":[{"href":"https:\/\/vcaaa.venturacounty.gov\/es\/wp-json\/wp\/v2\/media?parent=6792"}],"curies":[{"name":"gracias","href":"https:\/\/api.w.org\/{rel}","templated":true}]}}