{"id":6790,"date":"2021-01-12T22:49:17","date_gmt":"2021-01-12T22:49:17","guid":{"rendered":"\/\/vcaaa.venturacounty.gov\/?page_id=6790"},"modified":"2024-12-04T10:12:00","modified_gmt":"2024-12-04T18:12:00","slug":"lgbt-aging","status":"publish","type":"page","link":"https:\/\/vcaaa.venturacounty.gov\/es\/lgbt-aging\/","title":{"rendered":"Coalici\u00f3n LGBT+ para el Envejecimiento del Condado de Ventura"},"content":{"rendered":"<div data-elementor-type=\"wp-page\" data-elementor-id=\"6790\" class=\"elementor elementor-6790\" data-elementor-post-type=\"page\">\n\t\t\t\t\t\t<section class=\"elementor-section elementor-top-section elementor-element elementor-element-7e791b19 elementor-section-boxed elementor-section-height-default elementor-section-height-default\" data-id=\"7e791b19\" data-element_type=\"section\" data-e-type=\"section\" data-settings=\"{&quot;jet_parallax_layout_list&quot;:[]}\">\n\t\t\t\t\t\t<div class=\"elementor-container elementor-column-gap-default\">\n\t\t\t\t\t<div class=\"elementor-column elementor-col-50 elementor-top-column elementor-element elementor-element-12a6551\" data-id=\"12a6551\" data-element_type=\"column\" data-e-type=\"column\">\n\t\t\t<div class=\"elementor-widget-wrap elementor-element-populated\">\n\t\t\t\t\t\t<div class=\"elementor-element elementor-element-3388198 elementor-widget elementor-widget-image\" data-id=\"3388198\" data-element_type=\"widget\" data-e-type=\"widget\" data-widget_type=\"image.default\">\n\t\t\t\t<div class=\"elementor-widget-container\">\n\t\t\t\t\t\t\t\t\t\t\t\t\t\t\t<img fetchpriority=\"high\" decoding=\"async\" width=\"800\" height=\"813\" src=\"https:\/\/vcaaa.venturacounty.gov\/wp-content\/uploads\/2023\/01\/LGBT-Aging-Coalition-HR-copy-1024x1040.jpg\" class=\"attachment-large size-large wp-image-7496\" alt=\"LGBT+ Aging Coalition logo\" srcset=\"https:\/\/vcaaa.venturacounty.gov\/wp-content\/uploads\/2023\/01\/LGBT-Aging-Coalition-HR-copy-1024x1040.jpg 1024w, https:\/\/vcaaa.venturacounty.gov\/wp-content\/uploads\/2023\/01\/LGBT-Aging-Coalition-HR-copy-480x487.jpg 480w, https:\/\/vcaaa.venturacounty.gov\/wp-content\/uploads\/2023\/01\/LGBT-Aging-Coalition-HR-copy-768x780.jpg 768w, https:\/\/vcaaa.venturacounty.gov\/wp-content\/uploads\/2023\/01\/LGBT-Aging-Coalition-HR-copy-1512x1536.jpg 1512w, https:\/\/vcaaa.venturacounty.gov\/wp-content\/uploads\/2023\/01\/LGBT-Aging-Coalition-HR-copy-2017x2048.jpg 2017w\" sizes=\"(max-width: 800px) 100vw, 800px\" \/>\t\t\t\t\t\t\t\t\t\t\t\t\t\t\t<\/div>\n\t\t\t\t<\/div>\n\t\t\t\t<div class=\"elementor-element elementor-element-430b907 elementor-widget elementor-widget-heading\" data-id=\"430b907\" data-element_type=\"widget\" data-e-type=\"widget\" data-widget_type=\"heading.default\">\n\t\t\t\t<div class=\"elementor-widget-container\">\n\t\t\t\t\t<h2 class=\"elementor-heading-title elementor-size-large\">MEN\u00da LGBT+ PARA ENVEJECIENTES<\/h2>\t\t\t\t<\/div>\n\t\t\t\t<\/div>\n\t\t\t\t<div class=\"elementor-element elementor-element-4a6b57f elementor-widget elementor-widget-global elementor-global-7450 elementor-widget-jet-custom-menu\" data-id=\"4a6b57f\" data-element_type=\"widget\" data-e-type=\"widget\" data-widget_type=\"jet-custom-menu.default\">\n\t\t\t\t<div class=\"elementor-widget-container\">\n\t\t\t\t\t<div class=\"menu-lgbt-and-aging-container\"><div class=\"jet-custom-nav jet-custom-nav--dropdown-right-side jet-custom-nav--animation-fade\" data-trigger=\"hover\"><div class=\"menu-item menu-item-type-post_type menu-item-object-page jet-custom-nav__item jet-custom-nav__item-7447\"><a href=\"https:\/\/vcaaa.venturacounty.gov\/es\/lgbt-aging\/\" class=\"jet-custom-nav__item-link\"><span class=\"jet-menu-link-text\"><span class=\"jet-custom-item-label top-level-label\">Envejecimiento LGBT<\/span><\/span><\/a><\/div>\n<div class=\"menu-item menu-item-type-post_type menu-item-object-page jet-custom-nav__item jet-custom-nav__item-7448\"><a href=\"https:\/\/vcaaa.venturacounty.gov\/es\/lgbt-aging\/lgbt-aging-coalition-community-resources\/\" class=\"jet-custom-nav__item-link\"><span class=\"jet-menu-link-text\"><span class=\"jet-custom-item-label top-level-label\">&gt; Recursos comunitarios<\/span><\/span><\/a><\/div>\n<div class=\"menu-item menu-item-type-post_type menu-item-object-page jet-custom-nav__item jet-custom-nav__item-7449\"><a href=\"https:\/\/vcaaa.venturacounty.gov\/es\/lgbt-aging\/lgbt-aging-coalition-business-resources-training\/\" class=\"jet-custom-nav__item-link\"><span class=\"jet-menu-link-text\"><span class=\"jet-custom-item-label top-level-label\">&gt; Recursos y capacitaci\u00f3n empresarial<\/span><\/span><\/a><\/div>\n<\/div><\/div>\t\t\t\t<\/div>\n\t\t\t\t<\/div>\n\t\t\t\t\t<\/div>\n\t\t<\/div>\n\t\t\t\t<div class=\"elementor-column elementor-col-50 elementor-top-column elementor-element elementor-element-748dfc7a\" data-id=\"748dfc7a\" data-element_type=\"column\" data-e-type=\"column\">\n\t\t\t<div class=\"elementor-widget-wrap elementor-element-populated\">\n\t\t\t\t\t\t<div class=\"elementor-element elementor-element-972218d elementor-widget elementor-widget-image\" data-id=\"972218d\" data-element_type=\"widget\" data-e-type=\"widget\" data-widget_type=\"image.default\">\n\t\t\t\t<div class=\"elementor-widget-container\">\n\t\t\t\t\t\t\t\t\t\t\t\t\t\t\t<img decoding=\"async\" width=\"1600\" height=\"20\" src=\"https:\/\/vcaaa.venturacounty.gov\/wp-content\/uploads\/2022\/10\/lgbt-divider.jpg\" class=\"attachment-full size-full wp-image-7255\" alt=\"&quot;&quot;\" srcset=\"https:\/\/vcaaa.venturacounty.gov\/wp-content\/uploads\/2022\/10\/lgbt-divider.jpg 1600w, https:\/\/vcaaa.venturacounty.gov\/wp-content\/uploads\/2022\/10\/lgbt-divider-480x6.jpg 480w, https:\/\/vcaaa.venturacounty.gov\/wp-content\/uploads\/2022\/10\/lgbt-divider-1024x13.jpg 1024w, https:\/\/vcaaa.venturacounty.gov\/wp-content\/uploads\/2022\/10\/lgbt-divider-768x10.jpg 768w, https:\/\/vcaaa.venturacounty.gov\/wp-content\/uploads\/2022\/10\/lgbt-divider-1536x19.jpg 1536w\" sizes=\"(max-width: 1600px) 100vw, 1600px\" \/>\t\t\t\t\t\t\t\t\t\t\t\t\t\t\t<\/div>\n\t\t\t\t<\/div>\n\t\t\t\t<div class=\"elementor-element elementor-element-1a5b380a elementor-widget elementor-widget-text-editor\" data-id=\"1a5b380a\" data-element_type=\"widget\" data-e-type=\"widget\" data-widget_type=\"text-editor.default\">\n\t\t\t\t<div class=\"elementor-widget-container\">\n\t\t\t\t\t\t\t\t\t<p>La Coalici\u00f3n de Envejecimiento LGBT+ del Condado de Ventura es un programa de la Agencia del \u00c1rea sobre el Envejecimiento del Condado de Ventura.<\/p><p><strong>Misi\u00f3n<\/strong>:La Coalici\u00f3n de Envejecimiento LGBT+ del Condado de Ventura brinda educaci\u00f3n y defensa para crear un Condado de Ventura amigable con los LGBT+.<\/p><p><strong>Fondo<\/strong>Formada a finales de 2015, la Coalici\u00f3n para el Envejecimiento LGBT+ reuni\u00f3 a aliados y miembros de la comunidad LGBT+ para abordar las necesidades \u00fanicas de nuestra comunidad LGBT+ envejeciente en el condado de Ventura. Los adultos mayores LGBT+ de esta comunidad enfrentan desaf\u00edos complejos, adem\u00e1s de las necesidades propias del envejecimiento, que contribuyen a su dependencia de servicios externos, como la discriminaci\u00f3n, el estigma y los prejuicios de los proveedores de servicios a los que recurren para cubrir necesidades, a menudo muy personales.<\/p><p>La Coalici\u00f3n para el Envejecimiento LGBT+ del Condado de Ventura cree que todas las personas merecen la oportunidad de envejecer con dignidad, sin discriminaci\u00f3n y rodeadas no solo de sus seres queridos, sino tambi\u00e9n de proveedores de servicios que atiendan sus necesidades. La Coalici\u00f3n participa en eventos comunitarios que resaltan las experiencias y la resiliencia de los miembros de la comunidad LGBT+ de edad avanzada. Tambi\u00e9n brindamos capacitaci\u00f3n a los proveedores de servicios sobre pr\u00e1cticas centradas en el cliente, con el objetivo de crear espacios acogedores y afirmativos donde las personas mayores LGBT+ se sientan c\u00f3modas compartiendo sus necesidades. La Coalici\u00f3n cree que esta educaci\u00f3n y concientizaci\u00f3n fomenta la dignidad y el respeto, lo que resulta en servicios m\u00e1s acogedores y accesibles para que las personas LGBT+ puedan prosperar a medida que envejecen en la comunidad.<\/p>\t\t\t\t\t\t\t\t<\/div>\n\t\t\t\t<\/div>\n\t\t\t\t<div class=\"elementor-element elementor-element-aaa7e88 elementor-widget elementor-widget-video\" data-id=\"aaa7e88\" data-element_type=\"widget\" data-e-type=\"widget\" data-settings=\"{&quot;youtube_url&quot;:&quot;https:\\\/\\\/www.youtube.com\\\/watch?v=T2_eXagILzQ&quot;,&quot;video_type&quot;:&quot;youtube&quot;,&quot;controls&quot;:&quot;yes&quot;}\" data-widget_type=\"video.default\">\n\t\t\t\t<div class=\"elementor-widget-container\">\n\t\t\t\t\t\t\t<div class=\"elementor-wrapper elementor-open-inline\">\n\t\t\t<div class=\"elementor-video\"><\/div>\t\t<\/div>\n\t\t\t\t\t\t<\/div>\n\t\t\t\t<\/div>\n\t\t\t\t\t<\/div>\n\t\t<\/div>\n\t\t\t\t\t<\/div>\n\t\t<\/section>\n\t\t\t\t<\/div>","protected":false},"excerpt":{"rendered":"<p>LGBT+ AGING MENU LGBT+ Aging &gt; Community Resources &gt; Business Resources &amp; Training The LGBT+ Aging Coalition of Ventura County is a program of the Ventura County Area Agency on [&hellip;]<\/p>\n","protected":false},"author":2,"featured_media":0,"parent":0,"menu_order":0,"comment_status":"closed","ping_status":"closed","template":"","meta":{"_seopress_robots_primary_cat":"","_seopress_titles_title":"","_seopress_titles_desc":"","_seopress_robots_index":"","footnotes":""},"class_list":["post-6790","page","type-page","status-publish","hentry"],"_links":{"self":[{"href":"https:\/\/vcaaa.venturacounty.gov\/es\/wp-json\/wp\/v2\/pages\/6790","targetHints":{"allow":["GET"]}}],"collection":[{"href":"https:\/\/vcaaa.venturacounty.gov\/es\/wp-json\/wp\/v2\/pages"}],"about":[{"href":"https:\/\/vcaaa.venturacounty.gov\/es\/wp-json\/wp\/v2\/types\/page"}],"author":[{"embeddable":true,"href":"https:\/\/vcaaa.venturacounty.gov\/es\/wp-json\/wp\/v2\/users\/2"}],"replies":[{"embeddable":true,"href":"https:\/\/vcaaa.venturacounty.gov\/es\/wp-json\/wp\/v2\/comments?post=6790"}],"version-history":[{"count":0,"href":"https:\/\/vcaaa.venturacounty.gov\/es\/wp-json\/wp\/v2\/pages\/6790\/revisions"}],"wp:attachment":[{"href":"https:\/\/vcaaa.venturacounty.gov\/es\/wp-json\/wp\/v2\/media?parent=6790"}],"curies":[{"name":"gracias","href":"https:\/\/api.w.org\/{rel}","templated":true}]}}