{"id":6596,"date":"2020-08-22T18:00:04","date_gmt":"2020-08-22T18:00:04","guid":{"rendered":"\/\/vcaaa.venturacounty.gov\/?page_id=6596"},"modified":"2024-12-04T10:09:42","modified_gmt":"2024-12-04T18:09:42","slug":"dementia-friendly-ventura","status":"publish","type":"page","link":"https:\/\/vcaaa.venturacounty.gov\/es\/dementia-friendly-ventura\/","title":{"rendered":"Condado de Ventura amigable con la demencia"},"content":{"rendered":"<div data-elementor-type=\"wp-page\" data-elementor-id=\"6596\" class=\"elementor elementor-6596\" data-elementor-post-type=\"page\">\n\t\t\t\t\t\t<section class=\"elementor-section elementor-top-section elementor-element elementor-element-20df20e5 elementor-section-boxed elementor-section-height-default elementor-section-height-default\" data-id=\"20df20e5\" data-element_type=\"section\" data-e-type=\"section\" data-settings=\"{&quot;jet_parallax_layout_list&quot;:[]}\">\n\t\t\t\t\t\t<div class=\"elementor-container elementor-column-gap-no\">\n\t\t\t\t\t<div class=\"elementor-column elementor-col-50 elementor-top-column elementor-element elementor-element-582408d\" data-id=\"582408d\" data-element_type=\"column\" data-e-type=\"column\">\n\t\t\t<div class=\"elementor-widget-wrap elementor-element-populated\">\n\t\t\t\t\t\t<div class=\"elementor-element elementor-element-e6c603b elementor-widget elementor-widget-image\" data-id=\"e6c603b\" data-element_type=\"widget\" data-e-type=\"widget\" data-widget_type=\"image.default\">\n\t\t\t\t<div class=\"elementor-widget-container\">\n\t\t\t\t\t\t\t\t\t\t\t\t\t\t\t<img fetchpriority=\"high\" decoding=\"async\" width=\"800\" height=\"252\" src=\"https:\/\/vcaaa.venturacounty.gov\/wp-content\/uploads\/2023\/01\/DFVC-Logo-1024x323.jpg\" class=\"attachment-large size-large wp-image-7495\" alt=\"Dementia Friendly Ventura County logo\" srcset=\"https:\/\/vcaaa.venturacounty.gov\/wp-content\/uploads\/2023\/01\/DFVC-Logo-1024x323.jpg 1024w, https:\/\/vcaaa.venturacounty.gov\/wp-content\/uploads\/2023\/01\/DFVC-Logo-480x151.jpg 480w, https:\/\/vcaaa.venturacounty.gov\/wp-content\/uploads\/2023\/01\/DFVC-Logo-768x242.jpg 768w, https:\/\/vcaaa.venturacounty.gov\/wp-content\/uploads\/2023\/01\/DFVC-Logo-1536x485.jpg 1536w, https:\/\/vcaaa.venturacounty.gov\/wp-content\/uploads\/2023\/01\/DFVC-Logo-2048x646.jpg 2048w\" sizes=\"(max-width: 800px) 100vw, 800px\" \/>\t\t\t\t\t\t\t\t\t\t\t\t\t\t\t<\/div>\n\t\t\t\t<\/div>\n\t\t\t\t<div class=\"elementor-element elementor-element-5dedbc5 elementor-widget elementor-widget-heading\" data-id=\"5dedbc5\" data-element_type=\"widget\" data-e-type=\"widget\" data-widget_type=\"heading.default\">\n\t\t\t\t<div class=\"elementor-widget-container\">\n\t\t\t\t\t<h2 class=\"elementor-heading-title elementor-size-default\">MEN\u00da APTO PARA PERSONAS CON DEMENCIA<\/h2>\t\t\t\t<\/div>\n\t\t\t\t<\/div>\n\t\t\t\t<div class=\"elementor-element elementor-element-7ca0887 elementor-widget elementor-widget-global elementor-global-7372 elementor-widget-jet-custom-menu\" data-id=\"7ca0887\" data-element_type=\"widget\" data-e-type=\"widget\" data-widget_type=\"jet-custom-menu.default\">\n\t\t\t\t<div class=\"elementor-widget-container\">\n\t\t\t\t\t<div class=\"menu-dementia-menu-container\"><div class=\"jet-custom-nav jet-custom-nav--dropdown-right-side jet-custom-nav--animation-fade\" data-trigger=\"hover\"><div class=\"menu-item menu-item-type-post_type menu-item-object-page jet-custom-nav__item jet-custom-nav__item-7367\"><a href=\"https:\/\/vcaaa.venturacounty.gov\/es\/dementia-friendly-ventura\/\" class=\"jet-custom-nav__item-link\"><span class=\"jet-menu-link-text\"><span class=\"jet-custom-item-label top-level-label\">Condado de Ventura amigable con la demencia<\/span><\/span><\/a><\/div>\n<div class=\"menu-item menu-item-type-post_type menu-item-object-page jet-custom-nav__item jet-custom-nav__item-7368\"><a href=\"https:\/\/vcaaa.venturacounty.gov\/es\/dementia-friendly-ventura\/community-resources\/\" class=\"jet-custom-nav__item-link\"><span class=\"jet-menu-link-text\"><span class=\"jet-custom-item-label top-level-label\">&gt; Recursos comunitarios<\/span><\/span><\/a><\/div>\n<div class=\"menu-item menu-item-type-post_type menu-item-object-page jet-custom-nav__item jet-custom-nav__item-7369\"><a href=\"https:\/\/vcaaa.venturacounty.gov\/es\/dementia-friendly-ventura\/business-resources-training\/\" class=\"jet-custom-nav__item-link\"><span class=\"jet-menu-link-text\"><span class=\"jet-custom-item-label top-level-label\">&gt; Recursos y capacitaci\u00f3n empresarial<\/span><\/span><\/a><\/div>\n<div class=\"menu-item menu-item-type-post_type menu-item-object-page jet-custom-nav__item jet-custom-nav__item-7370\"><a href=\"https:\/\/vcaaa.venturacounty.gov\/es\/dementia-friendly-ventura\/dementia-friendly-business-application\/\" class=\"jet-custom-nav__item-link\"><span class=\"jet-menu-link-text\"><span class=\"jet-custom-item-label top-level-label\">&gt; Aplicaci\u00f3n empresarial<\/span><\/span><\/a><\/div>\n<div class=\"menu-item menu-item-type-post_type menu-item-object-page jet-custom-nav__item jet-custom-nav__item-7667\"><a href=\"https:\/\/vcaaa.venturacounty.gov\/es\/dementia-friendly-ventura\/dementia-friendly-business-locator-2\/\" class=\"jet-custom-nav__item-link\"><span class=\"jet-menu-link-text\"><span class=\"jet-custom-item-label top-level-label\">&gt; Localizador de empresas<\/span><\/span><\/a><\/div>\n<\/div><\/div>\t\t\t\t<\/div>\n\t\t\t\t<\/div>\n\t\t\t\t\t<\/div>\n\t\t<\/div>\n\t\t\t\t<div class=\"elementor-column elementor-col-50 elementor-top-column elementor-element elementor-element-6df71c30\" data-id=\"6df71c30\" data-element_type=\"column\" data-e-type=\"column\">\n\t\t\t<div class=\"elementor-widget-wrap elementor-element-populated\">\n\t\t\t\t\t\t<div class=\"elementor-element elementor-element-6a8bc47f elementor-widget elementor-widget-text-editor\" data-id=\"6a8bc47f\" data-element_type=\"widget\" data-e-type=\"widget\" data-widget_type=\"text-editor.default\">\n\t\t\t\t<div class=\"elementor-widget-container\">\n\t\t\t\t\t\t\t\t\t<p>La enfermedad de Alzheimer representa entre el 60 % y el 80 % de los casos de demencia y actualmente afecta a aproximadamente 720\u00a0000 californianos (el 121 % de los adultos mayores de 65 a\u00f1os). Se prev\u00e9 que esta cifra aumente a 1,5 millones para el a\u00f1o 2040.<\/p><p>Para ayudar a educar al p\u00fablico acerca de tener comprensi\u00f3n, tolerancia y paciencia, y defender al creciente n\u00famero de adultos mayores con esta enfermedad, la VCAAA lanz\u00f3 Dementia Friendly Ventura County (DFVC).<\/p><p>Los objetivos de DFVC son:<\/p><ul><li><strong>Para crear<\/strong> Un condado donde las personas con demencia y enfermedad de Alzheimer sean valoradas y respetadas, se sientan seguras y sus cuidadores reciban apoyo.<\/li><li><strong>Para educar<\/strong> e informar a todas las entidades que sirven al p\u00fablico sobre las necesidades \u00fanicas de esta poblaci\u00f3n para servirles y apoyarlos mejor.<\/li><li><strong>Para promover<\/strong> Conciencia de la comunidad sobre la condici\u00f3n y c\u00f3mo las personas y las empresas pueden marcar una diferencia positiva<\/li><\/ul><p><br \/>La VCAAA es una de las cuatro organizaciones en California certificadas por <a href=\"https:\/\/dfamerica.org\/\" target=\"_blank\" rel=\"noopener\">Am\u00e9rica amigable con la demencia<\/a>\u00ae, una iniciativa surgida de la Conferencia de la Casa Blanca sobre el Envejecimiento de 2015 para abordar la epidemia nacional y mundial de la enfermedad de Alzheimer y la demencia.<\/p>\t\t\t\t\t\t\t\t<\/div>\n\t\t\t\t<\/div>\n\t\t\t\t<div class=\"elementor-element elementor-element-cddfdeb elementor-widget elementor-widget-video\" data-id=\"cddfdeb\" data-element_type=\"widget\" data-e-type=\"widget\" data-settings=\"{&quot;youtube_url&quot;:&quot;https:\\\/\\\/youtu.be\\\/kxqdwtiK-j0&quot;,&quot;video_type&quot;:&quot;youtube&quot;,&quot;controls&quot;:&quot;yes&quot;}\" data-widget_type=\"video.default\">\n\t\t\t\t<div class=\"elementor-widget-container\">\n\t\t\t\t\t\t\t<div class=\"elementor-wrapper elementor-open-inline\">\n\t\t\t<div class=\"elementor-video\"><\/div>\t\t<\/div>\n\t\t\t\t\t\t<\/div>\n\t\t\t\t<\/div>\n\t\t\t\t<div class=\"elementor-element elementor-element-a7c9c7e elementor-widget elementor-widget-text-editor\" data-id=\"a7c9c7e\" data-element_type=\"widget\" data-e-type=\"widget\" data-widget_type=\"text-editor.default\">\n\t\t\t\t<div class=\"elementor-widget-container\">\n\t\t\t\t\t\t\t\t\t<p>El siguiente video corto, \u201cPeque\u00f1os cambios ayudan a crear una comunidad amigable con la demencia\u201d, de la Sociedad de Alzheimer, muestra a Mary mientras conoce a personas en su comunidad y c\u00f3mo un poco de tiempo y consideraci\u00f3n para las personas que viven con demencia puede marcar la diferencia en sus vidas diarias.<\/p>\t\t\t\t\t\t\t\t<\/div>\n\t\t\t\t<\/div>\n\t\t\t\t<div class=\"elementor-element elementor-element-2ddc4fc elementor-widget elementor-widget-video\" data-id=\"2ddc4fc\" data-element_type=\"widget\" data-e-type=\"widget\" data-settings=\"{&quot;youtube_url&quot;:&quot;https:\\\/\\\/www.youtube.com\\\/watch?v=Fz8ACEu7Lho&quot;,&quot;video_type&quot;:&quot;youtube&quot;,&quot;controls&quot;:&quot;yes&quot;}\" data-widget_type=\"video.default\">\n\t\t\t\t<div class=\"elementor-widget-container\">\n\t\t\t\t\t\t\t<div class=\"elementor-wrapper elementor-open-inline\">\n\t\t\t<div class=\"elementor-video\"><\/div>\t\t<\/div>\n\t\t\t\t\t\t<\/div>\n\t\t\t\t<\/div>\n\t\t\t\t\t<\/div>\n\t\t<\/div>\n\t\t\t\t\t<\/div>\n\t\t<\/section>\n\t\t\t\t<\/div>","protected":false},"excerpt":{"rendered":"<p>DEMENTIA FRIENDLY MENU Dementia Friendly Ventura County &gt; Community Resources &gt; Business Resources &amp; Training &gt; Business Application &gt; Business Locator Alzheimer&#8217;s Disease accounts for 60 to 80 percent of [&hellip;]<\/p>\n","protected":false},"author":2,"featured_media":0,"parent":0,"menu_order":0,"comment_status":"closed","ping_status":"closed","template":"","meta":{"_seopress_robots_primary_cat":"","_seopress_titles_title":"","_seopress_titles_desc":"","_seopress_robots_index":"","footnotes":""},"class_list":["post-6596","page","type-page","status-publish","hentry"],"_links":{"self":[{"href":"https:\/\/vcaaa.venturacounty.gov\/es\/wp-json\/wp\/v2\/pages\/6596","targetHints":{"allow":["GET"]}}],"collection":[{"href":"https:\/\/vcaaa.venturacounty.gov\/es\/wp-json\/wp\/v2\/pages"}],"about":[{"href":"https:\/\/vcaaa.venturacounty.gov\/es\/wp-json\/wp\/v2\/types\/page"}],"author":[{"embeddable":true,"href":"https:\/\/vcaaa.venturacounty.gov\/es\/wp-json\/wp\/v2\/users\/2"}],"replies":[{"embeddable":true,"href":"https:\/\/vcaaa.venturacounty.gov\/es\/wp-json\/wp\/v2\/comments?post=6596"}],"version-history":[{"count":0,"href":"https:\/\/vcaaa.venturacounty.gov\/es\/wp-json\/wp\/v2\/pages\/6596\/revisions"}],"wp:attachment":[{"href":"https:\/\/vcaaa.venturacounty.gov\/es\/wp-json\/wp\/v2\/media?parent=6596"}],"curies":[{"name":"gracias","href":"https:\/\/api.w.org\/{rel}","templated":true}]}}