{"id":351,"date":"2017-04-25T15:09:38","date_gmt":"2017-04-25T15:09:38","guid":{"rendered":"http:\/\/vcaaadev\/?page_id=351"},"modified":"2025-06-25T15:39:56","modified_gmt":"2025-06-25T22:39:56","slug":"legislative-issues","status":"publish","type":"page","link":"https:\/\/vcaaa.venturacounty.gov\/es\/about-us\/legislative-issues\/","title":{"rendered":"Cuestiones legislativas"},"content":{"rendered":"<div data-elementor-type=\"wp-page\" data-elementor-id=\"351\" class=\"elementor elementor-351\" data-elementor-post-type=\"page\">\n\t\t\t\t\t\t<section class=\"elementor-section elementor-top-section elementor-element elementor-element-613f57ed elementor-section-boxed elementor-section-height-default elementor-section-height-default\" data-id=\"613f57ed\" data-element_type=\"section\" data-e-type=\"section\" data-settings=\"{&quot;jet_parallax_layout_list&quot;:[]}\">\n\t\t\t\t\t\t<div class=\"elementor-container elementor-column-gap-default\">\n\t\t\t\t\t<div class=\"elementor-column elementor-col-50 elementor-top-column elementor-element elementor-element-f98fc34\" data-id=\"f98fc34\" data-element_type=\"column\" data-e-type=\"column\">\n\t\t\t<div class=\"elementor-widget-wrap\">\n\t\t\t\t\t\t\t<\/div>\n\t\t<\/div>\n\t\t\t\t<div class=\"elementor-column elementor-col-50 elementor-top-column elementor-element elementor-element-751e6167\" data-id=\"751e6167\" data-element_type=\"column\" data-e-type=\"column\">\n\t\t\t<div class=\"elementor-widget-wrap elementor-element-populated\">\n\t\t\t\t\t\t<div class=\"elementor-element elementor-element-44c5295 elementor-widget elementor-widget-text-editor\" data-id=\"44c5295\" data-element_type=\"widget\" data-e-type=\"widget\" data-widget_type=\"text-editor.default\">\n\t\t\t\t<div class=\"elementor-widget-container\">\n\t\t\t\t\t\t\t\t\t<p>Los miembros del Consejo Asesor de VCAAA trabajan con los legisladores mayores de California para desarrollar y responder a la legislaci\u00f3n que es de inter\u00e9s para los adultos mayores y los ni\u00f1os y adultos discapacitados; para llamar la atenci\u00f3n de los legisladores para ayudarlos a comprender la importancia y la complejidad de los problemas que enfrentan las poblaciones que servimos; para aumentar la conciencia p\u00fablica sobre los problemas del envejecimiento, incluidos los adultos que act\u00faan como cuidadores de sus padres y otros adultos mayores, as\u00ed como los problemas que enfrentan los adultos mayores a medida que se jubilan y alentarlos hacia la autosuficiencia y el &quot;envejecimiento saludable&quot;.<\/p><p>Utilice los enlaces a continuaci\u00f3n para contactar o visitar los sitios web de sus funcionarios electos locales.<\/p>\t\t\t\t\t\t\t\t<\/div>\n\t\t\t\t<\/div>\n\t\t\t\t<div class=\"elementor-element elementor-element-97d608b elementor-widget elementor-widget-heading\" data-id=\"97d608b\" data-element_type=\"widget\" data-e-type=\"widget\" data-widget_type=\"heading.default\">\n\t\t\t\t<div class=\"elementor-widget-container\">\n\t\t\t\t\t<h2 class=\"elementor-heading-title elementor-size-default\"><a href=\"https:\/\/www.ventura.org\/board-of-supervisors\/\" target=\"_blank\" rel=\"nofollow\">Junta de Supervisores del Condado de Ventura<\/a><\/h2>\t\t\t\t<\/div>\n\t\t\t\t<\/div>\n\t\t\t\t<div class=\"elementor-element elementor-element-3413019 elementor-widget elementor-widget-text-editor\" data-id=\"3413019\" data-element_type=\"widget\" data-e-type=\"widget\" data-widget_type=\"text-editor.default\">\n\t\t\t\t<div class=\"elementor-widget-container\">\n\t\t\t\t\t\t\t\t\t<p>La VCAAA, como parte de la Agencia de Servicios Humanos, opera bajo los auspicios de la Junta de Supervisores del Condado de Ventura, la cual tiene autoridad para la formulaci\u00f3n de pol\u00edticas locales. La Junta da la aprobaci\u00f3n final al presupuesto y a cualquier iniciativa de promoci\u00f3n, desarrollo de programas, coordinaci\u00f3n o programa propuesto para su financiaci\u00f3n.<\/p><p><a href=\"https:\/\/venturacounty.gov\/board-of-supervisors\/\" target=\"_blank\" rel=\"noopener\">Junta de Supervisores<\/a><br \/><span style=\"padding-left: 30px;\"><a href=\"https:\/\/supervisorlavere.venturacounty.gov\/\" target=\"_blank\" rel=\"noopener\">Distrito 1: Matt LaVere<\/a><br \/><span style=\"padding-left: 30px;\"><a href=\"https:\/\/supervisorgorell.venturacounty.gov\/\" target=\"_blank\" rel=\"noopener\">Distrito 2: Jeff Gorell<\/a><br \/><span style=\"padding-left: 30px;\"><a href=\"https:\/\/supervisorlong.venturacounty.gov\/\" target=\"_blank\" rel=\"noopener\">Distrito 3: Kelly Long<\/a><br \/><span style=\"padding-left: 30px;\"><a href=\"https:\/\/supervisorparvin.venturacounty.gov\/\" target=\"_blank\" rel=\"noopener\">Distrito 4: Janice S. Parvin<\/a><br \/><a href=\"https:\/\/supervisorlopez.venturacounty.gov\/\" target=\"_blank\" rel=\"noopener\"><span style=\"padding-left: 30px;\">Distrito 5: Vianey L\u00f3pez<\/span><\/a><\/span><\/span><\/span><\/span><\/p><p><span style=\"padding-left: 30px;\"><em>Sal\u00f3n de Administraci\u00f3n, 4to Piso<br \/><\/em><span style=\"padding-left: 30px;\">800 S. Victoria Ave.<\/span><br \/><span style=\"padding-left: 30px;\">Ventura, CA 93009<\/span><br \/><span style=\"padding-left: 30px;\">Oficina: 805-654-2251<\/span><span style=\"padding-left: 30px;\"><br \/><\/span><\/span><\/p>\t\t\t\t\t\t\t\t<\/div>\n\t\t\t\t<\/div>\n\t\t\t\t<div class=\"elementor-element elementor-element-1b496c0 elementor-widget elementor-widget-heading\" data-id=\"1b496c0\" data-element_type=\"widget\" data-e-type=\"widget\" data-widget_type=\"heading.default\">\n\t\t\t\t<div class=\"elementor-widget-container\">\n\t\t\t\t\t<h2 class=\"elementor-heading-title elementor-size-default\">Legisladores locales<\/h2>\t\t\t\t<\/div>\n\t\t\t\t<\/div>\n\t\t\t\t<div class=\"elementor-element elementor-element-2b3ea87 elementor-widget elementor-widget-text-editor\" data-id=\"2b3ea87\" data-element_type=\"widget\" data-e-type=\"widget\" data-widget_type=\"text-editor.default\">\n\t\t\t\t<div class=\"elementor-widget-container\">\n\t\t\t\t\t\t\t\t\t<p><strong>C\u00e1mara de Representantes de los Estados Unidos (Distrito 24)<\/strong><br \/><a href=\"https:\/\/carbajal.house.gov\/\" target=\"_blank\" rel=\"noopener noreferrer\" data-uw-rm-brl=\"PR\" data-uw-original-href=\"https:\/\/carbajal.house.gov\/\" aria-label=\"Congresista Salud Carbajal - abrir en una nueva pesta\u00f1a\" data-uw-rm-ext-link=\"\">El congresista Salud Carbajal<\/a><br \/><span style=\"padding-left: 30px;\"><em>Oficina de Distrito<\/em><br \/><span style=\"padding-left: 30px;\">360 S. Hope Ave., Suite C-301<br \/><span style=\"padding-left: 30px;\">Santa B\u00e1rbara, CA 93105<br \/><span style=\"padding-left: 30px;\">Tel\u00e9fono: 805-730-1710<\/span><\/span><\/span><\/span><\/p><p><strong>C\u00e1mara de Representantes de los Estados Unidos (Distrito 26)<\/strong><br \/><a href=\"http:\/\/juliabrownley.house.gov\/\" target=\"_blank\" rel=\"noopener noreferrer\" data-uw-rm-brl=\"PR\" data-uw-original-href=\"http:\/\/juliabrownley.house.gov\/\" aria-label=\"Congresista Julia Brownley - abrir en una nueva pesta\u00f1a\" data-uw-rm-ext-link=\"\">La congresista Julia Brownley<\/a><br \/><span style=\"padding-left: 30px;\"><em>Oficina del Distrito de Oxnard<\/em><br \/><span style=\"padding-left: 30px;\">201 E. Fourth St., Suite 209B<br \/><span style=\"padding-left: 30px;\">Oxnard, CA 93030<br \/><span style=\"padding-left: 30px;\">Tel\u00e9fono: 805-379-1779<br \/><span style=\"padding-left: 30px;\"><em>Oficina del distrito de Thousand Oaks<\/em><br \/><span style=\"padding-left: 30px;\">223 E. Thousand Oaks Blvd., Suite 220<br \/><span style=\"padding-left: 30px;\">Thousand Oaks, CA 91360<br \/><span style=\"padding-left: 30px;\">Tel\u00e9fono: 805-379-1779<\/span><\/span><\/span><\/span><\/span><\/span><\/span><\/span><\/p><p><strong>Senado estatal (Distrito 19)<\/strong><br \/><a href=\"https:\/\/sd19.senate.ca.gov\/\" target=\"_blank\" rel=\"noopener\" data-uw-rm-brl=\"PR\" data-uw-original-href=\"https:\/\/sd19.senate.ca.gov\/\" aria-label=\"Senadora Monique Limon - abrir en una nueva pesta\u00f1a\" data-uw-rm-ext-link=\"\">Senadora Monique Limon<\/a><br \/><span style=\"padding-left: 30px;\"><em>Oficina del Distrito de Oxnard<\/em><br \/><span style=\"padding-left: 30px;\">300 E. Esplanade Dr., Suite 430<br \/><span style=\"padding-left: 30px;\">Oxnard, CA 93036<br \/><span style=\"padding-left: 30px;\">Tel\u00e9fono: 805-988-1940<\/span><\/span><\/span><\/span><\/p><p><strong>Senado estatal (Distrito 27)<\/strong><br \/><a href=\"http:\/\/senate.ca.gov\/SD27\" target=\"_blank\" rel=\"noopener noreferrer\" data-uw-rm-brl=\"PR\" data-uw-original-href=\"http:\/\/senate.ca.gov\/SD27\" aria-label=\"Senador Henry Stern - abrir en una nueva pesta\u00f1a\" data-uw-rm-ext-link=\"\">El senador Henry Stern<\/a><br \/><span style=\"padding-left: 30px;\"><em>Oficina de Distrito<\/em><br \/><span style=\"padding-left: 30px;\">5016 N. Parkway Calabasas, Suite 222<br \/><span style=\"padding-left: 30px;\">Calabasas, CA 91302<br \/><span style=\"padding-left: 30px;\">Tel\u00e9fono: 818-876-335<br \/><\/span><\/span><\/span><\/span><\/p><p><strong>Asamblea Estatal (Distrito 38)<\/strong><br \/><a href=\"http:\/\/assembly.ca.gov\/a38\" target=\"_blank\" rel=\"noopener noreferrer\" data-uw-rm-brl=\"PR\" data-uw-original-href=\"http:\/\/assembly.ca.gov\/a38\" aria-label=\"Asamble\u00edsta Steve Bennett - abrir en una nueva pesta\u00f1a\" data-uw-rm-ext-link=\"\">El asamble\u00edsta Steve Bennett<\/a><br \/><span style=\"padding-left: 30px;\"><em>Oficina de Distrito<\/em><br \/><span style=\"padding-left: 30px;\">89 Calle Sur de California, Suite F<br \/><span style=\"padding-left: 30px;\">Ventura, CA 93001<br \/><span style=\"padding-left: 30px;\">Tel\u00e9fono: 805-641-3700<\/span><\/span><\/span><\/span><\/p><p><strong>Asamblea Estatal (Distrito 42)<\/strong><br \/><a href=\"https:\/\/a42.asmdc.org\/\" target=\"_blank\" rel=\"noopener\" data-uw-rm-brl=\"PR\" data-uw-original-href=\"https:\/\/a42.asmdc.org\/\" aria-label=\"Asamble\u00edsta Jacqui Irwin - abrir en una nueva pesta\u00f1a\" data-uw-rm-ext-link=\"\">La asamble\u00edsta Jacqui Irwin<\/a><br \/><span style=\"padding-left: 30px;\"><em>Oficina del distrito de Thousand Oaks<\/em><br \/><span style=\"padding-left: 30px;\">223 E. Thousand Oaks Blvd., Suite 412<br \/><span style=\"padding-left: 30px;\">Thousand Oaks, CA 91360<br \/><span style=\"padding-left: 30px;\">Tel\u00e9fono: 805-370-0542<br \/><\/span><\/span><\/span><\/span><span style=\"padding-left: 30px;\"><em>Oficina del Distrito de Oxnard<\/em><br \/><span style=\"padding-left: 30px;\">230 West 7th Street, Suite B<br \/><span style=\"padding-left: 30px;\">Oxnard, CA 93030<br \/><span style=\"padding-left: 30px;\">Tel\u00e9fono: 805-483-4488<\/span><\/span><\/span><\/span><\/p>\t\t\t\t\t\t\t\t<\/div>\n\t\t\t\t<\/div>\n\t\t\t\t\t<\/div>\n\t\t<\/div>\n\t\t\t\t\t<\/div>\n\t\t<\/section>\n\t\t\t\t<\/div>","protected":false},"excerpt":{"rendered":"<p>VCAAA Advisory Council members work with the California Senior Legislators to develop and respond to legislation that is of interest to older adults and disabled children and adults; to draw [&hellip;]<\/p>\n","protected":false},"author":2,"featured_media":0,"parent":169,"menu_order":0,"comment_status":"closed","ping_status":"closed","template":"","meta":{"_seopress_robots_primary_cat":"","_seopress_titles_title":"","_seopress_titles_desc":"","_seopress_robots_index":"","footnotes":""},"class_list":["post-351","page","type-page","status-publish","hentry"],"_links":{"self":[{"href":"https:\/\/vcaaa.venturacounty.gov\/es\/wp-json\/wp\/v2\/pages\/351","targetHints":{"allow":["GET"]}}],"collection":[{"href":"https:\/\/vcaaa.venturacounty.gov\/es\/wp-json\/wp\/v2\/pages"}],"about":[{"href":"https:\/\/vcaaa.venturacounty.gov\/es\/wp-json\/wp\/v2\/types\/page"}],"author":[{"embeddable":true,"href":"https:\/\/vcaaa.venturacounty.gov\/es\/wp-json\/wp\/v2\/users\/2"}],"replies":[{"embeddable":true,"href":"https:\/\/vcaaa.venturacounty.gov\/es\/wp-json\/wp\/v2\/comments?post=351"}],"version-history":[{"count":0,"href":"https:\/\/vcaaa.venturacounty.gov\/es\/wp-json\/wp\/v2\/pages\/351\/revisions"}],"up":[{"embeddable":true,"href":"https:\/\/vcaaa.venturacounty.gov\/es\/wp-json\/wp\/v2\/pages\/169"}],"wp:attachment":[{"href":"https:\/\/vcaaa.venturacounty.gov\/es\/wp-json\/wp\/v2\/media?parent=351"}],"curies":[{"name":"gracias","href":"https:\/\/api.w.org\/{rel}","templated":true}]}}