{"id":341,"date":"2017-04-25T15:07:10","date_gmt":"2017-04-25T15:07:10","guid":{"rendered":"http:\/\/vcaaadev\/?page_id=341"},"modified":"2025-08-26T15:48:15","modified_gmt":"2025-08-26T22:48:15","slug":"planning-strategy","status":"publish","type":"page","link":"https:\/\/vcaaa.venturacounty.gov\/es\/about-us\/planning-strategy\/","title":{"rendered":"Planificaci\u00f3n y estrategia"},"content":{"rendered":"<div data-elementor-type=\"wp-page\" data-elementor-id=\"341\" class=\"elementor elementor-341\" data-elementor-post-type=\"page\">\n\t\t\t\t\t\t<section class=\"elementor-section elementor-top-section elementor-element elementor-element-300fffaa elementor-section-boxed elementor-section-height-default elementor-section-height-default\" data-id=\"300fffaa\" data-element_type=\"section\" data-e-type=\"section\" data-settings=\"{&quot;jet_parallax_layout_list&quot;:[]}\">\n\t\t\t\t\t\t<div class=\"elementor-container elementor-column-gap-no\">\n\t\t\t\t\t<div class=\"elementor-column elementor-col-50 elementor-top-column elementor-element elementor-element-b234362\" data-id=\"b234362\" data-element_type=\"column\" data-e-type=\"column\">\n\t\t\t<div class=\"elementor-widget-wrap elementor-element-populated\">\n\t\t\t\t\t\t<div class=\"elementor-element elementor-element-0f142ed elementor-widget elementor-widget-heading\" data-id=\"0f142ed\" data-element_type=\"widget\" data-e-type=\"widget\" data-widget_type=\"heading.default\">\n\t\t\t\t<div class=\"elementor-widget-container\">\n\t\t\t\t\t<h2 class=\"elementor-heading-title elementor-size-large\">Agencia de la Tercera Edad<\/h2>\t\t\t\t<\/div>\n\t\t\t\t<\/div>\n\t\t\t\t<div class=\"elementor-element elementor-element-124aafb elementor-widget elementor-widget-global elementor-global-7262 elementor-widget-jet-custom-menu\" data-id=\"124aafb\" data-element_type=\"widget\" data-e-type=\"widget\" data-widget_type=\"jet-custom-menu.default\">\n\t\t\t\t<div class=\"elementor-widget-container\">\n\t\t\t\t\t<div class=\"menu-who-we-are-menu-container\"><div class=\"jet-custom-nav jet-custom-nav--dropdown-right-side jet-custom-nav--animation-fade\" data-trigger=\"hover\"><div class=\"menu-item menu-item-type-post_type menu-item-object-page jet-custom-nav__item jet-custom-nav__item-7261\"><a href=\"https:\/\/vcaaa.venturacounty.gov\/es\/about-us\/contact-us\/\" class=\"jet-custom-nav__item-link\"><span class=\"jet-menu-link-text\"><span class=\"jet-custom-item-label top-level-label\">Contacte con nosotros<\/span><\/span><\/a><\/div>\n<div class=\"menu-item menu-item-type-post_type menu-item-object-page jet-custom-nav__item jet-custom-nav__item-7256\"><a href=\"https:\/\/vcaaa.venturacounty.gov\/es\/about-us\/mission\/\" class=\"jet-custom-nav__item-link\"><span class=\"jet-menu-link-text\"><span class=\"jet-custom-item-label top-level-label\">Nuestra misi\u00f3n<\/span><\/span><\/a><\/div>\n<div class=\"menu-item menu-item-type-post_type menu-item-object-page jet-custom-nav__item jet-custom-nav__item-7257\"><a href=\"https:\/\/vcaaa.venturacounty.gov\/es\/about-us\/planning-strategy\/\" class=\"jet-custom-nav__item-link\"><span class=\"jet-menu-link-text\"><span class=\"jet-custom-item-label top-level-label\">Planificaci\u00f3n y estrategia<\/span><\/span><\/a><\/div>\n<div class=\"menu-item menu-item-type-post_type menu-item-object-page jet-custom-nav__item jet-custom-nav__item-7259\"><a href=\"https:\/\/vcaaa.venturacounty.gov\/es\/about-us\/volunteers\/\" class=\"jet-custom-nav__item-link\"><span class=\"jet-menu-link-text\"><span class=\"jet-custom-item-label top-level-label\">Voluntario<\/span><\/span><\/a><\/div>\n<div class=\"menu-item menu-item-type-custom menu-item-object-custom jet-custom-nav__item jet-custom-nav__item-7260\"><a target=\"_blank\" href=\"https:\/\/www.governmentjobs.com\/careers\/ventura\" class=\"jet-custom-nav__item-link\"><span class=\"jet-menu-link-text\"><span class=\"jet-custom-item-label top-level-label\">Empleo<\/span><\/span><\/a><\/div>\n<\/div><\/div>\t\t\t\t<\/div>\n\t\t\t\t<\/div>\n\t\t\t\t\t<\/div>\n\t\t<\/div>\n\t\t\t\t<div class=\"elementor-column elementor-col-50 elementor-top-column elementor-element elementor-element-4e4721c3\" data-id=\"4e4721c3\" data-element_type=\"column\" data-e-type=\"column\">\n\t\t\t<div class=\"elementor-widget-wrap elementor-element-populated\">\n\t\t\t\t\t\t<div class=\"elementor-element elementor-element-9de04c5 elementor-widget elementor-widget-heading\" data-id=\"9de04c5\" data-element_type=\"widget\" data-e-type=\"widget\" data-widget_type=\"heading.default\">\n\t\t\t\t<div class=\"elementor-widget-container\">\n\t\t\t\t\t<h2 class=\"elementor-heading-title elementor-size-default\">Plan Maestro del Condado de Ventura para el Envejecimiento<\/h2>\t\t\t\t<\/div>\n\t\t\t\t<\/div>\n\t\t\t\t<div class=\"elementor-element elementor-element-67a50d73 elementor-widget elementor-widget-text-editor\" data-id=\"67a50d73\" data-element_type=\"widget\" data-e-type=\"widget\" data-widget_type=\"text-editor.default\">\n\t\t\t\t<div class=\"elementor-widget-container\">\n\t\t\t\t\t\t\t\t\t<div><p>California se convirti\u00f3 en el primer estado en emitir un Plan Maestro para el Envejecimiento en enero de 2021. Posteriormente, en octubre de 2022, el condado de Ventura se convirti\u00f3 en el primer condado de California en elaborar un Plan Maestro para el Envejecimiento. El plan, de 10 a\u00f1os, se centra en cinco objetivos con estrategias complementarias.<\/p><p>\" <a href=\"http:\/\/vcaaa.venturacounty.gov\/wp-content\/uploads\/2023\/01\/Ventura-County-Master-Plan-for-Aging.pdf\" target=\"_blank\" rel=\"noopener\" aria-label=\"Plan Maestro del Condado de Ventura para el Envejecimiento (PDF-Ingl\u00e9s) - abrir en una nueva pesta\u00f1a\" data-uw-rm-ext-link=\"\">Plan Maestro del Condado de Ventura para el Envejecimiento (PDF-Ingl\u00e9s)<\/a><br \/>\" <a href=\"\/wp-content\/uploads\/2022\/10\/SPANISH-VENTURA_Master_Plan_for_Aging_for_Public_Comment_.pdf\" target=\"_blank\" rel=\"noopener\" aria-label=\"Plan Maestro para el Envejecimiento en el Condado de Ventura - abrir en una pesta\u00f1a nueva\" data-uw-rm-ext-link=\"\">Plan Maestro para el Envejecimiento en el Condado de Ventura <\/a><a href=\"\/wp-content\/uploads\/2022\/10\/SPANISH-VENTURA_Master_Plan_for_Aging_for_Public_Comment_.pdf\" target=\"_blank\" rel=\"noopener\" aria-label=\"(PDF-Espa\u00f1ol - abrir en una nueva pesta\u00f1a)\" data-uw-rm-ext-link=\"\">(PDF-Espa\u00f1ol<\/a>)<\/p><\/div>\t\t\t\t\t\t\t\t<\/div>\n\t\t\t\t<\/div>\n\t\t\t\t<div class=\"elementor-element elementor-element-f353266 elementor-widget-divider--view-line elementor-widget elementor-widget-divider\" data-id=\"f353266\" data-element_type=\"widget\" data-e-type=\"widget\" data-widget_type=\"divider.default\">\n\t\t\t\t<div class=\"elementor-widget-container\">\n\t\t\t\t\t\t\t<div class=\"elementor-divider\">\n\t\t\t<span class=\"elementor-divider-separator\">\n\t\t\t\t\t\t<\/span>\n\t\t<\/div>\n\t\t\t\t\t\t<\/div>\n\t\t\t\t<\/div>\n\t\t\t\t<div class=\"elementor-element elementor-element-330496c elementor-widget elementor-widget-heading\" data-id=\"330496c\" data-element_type=\"widget\" data-e-type=\"widget\" data-widget_type=\"heading.default\">\n\t\t\t\t<div class=\"elementor-widget-container\">\n\t\t\t\t\t<h2 class=\"elementor-heading-title elementor-size-default\">Plan estrat\u00e9gico de la VCAAA<\/h2>\t\t\t\t<\/div>\n\t\t\t\t<\/div>\n\t\t\t\t<div class=\"elementor-element elementor-element-528ceec elementor-widget elementor-widget-text-editor\" data-id=\"528ceec\" data-element_type=\"widget\" data-e-type=\"widget\" data-widget_type=\"text-editor.default\">\n\t\t\t\t<div class=\"elementor-widget-container\">\n\t\t\t\t\t\t\t\t\t<p>La Agencia del \u00c1rea del Condado de Ventura para el Envejecimiento se fund\u00f3 en 1980 como una agencia del Condado de Ventura. En 2023, la VCAAA se integr\u00f3 a la Agencia de Servicios Humanos. La misi\u00f3n de la VCAAA es promover el desarrollo y la implementaci\u00f3n de un sistema integral y coordinado de atenci\u00f3n que permita a las personas mayores, ni\u00f1os y adultos con discapacidades, y a sus cuidadores, vivir en un entorno comunitario y defender las necesidades de las personas mayores de 60 a\u00f1os en el condado, proporcionando liderazgo y promoviendo la participaci\u00f3n ciudadana en el proceso de planificaci\u00f3n y la prestaci\u00f3n de servicios.<\/p><p>Los siguientes documentos describen los objetivos de nuestra agencia al servir a los adultos mayores, adultos con discapacidades y cuidadores del condado de Ventura.<\/p><p><strong>2025-26<\/strong><br \/>\" <a href=\"https:\/\/vcaaa.venturacounty.gov\/wp-content\/uploads\/2025\/08\/PSA18_Strategic-Plan-FY2024-2028-Summary-of-Draft-FY2526.pdf\" target=\"_blank\" rel=\"noopener\">Actualizaci\u00f3n del Plan Estrat\u00e9gico Maestro de la VCAAA (PDF)<\/a><br \/>\" <a href=\"https:\/\/vcaaa.venturacounty.gov\/wp-content\/uploads\/2025\/08\/2025_CDA.pdf\" target=\"_blank\" rel=\"noopener\">Proyecciones demogr\u00e1ficas de poblaci\u00f3n para 2025 (PDF)<\/a><\/p><p><strong>2024-25<\/strong><br \/>\" <a href=\"https:\/\/vcaaa.venturacounty.gov\/wp-content\/uploads\/2025\/08\/PSA18_Strategic-Plan-FY-2024-2028-Summary-of-Draft-FY2425.pdf\" target=\"_blank\" rel=\"noopener\">Actualizaci\u00f3n del Plan Estrat\u00e9gico Maestro de la VCAAA (PDF)<\/a><\/p><p><strong>2024-28<\/strong><br \/>\" <a href=\"http:\/\/vcaaa.venturacounty.gov\/wp-content\/uploads\/2024\/02\/PSA18_Strategic-Plan-FY-2024-2028-Summary-of-Draft.pdf\" target=\"_blank\" rel=\"noopener\" aria-label=\"Plan Estrat\u00e9gico Maestro de la VCAAA 2024-28 (Resumen del Borrador) - abrir en una nueva pesta\u00f1a\" data-uw-rm-ext-link=\"\">Plan Estrat\u00e9gico Maestro de la VCAAA 2024-28 (Resumen del Borrador)<\/a><\/p><p><strong>2023-24<\/strong><br \/>\" <a href=\"http:\/\/vcaaa.venturacounty.gov\/wp-content\/uploads\/2023\/02\/PSA18_Strategic-Plan-Update-FY-2023-2024-UPDATED-.pdf\" target=\"_blank\" rel=\"noopener\" aria-label=\"Actualizaci\u00f3n del Plan Estrat\u00e9gico Maestro de la VCAAA (PDF) - abrir en una nueva pesta\u00f1a\" data-uw-rm-ext-link=\"\">Actualizaci\u00f3n del Plan Estrat\u00e9gico Maestro de la VCAAA (PDF)<\/a><\/p><p><strong>2022-23<\/strong><br \/>\" <a href=\"\/wp-content\/uploads\/2022\/10\/Strategic-Plan-Update-FY-2022-2023-final-updated-03232022.pdf\" target=\"_blank\" rel=\"noopener\" aria-label=\"Actualizaci\u00f3n del Plan Estrat\u00e9gico Maestro de la VCAAA 2022-2023 (PDF) - abrir en una nueva pesta\u00f1a\" data-uw-rm-ext-link=\"\">Actualizaci\u00f3n del Plan Estrat\u00e9gico Maestro de la VCAAA (PDF)<\/a><br \/>\" <a href=\"https:\/\/youtu.be\/v1v1N6PkNX4\" target=\"_blank\" rel=\"noopener\" data-uw-rm-brl=\"PR\" data-uw-original-href=\"https:\/\/youtu.be\/v1v1N6PkNX4\" aria-label=\"Actualizaci\u00f3n del Plan Estrat\u00e9gico de VCAAA para el A\u00f1o Fiscal 2022-23 \u2013 Audiencia P\u00fablica en Espa\u00f1ol - abrir en una nueva pesta\u00f1a\" data-uw-rm-ext-link=\"\">Actualizaci\u00f3n del Plan Estrat\u00e9gico de VCAAA para el A\u00f1o Fiscal 2022-23 \u2013 Audiencia P\u00fablica en Espa\u00f1ol<\/a><br \/>\" <a href=\"\/wp-content\/uploads\/2022\/10\/VCAAA-Strategic-Plan-Update-SPANISH-March-2022.pdf\" target=\"_blank\" rel=\"noopener\" aria-label=\"Actualizaci\u00f3n del Plan Estrat\u00e9gico de VCAAA para el A\u00f1o Fiscal 2022-23 (PDF-p\u00e1ginas 1-7) - abrir en una pesta\u00f1a nueva\" data-uw-rm-ext-link=\"\">Actualizaci\u00f3n del Plan Estrat\u00e9gico de VCAAA para el A\u00f1o Fiscal 2022-23 (PDF-p\u00e1ginas 1-7)<\/a><br \/>\" <a href=\"\/wp-content\/uploads\/2022\/10\/20220324-SPANISH-Strategic-Plan-Update-FY-2022-2023-final-FOR-TRANSLATION.docx_v2.pdf\" target=\"_blank\" rel=\"noopener\" aria-label=\"Actualizaci\u00f3n del Plan Estrat\u00e9gico de VCAAA para el A\u00f1o Fiscal 2022-23 (PDF-p\u00e1ginas 8-35) - abrir en una nueva pesta\u00f1a\" data-uw-rm-ext-link=\"\">Actualizaci\u00f3n del Plan Estrat\u00e9gico de VCAAA para el A\u00f1o Fiscal 2022-23 (PDF-p\u00e1ginas 8-35)<\/a><\/p><p><strong>2020-24<\/strong><br \/>\" <a href=\"\/wp-content\/uploads\/2022\/10\/Strategic-Plan-FY-2020-2024-Summary-of-the-Draft.pdf\" target=\"_blank\" rel=\"noopener noreferrer\" aria-label=\"Plan Estrat\u00e9gico Maestro de la VCAAA 2020-24 (Resumen del Borrador) - abrir en una nueva pesta\u00f1a\" data-uw-rm-ext-link=\"\">Plan Estrat\u00e9gico Maestro de la VCAAA 2020-24 (Resumen del Borrador)<\/a><\/p>\t\t\t\t\t\t\t\t<\/div>\n\t\t\t\t<\/div>\n\t\t\t\t<div class=\"elementor-element elementor-element-c396630 elementor-widget-divider--view-line elementor-widget elementor-widget-divider\" data-id=\"c396630\" data-element_type=\"widget\" data-e-type=\"widget\" data-widget_type=\"divider.default\">\n\t\t\t\t<div class=\"elementor-widget-container\">\n\t\t\t\t\t\t\t<div class=\"elementor-divider\">\n\t\t\t<span class=\"elementor-divider-separator\">\n\t\t\t\t\t\t<\/span>\n\t\t<\/div>\n\t\t\t\t\t\t<\/div>\n\t\t\t\t<\/div>\n\t\t\t\t<div class=\"elementor-element elementor-element-e685a78 elementor-widget elementor-widget-heading\" data-id=\"e685a78\" data-element_type=\"widget\" data-e-type=\"widget\" data-widget_type=\"heading.default\">\n\t\t\t\t<div class=\"elementor-widget-container\">\n\t\t\t\t\t<h2 class=\"elementor-heading-title elementor-size-default\">Solicitudes p\u00fablicas<\/h2>\t\t\t\t<\/div>\n\t\t\t\t<\/div>\n\t\t\t\t<div class=\"elementor-element elementor-element-555fd1e elementor-widget elementor-widget-text-editor\" data-id=\"555fd1e\" data-element_type=\"widget\" data-e-type=\"widget\" data-widget_type=\"text-editor.default\">\n\t\t\t\t<div class=\"elementor-widget-container\">\n\t\t\t\t\t\t\t\t\t<p>\"\u00a0<a href=\"https:\/\/forms.office.com\/Pages\/ResponsePage.aspx?id=BOzgvPHRWk-gUKS16RgWg2vrtYwfLqNOpoVPCUfCqwpUMVk1NUpMQk4wNUo2QUJOUUhKRlgzWTNaVC4u\" target=\"_blank\" rel=\"noopener\">Haga clic aqu\u00ed para completar la Evaluaci\u00f3n de las necesidades de la comunidad (en ingl\u00e9s)<\/a><br \/>\"\u00a0<a href=\"https:\/\/forms.office.com\/Pages\/ResponsePage.aspx?id=BOzgvPHRWk-gUKS16RgWg2vrtYwfLqNOpoVPCUfCqwpURTFTV0VYNEFPTkNRWFpXTTVQTUlBN0E5MC4u\" target=\"_blank\" rel=\"noopener\">Haga clic aqu\u00ed para completar la Evaluaci\u00f3n de Necesidades de la Comunidad (espa\u00f1ol)<\/a><br \/>\" <a href=\"https:\/\/vcaaa.venturacounty.gov\/es\/for-providers\/legal-notices\/\">Menciones legales<\/a><\/p>\t\t\t\t\t\t\t\t<\/div>\n\t\t\t\t<\/div>\n\t\t\t\t\t<\/div>\n\t\t<\/div>\n\t\t\t\t\t<\/div>\n\t\t<\/section>\n\t\t\t\t<\/div>","protected":false},"excerpt":{"rendered":"<p>Area Agency on Aging Contact Us Our Mission Planning &#038; Strategy Volunteer Employment Ventura County Master Plan for Aging California became the first state to issue a Master Plan for [&hellip;]<\/p>\n","protected":false},"author":2,"featured_media":0,"parent":169,"menu_order":0,"comment_status":"closed","ping_status":"closed","template":"","meta":{"_seopress_robots_primary_cat":"","_seopress_titles_title":"","_seopress_titles_desc":"","_seopress_robots_index":"","footnotes":""},"class_list":["post-341","page","type-page","status-publish","hentry"],"_links":{"self":[{"href":"https:\/\/vcaaa.venturacounty.gov\/es\/wp-json\/wp\/v2\/pages\/341","targetHints":{"allow":["GET"]}}],"collection":[{"href":"https:\/\/vcaaa.venturacounty.gov\/es\/wp-json\/wp\/v2\/pages"}],"about":[{"href":"https:\/\/vcaaa.venturacounty.gov\/es\/wp-json\/wp\/v2\/types\/page"}],"author":[{"embeddable":true,"href":"https:\/\/vcaaa.venturacounty.gov\/es\/wp-json\/wp\/v2\/users\/2"}],"replies":[{"embeddable":true,"href":"https:\/\/vcaaa.venturacounty.gov\/es\/wp-json\/wp\/v2\/comments?post=341"}],"version-history":[{"count":0,"href":"https:\/\/vcaaa.venturacounty.gov\/es\/wp-json\/wp\/v2\/pages\/341\/revisions"}],"up":[{"embeddable":true,"href":"https:\/\/vcaaa.venturacounty.gov\/es\/wp-json\/wp\/v2\/pages\/169"}],"wp:attachment":[{"href":"https:\/\/vcaaa.venturacounty.gov\/es\/wp-json\/wp\/v2\/media?parent=341"}],"curies":[{"name":"gracias","href":"https:\/\/api.w.org\/{rel}","templated":true}]}}