{"id":3331,"date":"2017-07-21T19:34:19","date_gmt":"2017-07-21T19:34:19","guid":{"rendered":"http:\/\/vcaaaproduction.ventura.org\/?page_id=3331"},"modified":"2025-07-11T16:04:27","modified_gmt":"2025-07-11T23:04:27","slug":"nondiscrimination","status":"publish","type":"page","link":"https:\/\/vcaaa.venturacounty.gov\/es\/about-us\/nondiscrimination\/","title":{"rendered":"No discriminaci\u00f3n"},"content":{"rendered":"<div data-elementor-type=\"wp-page\" data-elementor-id=\"3331\" class=\"elementor elementor-3331\" data-elementor-post-type=\"page\">\n\t\t\t\t\t\t<section class=\"elementor-section elementor-top-section elementor-element elementor-element-7014c5b9 elementor-section-boxed elementor-section-height-default elementor-section-height-default\" data-id=\"7014c5b9\" data-element_type=\"section\" data-e-type=\"section\" data-settings=\"{&quot;jet_parallax_layout_list&quot;:[]}\">\n\t\t\t\t\t\t<div class=\"elementor-container elementor-column-gap-default\">\n\t\t\t\t\t<div class=\"elementor-column elementor-col-50 elementor-top-column elementor-element elementor-element-e28c888\" data-id=\"e28c888\" data-element_type=\"column\" data-e-type=\"column\">\n\t\t\t<div class=\"elementor-widget-wrap\">\n\t\t\t\t\t\t\t<\/div>\n\t\t<\/div>\n\t\t\t\t<div class=\"elementor-column elementor-col-50 elementor-top-column elementor-element elementor-element-7531bd2c\" data-id=\"7531bd2c\" data-element_type=\"column\" data-e-type=\"column\">\n\t\t\t<div class=\"elementor-widget-wrap elementor-element-populated\">\n\t\t\t\t\t\t<div class=\"elementor-element elementor-element-817729c elementor-widget elementor-widget-heading\" data-id=\"817729c\" data-element_type=\"widget\" data-e-type=\"widget\" data-widget_type=\"heading.default\">\n\t\t\t\t<div class=\"elementor-widget-container\">\n\t\t\t\t\t<h2 class=\"elementor-heading-title elementor-size-default\">Aviso de no discriminaci\u00f3n y servicios de acceso ling\u00fc\u00edstico<\/h2>\t\t\t\t<\/div>\n\t\t\t\t<\/div>\n\t\t\t\t<div class=\"elementor-element elementor-element-3a410dd5 elementor-widget elementor-widget-text-editor\" data-id=\"3a410dd5\" data-element_type=\"widget\" data-e-type=\"widget\" data-widget_type=\"text-editor.default\">\n\t\t\t\t<div class=\"elementor-widget-container\">\n\t\t\t\t\t\t\t\t\t<p><strong>ATENCI\u00d3N:<\/strong> Si habla otro idioma, tiene a su disposici\u00f3n servicios gratuitos de asistencia ling\u00fc\u00edstica. Llame a la l\u00ednea principal al 805-477-7300.<\/p><p style=\"padding-left: 40px;\">TTY: 1-800-735-2922 o 711<\/p><p>La Agencia del \u00c1rea del Condado de Ventura para el Envejecimiento se compromete a garantizar la accesibilidad de la informaci\u00f3n contenida en su sitio web, lo que incluye el cumplimiento de las normas de accesibilidad publicadas y las directrices para facilitar el acceso a las personas con discapacidad. Hemos realizado y seguiremos realizando esfuerzos para mejorar la accesibilidad seg\u00fan sea necesario para facilitar el acceso a los servicios y la informaci\u00f3n del sitio web.<\/p><p>Si tiene dificultades para acceder a la informaci\u00f3n o los documentos del sitio web debido a una discapacidad, comun\u00edquese con la VCAAA al n\u00famero de tel\u00e9fono o la direcci\u00f3n de correo electr\u00f3nico que figuran a continuaci\u00f3n:<\/p><p style=\"padding-left: 30px;\">Tel\u00e9fono: 805-477-7300<br \/>Correo electr\u00f3nico: <a href=\"mailto:LOIS.VCAAA@venturacounty.gov\">LOIS.VCAAA@venturacounty.gov<\/a><\/p><p><span style=\"color: #008080;\"><strong>Informaci\u00f3n sobre la ADA<\/strong><\/span><br \/><strong>Pol\u00edtica de no discriminaci\u00f3n de la VCAAA<\/strong><br \/><span style=\"color: #008080;\">\" <\/span><a href=\"\/wp-content\/uploads\/2022\/10\/VC_ADA_Notice.pdf\" target=\"_blank\" rel=\"noopener noreferrer\" aria-label=\"Aviso seg\u00fan la Ley de Estadounidenses con Discapacidades (PDF) - abrir en una nueva pesta\u00f1a\" data-uw-rm-ext-link=\"\" data-uw-pdf-br=\"0\" data-uw-pdf-doc=\"\">Aviso seg\u00fan la Ley de Estadounidenses con Discapacidades (PDF)<\/a><\/p><p><strong>Pol\u00edtica de no discriminaci\u00f3n seg\u00fan la Secci\u00f3n 157 de la Ley de Atenci\u00f3n M\u00e9dica Asequible<\/strong><br \/><span style=\"color: #008080;\">\" <\/span><a href=\"\/wp-content\/uploads\/2022\/10\/NondiscriminationPolicySec157-ACA.pdf\" target=\"_blank\" rel=\"noopener noreferrer\" aria-label=\"Pol\u00edtica de no discriminaci\u00f3n seg\u00fan la Secci\u00f3n 157 de la ACA (PDF) - abrir en una nueva pesta\u00f1a\" data-uw-rm-ext-link=\"\" data-uw-pdf-br=\"0\" data-uw-pdf-doc=\"\">Pol\u00edtica de no discriminaci\u00f3n seg\u00fan la Secci\u00f3n 157 de la ACA (PDF)<\/a><\/p><p><strong>C\u00f3digo de Bienestar e Instituciones 14029.92<br \/><\/strong><span style=\"color: #008080;\">\" <a href=\"\/wp-content\/uploads\/2022\/10\/Non-Discrimination-Notice-and-Language-Taglines.pdf\" target=\"_blank\" rel=\"noopener noreferrer\" aria-label=\"Aviso de no discriminaci\u00f3n y lemas ling\u00fc\u00edsticos (PDF) - abrir en una nueva pesta\u00f1a\" data-uw-rm-ext-link=\"\" data-uw-pdf-br=\"0\" data-uw-pdf-doc=\"\">Aviso de no discriminaci\u00f3n y lemas ling\u00fc\u00edsticos (PDF)<\/a>\u00a0<\/span><strong><br \/><\/strong><\/p><p><strong>C\u00f3mo presentar una queja<\/strong><br \/><span style=\"color: #008080;\">\" <\/span><a href=\"\/wp-content\/uploads\/2022\/10\/VC_ADA_Grievance_Procedure.pdf\" target=\"_blank\" rel=\"noopener noreferrer\" aria-label=\"Condado de - abrir en una nueva pesta\u00f1a\" data-uw-rm-ext-link=\"\" data-uw-pdf-br=\"0\" data-uw-pdf-doc=\"\">Condado de<\/a><a href=\"\/wp-content\/uploads\/2022\/10\/VC_ADA_Grievance_Procedure.pdf\" target=\"_blank\" rel=\"noopener noreferrer\" aria-label=\"Ven - abrir en una nueva pesta\u00f1a\" data-uw-rm-ext-link=\"\" data-uw-pdf-br=\"0\" data-uw-pdf-doc=\"\"> Ven<\/a><a href=\"\/wp-content\/uploads\/2022\/10\/VC_ADA_Grievance_Procedure.pdf\" target=\"_blank\" rel=\"noopener noreferrer\" aria-label=\"tura - abrir en una nueva pesta\u00f1a\" data-uw-rm-ext-link=\"\" data-uw-pdf-br=\"0\" data-uw-pdf-doc=\"\">tura<\/a><a href=\"\/wp-content\/uploads\/2022\/10\/VC_ADA_Grievance_Procedure.pdf\" target=\"_blank\" rel=\"noopener noreferrer\" aria-label=\"Procedimiento de quejas seg\u00fan la ADA (PDF) - abrir en una nueva pesta\u00f1a\" data-uw-rm-ext-link=\"\" data-uw-pdf-br=\"0\" data-uw-pdf-doc=\"\"> Procedimiento de quejas seg\u00fan la ADA (PDF)<\/a><\/p><p><strong>Aviso p\u00fablico sobre el proceso de quejas de transporte del T\u00edtulo VI<\/strong><br \/><span style=\"color: #008080;\">\" <\/span><a href=\"https:\/\/vcaaa.venturacounty.gov\/wp-content\/uploads\/2025\/07\/TitleVIPublicNotice_EngSpan_2025b.pdf\" target=\"_blank\" rel=\"noopener\">Aviso del T\u00edtulo VI de la VCAAA (PDF)<\/a><\/p><p><strong>T\u00edtulo II \u2013 Pol\u00edtica de la Ley de Estadounidenses con Discapacidades<\/strong><br \/><span style=\"color: #008080;\">\" <\/span><a href=\"\/wp-content\/uploads\/2022\/10\/VC_ADA_Policy_Manual.pdf\" target=\"_blank\" rel=\"noopener noreferrer\" aria-label=\"Alojamiento p\u00fablico ADA del condado de Ventura (PDF) - abrir en una nueva pesta\u00f1a\" data-uw-rm-ext-link=\"\" data-uw-pdf-br=\"0\" data-uw-pdf-doc=\"\">Alojamiento p\u00fablico ADA del condado de Ventura (PDF)<\/a><\/p>\t\t\t\t\t\t\t\t<\/div>\n\t\t\t\t<\/div>\n\t\t\t\t\t<\/div>\n\t\t<\/div>\n\t\t\t\t\t<\/div>\n\t\t<\/section>\n\t\t\t\t<\/div>","protected":false},"excerpt":{"rendered":"<p>Non-Discrimination Notice &amp; Language Access Services ATTENTION: If you speak another language, language assistance services, free of charge, are available to you. Call the main line at 805-477-7300. TTY: 1-800-735-2922 [&hellip;]<\/p>\n","protected":false},"author":2,"featured_media":0,"parent":169,"menu_order":0,"comment_status":"closed","ping_status":"closed","template":"","meta":{"_seopress_robots_primary_cat":"","_seopress_titles_title":"","_seopress_titles_desc":"","_seopress_robots_index":"","footnotes":""},"class_list":["post-3331","page","type-page","status-publish","hentry"],"_links":{"self":[{"href":"https:\/\/vcaaa.venturacounty.gov\/es\/wp-json\/wp\/v2\/pages\/3331","targetHints":{"allow":["GET"]}}],"collection":[{"href":"https:\/\/vcaaa.venturacounty.gov\/es\/wp-json\/wp\/v2\/pages"}],"about":[{"href":"https:\/\/vcaaa.venturacounty.gov\/es\/wp-json\/wp\/v2\/types\/page"}],"author":[{"embeddable":true,"href":"https:\/\/vcaaa.venturacounty.gov\/es\/wp-json\/wp\/v2\/users\/2"}],"replies":[{"embeddable":true,"href":"https:\/\/vcaaa.venturacounty.gov\/es\/wp-json\/wp\/v2\/comments?post=3331"}],"version-history":[{"count":0,"href":"https:\/\/vcaaa.venturacounty.gov\/es\/wp-json\/wp\/v2\/pages\/3331\/revisions"}],"up":[{"embeddable":true,"href":"https:\/\/vcaaa.venturacounty.gov\/es\/wp-json\/wp\/v2\/pages\/169"}],"wp:attachment":[{"href":"https:\/\/vcaaa.venturacounty.gov\/es\/wp-json\/wp\/v2\/media?parent=3331"}],"curies":[{"name":"gracias","href":"https:\/\/api.w.org\/{rel}","templated":true}]}}