{"id":333,"date":"2017-04-24T23:06:55","date_gmt":"2017-04-24T23:06:55","guid":{"rendered":"http:\/\/vcaaadev\/?page_id=333"},"modified":"2026-03-10T15:38:15","modified_gmt":"2026-03-10T22:38:15","slug":"mission","status":"publish","type":"page","link":"https:\/\/vcaaa.venturacounty.gov\/es\/about-us\/mission\/","title":{"rendered":"Misi\u00f3n"},"content":{"rendered":"<div data-elementor-type=\"wp-page\" data-elementor-id=\"333\" class=\"elementor elementor-333\" data-elementor-post-type=\"page\">\n\t\t\t\t\t\t<section class=\"elementor-section elementor-top-section elementor-element elementor-element-2e6f81ed elementor-section-boxed elementor-section-height-default elementor-section-height-default\" data-id=\"2e6f81ed\" data-element_type=\"section\" data-e-type=\"section\" data-settings=\"{&quot;jet_parallax_layout_list&quot;:[]}\">\n\t\t\t\t\t\t<div class=\"elementor-container elementor-column-gap-no\">\n\t\t\t\t\t<div class=\"elementor-column elementor-col-50 elementor-top-column elementor-element elementor-element-b9bd1d7\" data-id=\"b9bd1d7\" data-element_type=\"column\" data-e-type=\"column\">\n\t\t\t<div class=\"elementor-widget-wrap elementor-element-populated\">\n\t\t\t\t\t\t<div class=\"elementor-element elementor-element-2331d87 elementor-widget elementor-widget-heading\" data-id=\"2331d87\" data-element_type=\"widget\" data-e-type=\"widget\" data-widget_type=\"heading.default\">\n\t\t\t\t<div class=\"elementor-widget-container\">\n\t\t\t\t\t<h2 class=\"elementor-heading-title elementor-size-large\">Agencia de la Tercera Edad<\/h2>\t\t\t\t<\/div>\n\t\t\t\t<\/div>\n\t\t\t\t<div class=\"elementor-element elementor-element-c3e1105 elementor-widget elementor-widget-global elementor-global-7262 elementor-widget-jet-custom-menu\" data-id=\"c3e1105\" data-element_type=\"widget\" data-e-type=\"widget\" data-widget_type=\"jet-custom-menu.default\">\n\t\t\t\t<div class=\"elementor-widget-container\">\n\t\t\t\t\t<div class=\"menu-who-we-are-menu-container\"><div class=\"jet-custom-nav jet-custom-nav--dropdown-right-side jet-custom-nav--animation-fade\" data-trigger=\"hover\"><div class=\"menu-item menu-item-type-post_type menu-item-object-page jet-custom-nav__item jet-custom-nav__item-7261\"><a href=\"https:\/\/vcaaa.venturacounty.gov\/es\/about-us\/contact-us\/\" class=\"jet-custom-nav__item-link\"><span class=\"jet-menu-link-text\"><span class=\"jet-custom-item-label top-level-label\">Contacte con nosotros<\/span><\/span><\/a><\/div>\n<div class=\"menu-item menu-item-type-post_type menu-item-object-page jet-custom-nav__item jet-custom-nav__item-7256\"><a href=\"https:\/\/vcaaa.venturacounty.gov\/es\/about-us\/mission\/\" class=\"jet-custom-nav__item-link\"><span class=\"jet-menu-link-text\"><span class=\"jet-custom-item-label top-level-label\">Nuestra misi\u00f3n<\/span><\/span><\/a><\/div>\n<div class=\"menu-item menu-item-type-post_type menu-item-object-page jet-custom-nav__item jet-custom-nav__item-7257\"><a href=\"https:\/\/vcaaa.venturacounty.gov\/es\/about-us\/planning-strategy\/\" class=\"jet-custom-nav__item-link\"><span class=\"jet-menu-link-text\"><span class=\"jet-custom-item-label top-level-label\">Planificaci\u00f3n y estrategia<\/span><\/span><\/a><\/div>\n<div class=\"menu-item menu-item-type-post_type menu-item-object-page jet-custom-nav__item jet-custom-nav__item-7259\"><a href=\"https:\/\/vcaaa.venturacounty.gov\/es\/about-us\/volunteers\/\" class=\"jet-custom-nav__item-link\"><span class=\"jet-menu-link-text\"><span class=\"jet-custom-item-label top-level-label\">Voluntario<\/span><\/span><\/a><\/div>\n<div class=\"menu-item menu-item-type-custom menu-item-object-custom jet-custom-nav__item jet-custom-nav__item-7260\"><a target=\"_blank\" href=\"https:\/\/www.governmentjobs.com\/careers\/ventura\" class=\"jet-custom-nav__item-link\"><span class=\"jet-menu-link-text\"><span class=\"jet-custom-item-label top-level-label\">Empleo<\/span><\/span><\/a><\/div>\n<\/div><\/div>\t\t\t\t<\/div>\n\t\t\t\t<\/div>\n\t\t\t\t\t<\/div>\n\t\t<\/div>\n\t\t\t\t<div class=\"elementor-column elementor-col-50 elementor-top-column elementor-element elementor-element-707b8ebc\" data-id=\"707b8ebc\" data-element_type=\"column\" data-e-type=\"column\">\n\t\t\t<div class=\"elementor-widget-wrap elementor-element-populated\">\n\t\t\t\t\t\t<div class=\"elementor-element elementor-element-c3879c0 elementor-widget elementor-widget-video\" data-id=\"c3879c0\" data-element_type=\"widget\" data-e-type=\"widget\" data-settings=\"{&quot;youtube_url&quot;:&quot;https:\\\/\\\/youtu.be\\\/pJULDICq3rE&quot;,&quot;video_type&quot;:&quot;youtube&quot;,&quot;controls&quot;:&quot;yes&quot;}\" data-widget_type=\"video.default\">\n\t\t\t\t<div class=\"elementor-widget-container\">\n\t\t\t\t\t\t\t<div class=\"elementor-wrapper elementor-open-inline\">\n\t\t\t<div class=\"elementor-video\"><\/div>\t\t<\/div>\n\t\t\t\t\t\t<\/div>\n\t\t\t\t<\/div>\n\t\t\t\t<div class=\"elementor-element elementor-element-1f8a583c elementor-widget elementor-widget-text-editor\" data-id=\"1f8a583c\" data-element_type=\"widget\" data-e-type=\"widget\" data-widget_type=\"text-editor.default\">\n\t\t\t\t<div class=\"elementor-widget-container\">\n\t\t\t\t\t\t\t\t\t<p>En <strong>Agencia de la Tercera Edad del Condado de Ventura<\/strong>, una divisi\u00f3n de la Agencia de Servicios Humanos del Condado de Ventura, tiene la responsabilidad de promover el desarrollo y la implementaci\u00f3n de un sistema integral y coordinado de atenci\u00f3n que permita a las personas mayores, ni\u00f1os y adultos con discapacidades, y a sus cuidadores, vivir en un entorno comunitario. La VCAAA aboga por las necesidades de las personas mayores de 60 a\u00f1os en el condado, ofreciendo liderazgo y promoviendo la participaci\u00f3n ciudadana en el proceso de planificaci\u00f3n y la prestaci\u00f3n de servicios.<\/p>\n<p>Este sitio web incluye informaci\u00f3n para los residentes del condado de Ventura. Aqu\u00ed encontrar\u00e1 ayuda sobre temas como cuidado de personas mayores, servicios de salud, vivienda, servicios a domicilio, nutrici\u00f3n, centros para personas mayores y transporte.<\/p>\n<p>La Ley de Estadounidenses de la Tercera Edad exige que una agencia local desempe\u00f1e una amplia gama de funciones dise\u00f1adas para impulsar el desarrollo o la mejora de sistemas comunitarios integrales y coordinados que presten servicio a cada comunidad. Estos sistemas:<\/p>\n<ul>\n<li>Son un punto focal visible para cualquier persona que aborde problemas relacionados con la edad.<\/li>\n<li>Ofrecer una gama de opciones no relacionadas con los ingresos.<\/li>\n<li>Exigir una toma de decisiones colaborativa entre las organizaciones p\u00fablicas y privadas y las personas mayores de la comunidad.<\/li>\n<li>Ofrecer ayuda especial o recursos espec\u00edficos para las personas mayores m\u00e1s vulnerables<\/li>\n<li>Tener un car\u00e1cter \u00fanico adaptado a la naturaleza espec\u00edfica de la comunidad.<\/li>\n<\/ul>\t\t\t\t\t\t\t\t<\/div>\n\t\t\t\t<\/div>\n\t\t\t\t<div class=\"elementor-element elementor-element-6239cc9 elementor-widget elementor-widget-text-editor\" data-id=\"6239cc9\" data-element_type=\"widget\" data-e-type=\"widget\" data-widget_type=\"text-editor.default\">\n\t\t\t\t<div class=\"elementor-widget-container\">\n\t\t\t\t\t\t\t\t\t<p><strong>Agencia del \u00c1rea del Condado de Ventura sobre el Envejecimiento (VCAAA)<\/strong><br \/><strong>4651 Tel\u00e9fono Rd.<\/strong><br \/><strong>Ventura, CA 93003<\/strong><br \/><strong>805-477-7300<\/strong><br \/><strong>800-510-2020 (dentro del condado de Ventura)<\/strong><br \/><strong>N\u00famero de identificaci\u00f3n fiscal federal del condado de Ventura: #956000944<\/strong><\/p>\t\t\t\t\t\t\t\t<\/div>\n\t\t\t\t<\/div>\n\t\t\t\t<div class=\"elementor-element elementor-element-cb406a5 elementor-widget elementor-widget-text-editor\" data-id=\"cb406a5\" data-element_type=\"widget\" data-e-type=\"widget\" data-widget_type=\"text-editor.default\">\n\t\t\t\t<div class=\"elementor-widget-container\">\n\t\t\t\t\t\t\t\t\t<p><em><strong>Descargo de responsabilidad<\/strong><\/em> Ni el Condado de Ventura ni la Agencia del \u00c1rea del Condado de Ventura para el Envejecimiento (VCAAA) ser\u00e1n responsables del uso de la informaci\u00f3n descrita o contenida en el sitio web o la literatura de la VCAAA, y no asumen ninguna responsabilidad por el uso que cualquier persona haga de dicha informaci\u00f3n. Si bien los datos que se encuentran en este sitio web provienen de fuentes consideradas confiables, no se ofrece ninguna garant\u00eda, expresa o impl\u00edcita, sobre su exactitud, idoneidad, integridad, fiabilidad o utilidad. Esta exenci\u00f3n de responsabilidad se aplica tanto al uso aislado como al agregado de la informaci\u00f3n. La informaci\u00f3n, los recursos, las sugerencias o los enlaces no constituyen asesoramiento legal ni profesional. Se proporciona \u00fanicamente con fines informativos. Es responsabilidad del lector evaluar el contenido y la utilidad de los formularios, y contactar a un abogado colegiado si tiene alguna pregunta.<\/p>\t\t\t\t\t\t\t\t<\/div>\n\t\t\t\t<\/div>\n\t\t\t\t\t<\/div>\n\t\t<\/div>\n\t\t\t\t\t<\/div>\n\t\t<\/section>\n\t\t\t\t<\/div>","protected":false},"excerpt":{"rendered":"<p>Area Agency on Aging Contact Us Our Mission Planning &#038; Strategy Volunteer Employment https:\/\/youtu.be\/pJULDICq3rE The Ventura County Area Agency on Aging, a division of the County of Ventura&#8217;s Human Services [&hellip;]<\/p>\n","protected":false},"author":2,"featured_media":0,"parent":169,"menu_order":0,"comment_status":"closed","ping_status":"closed","template":"","meta":{"_seopress_robots_primary_cat":"","_seopress_titles_title":"","_seopress_titles_desc":"","_seopress_robots_index":"","footnotes":""},"class_list":["post-333","page","type-page","status-publish","hentry"],"_links":{"self":[{"href":"https:\/\/vcaaa.venturacounty.gov\/es\/wp-json\/wp\/v2\/pages\/333","targetHints":{"allow":["GET"]}}],"collection":[{"href":"https:\/\/vcaaa.venturacounty.gov\/es\/wp-json\/wp\/v2\/pages"}],"about":[{"href":"https:\/\/vcaaa.venturacounty.gov\/es\/wp-json\/wp\/v2\/types\/page"}],"author":[{"embeddable":true,"href":"https:\/\/vcaaa.venturacounty.gov\/es\/wp-json\/wp\/v2\/users\/2"}],"replies":[{"embeddable":true,"href":"https:\/\/vcaaa.venturacounty.gov\/es\/wp-json\/wp\/v2\/comments?post=333"}],"version-history":[{"count":0,"href":"https:\/\/vcaaa.venturacounty.gov\/es\/wp-json\/wp\/v2\/pages\/333\/revisions"}],"up":[{"embeddable":true,"href":"https:\/\/vcaaa.venturacounty.gov\/es\/wp-json\/wp\/v2\/pages\/169"}],"wp:attachment":[{"href":"https:\/\/vcaaa.venturacounty.gov\/es\/wp-json\/wp\/v2\/media?parent=333"}],"curies":[{"name":"gracias","href":"https:\/\/api.w.org\/{rel}","templated":true}]}}