{"id":305,"date":"2017-04-24T22:57:00","date_gmt":"2017-04-24T22:57:00","guid":{"rendered":"http:\/\/vcaaadev\/?page_id=305"},"modified":"2025-10-14T14:42:56","modified_gmt":"2025-10-14T21:42:56","slug":"vendor-service-tools","status":"publish","type":"page","link":"https:\/\/vcaaa.venturacounty.gov\/es\/for-providers\/vendor-service-tools\/","title":{"rendered":"Herramientas de servicio al vendedor"},"content":{"rendered":"<div data-elementor-type=\"wp-page\" data-elementor-id=\"305\" class=\"elementor elementor-305\" data-elementor-post-type=\"page\">\n\t\t\t\t\t\t<section class=\"elementor-section elementor-top-section elementor-element elementor-element-6e108abd elementor-section-boxed elementor-section-height-default elementor-section-height-default\" data-id=\"6e108abd\" data-element_type=\"section\" data-e-type=\"section\" data-settings=\"{&quot;jet_parallax_layout_list&quot;:[]}\">\n\t\t\t\t\t\t<div class=\"elementor-container elementor-column-gap-default\">\n\t\t\t\t\t<div class=\"elementor-column elementor-col-50 elementor-top-column elementor-element elementor-element-258ffc9\" data-id=\"258ffc9\" data-element_type=\"column\" data-e-type=\"column\">\n\t\t\t<div class=\"elementor-widget-wrap elementor-element-populated\">\n\t\t\t\t\t\t<div class=\"elementor-element elementor-element-7dcde68 elementor-widget elementor-widget-heading\" data-id=\"7dcde68\" data-element_type=\"widget\" data-e-type=\"widget\" data-widget_type=\"heading.default\">\n\t\t\t\t<div class=\"elementor-widget-container\">\n\t\t\t\t\t<h2 class=\"elementor-heading-title elementor-size-default\">Men\u00fa de proveedores<\/h2>\t\t\t\t<\/div>\n\t\t\t\t<\/div>\n\t\t\t\t<div class=\"elementor-element elementor-element-cfb8bf6 elementor-widget elementor-widget-global elementor-global-7363 elementor-widget-jet-custom-menu\" data-id=\"cfb8bf6\" data-element_type=\"widget\" data-e-type=\"widget\" data-widget_type=\"jet-custom-menu.default\">\n\t\t\t\t<div class=\"elementor-widget-container\">\n\t\t\t\t\t<div class=\"menu-providers-container\"><div class=\"jet-custom-nav jet-custom-nav--dropdown-right-side jet-custom-nav--animation-fade\" data-trigger=\"hover\"><div class=\"menu-item menu-item-type-post_type menu-item-object-page jet-custom-nav__item jet-custom-nav__item-8737\"><a href=\"https:\/\/vcaaa.venturacounty.gov\/es\/for-providers\/\" class=\"jet-custom-nav__item-link\"><span class=\"jet-menu-link-text\"><span class=\"jet-custom-item-label top-level-label\">Para proveedores<\/span><\/span><\/a><\/div>\n<div class=\"menu-item menu-item-type-post_type menu-item-object-page jet-custom-nav__item jet-custom-nav__item-7361\"><a href=\"https:\/\/vcaaa.venturacounty.gov\/es\/for-providers\/vendor-service-tools\/\" class=\"jet-custom-nav__item-link\"><span class=\"jet-menu-link-text\"><span class=\"jet-custom-item-label top-level-label\">Herramientas de servicio al vendedor<\/span><\/span><\/a><\/div>\n<div class=\"menu-item menu-item-type-post_type menu-item-object-page jet-custom-nav__item jet-custom-nav__item-7362\"><a href=\"https:\/\/vcaaa.venturacounty.gov\/es\/for-providers\/grantee-service-tools\/\" class=\"jet-custom-nav__item-link\"><span class=\"jet-menu-link-text\"><span class=\"jet-custom-item-label top-level-label\">Herramientas de servicio para beneficiarios<\/span><\/span><\/a><\/div>\n<div class=\"menu-item menu-item-type-post_type menu-item-object-page jet-custom-nav__item jet-custom-nav__item-7935\"><a href=\"https:\/\/vcaaa.venturacounty.gov\/es\/for-providers\/legal-notices\/\" class=\"jet-custom-nav__item-link\"><span class=\"jet-menu-link-text\"><span class=\"jet-custom-item-label top-level-label\">Menciones legales<\/span><\/span><\/a><\/div>\n<\/div><\/div>\t\t\t\t<\/div>\n\t\t\t\t<\/div>\n\t\t\t\t\t<\/div>\n\t\t<\/div>\n\t\t\t\t<div class=\"elementor-column elementor-col-50 elementor-top-column elementor-element elementor-element-55a749bc\" data-id=\"55a749bc\" data-element_type=\"column\" data-e-type=\"column\">\n\t\t\t<div class=\"elementor-widget-wrap elementor-element-populated\">\n\t\t\t\t\t\t<div class=\"elementor-element elementor-element-6511ba14 elementor-widget elementor-widget-text-editor\" data-id=\"6511ba14\" data-element_type=\"widget\" data-e-type=\"widget\" data-widget_type=\"text-editor.default\">\n\t\t\t\t<div class=\"elementor-widget-container\">\n\t\t\t\t\t\t\t\t\t<p><strong>Los siguientes servicios de proveedores son los m\u00e1s solicitados:<\/strong>: Regreso seguro y pulseras de alerta m\u00e9dica, administraci\u00f3n de fondos, servicios de transporte (apto para adultos mayores fr\u00e1giles o con discapacidad), reparaciones o modificaciones para la seguridad del hogar, limpieza de riesgos biol\u00f3gicos y gesti\u00f3n de residuos (es decir, capacidad para retirar y desechar sustancias potencialmente pat\u00f3genas), equipo de adaptaci\u00f3n\/equipo no m\u00e9dico para el hogar (DEBE ser un proveedor con contrato con Medi-Cal y Medicare para sillas de ruedas, rampas de acceso, camas de hospital, andadores, etc.), servicios de respiro, cuidado personal, asistencia con las tareas dom\u00e9sticas, comidas a domicilio y ElderHelp. Se anima a las personas biling\u00fces hispanohablantes que brinden servicios a adultos mayores o con discapacidad a que se postulen.&nbsp;<\/p>\n<p>Cuando se necesiten solicitudes de propuestas, se publicar\u00e1n en el <a href=\"https:\/\/ventura.bonfirehub.com\/portal\" target=\"_blank\" rel=\"noopener\" data-uw-rm-brl=\"PR\" data-uw-original-href=\"https:\/\/ventura.bonfirehub.com\/portal\" aria-label=\"Portal de hogueras del condado de Ventura: abrir en una nueva pesta\u00f1a\" data-uw-rm-ext-link=\"\" uw-rm-external-link-id=\"https:\/\/ventura.bonfirehub.com\/portal$countyofventura'sbonfireportal\">Portal de hogueras del condado de Ventura<\/a>.<\/p>\t\t\t\t\t\t\t\t<\/div>\n\t\t\t\t<\/div>\n\t\t\t\t\t<\/div>\n\t\t<\/div>\n\t\t\t\t\t<\/div>\n\t\t<\/section>\n\t\t\t\t<\/div>","protected":false},"excerpt":{"rendered":"<p>Provider Menu For Providers Vendor Service Tools Grantee Service Tools Legal Notices The following vendor services are often sought: Safe return and medical alert bracelets, money management, transportation services (appropriate [&hellip;]<\/p>\n","protected":false},"author":2,"featured_media":0,"parent":301,"menu_order":0,"comment_status":"closed","ping_status":"closed","template":"","meta":{"_seopress_robots_primary_cat":"","_seopress_titles_title":"","_seopress_titles_desc":"","_seopress_robots_index":"","footnotes":""},"class_list":["post-305","page","type-page","status-publish","hentry"],"_links":{"self":[{"href":"https:\/\/vcaaa.venturacounty.gov\/es\/wp-json\/wp\/v2\/pages\/305","targetHints":{"allow":["GET"]}}],"collection":[{"href":"https:\/\/vcaaa.venturacounty.gov\/es\/wp-json\/wp\/v2\/pages"}],"about":[{"href":"https:\/\/vcaaa.venturacounty.gov\/es\/wp-json\/wp\/v2\/types\/page"}],"author":[{"embeddable":true,"href":"https:\/\/vcaaa.venturacounty.gov\/es\/wp-json\/wp\/v2\/users\/2"}],"replies":[{"embeddable":true,"href":"https:\/\/vcaaa.venturacounty.gov\/es\/wp-json\/wp\/v2\/comments?post=305"}],"version-history":[{"count":0,"href":"https:\/\/vcaaa.venturacounty.gov\/es\/wp-json\/wp\/v2\/pages\/305\/revisions"}],"up":[{"embeddable":true,"href":"https:\/\/vcaaa.venturacounty.gov\/es\/wp-json\/wp\/v2\/pages\/301"}],"wp:attachment":[{"href":"https:\/\/vcaaa.venturacounty.gov\/es\/wp-json\/wp\/v2\/media?parent=305"}],"curies":[{"name":"gracias","href":"https:\/\/api.w.org\/{rel}","templated":true}]}}