{"id":301,"date":"2017-04-24T22:55:42","date_gmt":"2017-04-24T22:55:42","guid":{"rendered":"http:\/\/vcaaadev\/?page_id=301"},"modified":"2025-06-30T09:40:45","modified_gmt":"2025-06-30T16:40:45","slug":"for-providers","status":"publish","type":"page","link":"https:\/\/vcaaa.venturacounty.gov\/es\/for-providers\/","title":{"rendered":"Para proveedores"},"content":{"rendered":"<div data-elementor-type=\"wp-page\" data-elementor-id=\"301\" class=\"elementor elementor-301\" data-elementor-post-type=\"page\">\n\t\t\t\t\t\t<section class=\"elementor-section elementor-top-section elementor-element elementor-element-157bfb elementor-section-boxed elementor-section-height-default elementor-section-height-default\" data-id=\"157bfb\" data-element_type=\"section\" data-e-type=\"section\" data-settings=\"{&quot;jet_parallax_layout_list&quot;:[]}\">\n\t\t\t\t\t\t<div class=\"elementor-container elementor-column-gap-no\">\n\t\t\t\t\t<div class=\"elementor-column elementor-col-50 elementor-top-column elementor-element elementor-element-d83e69b\" data-id=\"d83e69b\" data-element_type=\"column\" data-e-type=\"column\">\n\t\t\t<div class=\"elementor-widget-wrap elementor-element-populated\">\n\t\t\t\t\t\t<div class=\"elementor-element elementor-element-68307cb elementor-widget elementor-widget-text-editor\" data-id=\"68307cb\" data-element_type=\"widget\" data-e-type=\"widget\" data-widget_type=\"text-editor.default\">\n\t\t\t\t<div class=\"elementor-widget-container\">\n\t\t\t\t\t\t\t\t\t<h2 class=\"elementor-heading-title elementor-size-default\" role=\"heading\" aria-level=\"1\" data-uw-rm-heading=\"level\">MEN\u00da DE PROVEEDORES<\/h2>\t\t\t\t\t\t\t\t<\/div>\n\t\t\t\t<\/div>\n\t\t\t\t<div class=\"elementor-element elementor-element-d600546 elementor-widget elementor-widget-jet-custom-menu\" data-id=\"d600546\" data-element_type=\"widget\" data-e-type=\"widget\" data-widget_type=\"jet-custom-menu.default\">\n\t\t\t\t<div class=\"elementor-widget-container\">\n\t\t\t\t\t<div class=\"menu-providers-container\"><div class=\"jet-custom-nav jet-custom-nav--dropdown-right-side jet-custom-nav--animation-fade\" data-trigger=\"hover\"><div class=\"menu-item menu-item-type-post_type menu-item-object-page jet-custom-nav__item jet-custom-nav__item-8737\"><a href=\"https:\/\/vcaaa.venturacounty.gov\/es\/for-providers\/\" class=\"jet-custom-nav__item-link\"><span class=\"jet-menu-link-text\"><span class=\"jet-custom-item-label top-level-label\">Para proveedores<\/span><\/span><\/a><\/div>\n<div class=\"menu-item menu-item-type-post_type menu-item-object-page jet-custom-nav__item jet-custom-nav__item-7361\"><a href=\"https:\/\/vcaaa.venturacounty.gov\/es\/for-providers\/vendor-service-tools\/\" class=\"jet-custom-nav__item-link\"><span class=\"jet-menu-link-text\"><span class=\"jet-custom-item-label top-level-label\">Herramientas de servicio al vendedor<\/span><\/span><\/a><\/div>\n<div class=\"menu-item menu-item-type-post_type menu-item-object-page jet-custom-nav__item jet-custom-nav__item-7362\"><a href=\"https:\/\/vcaaa.venturacounty.gov\/es\/for-providers\/grantee-service-tools\/\" class=\"jet-custom-nav__item-link\"><span class=\"jet-menu-link-text\"><span class=\"jet-custom-item-label top-level-label\">Herramientas de servicio para beneficiarios<\/span><\/span><\/a><\/div>\n<div class=\"menu-item menu-item-type-post_type menu-item-object-page jet-custom-nav__item jet-custom-nav__item-7935\"><a href=\"https:\/\/vcaaa.venturacounty.gov\/es\/for-providers\/legal-notices\/\" class=\"jet-custom-nav__item-link\"><span class=\"jet-menu-link-text\"><span class=\"jet-custom-item-label top-level-label\">Menciones legales<\/span><\/span><\/a><\/div>\n<\/div><\/div>\t\t\t\t<\/div>\n\t\t\t\t<\/div>\n\t\t\t\t<div class=\"elementor-element elementor-element-171d368 elementor-widget elementor-widget-text-editor\" data-id=\"171d368\" data-element_type=\"widget\" data-e-type=\"widget\" data-widget_type=\"text-editor.default\">\n\t\t\t\t<div class=\"elementor-widget-container\">\n\t\t\t\t\t\t\t\t\t<h2 class=\"elementor-heading-title elementor-size-default\" role=\"heading\" aria-level=\"1\" data-uw-rm-heading=\"level\">MEN\u00da PRINCIPAL<\/h2>\t\t\t\t\t\t\t\t<\/div>\n\t\t\t\t<\/div>\n\t\t\t\t<div class=\"elementor-element elementor-element-6eb1102 elementor-widget elementor-widget-global elementor-global-7109 elementor-widget-jet-custom-menu\" data-id=\"6eb1102\" data-element_type=\"widget\" data-e-type=\"widget\" data-widget_type=\"jet-custom-menu.default\">\n\t\t\t\t<div class=\"elementor-widget-container\">\n\t\t\t\t\t<div class=\"menu-for-menu-container\"><div class=\"jet-custom-nav jet-custom-nav--dropdown-right-side jet-custom-nav--animation-fade\" data-trigger=\"hover\"><div class=\"menu-item menu-item-type-post_type menu-item-object-page jet-custom-nav__item jet-custom-nav__item-7108\"><a href=\"https:\/\/vcaaa.venturacounty.gov\/es\/for-older-adults\/\" class=\"jet-custom-nav__item-link\"><span class=\"jet-menu-link-text\"><span class=\"jet-custom-item-label top-level-label\">Para personas mayores<\/span><\/span><\/a><\/div>\n<div class=\"menu-item menu-item-type-post_type menu-item-object-page jet-custom-nav__item jet-custom-nav__item-8715\"><a href=\"https:\/\/vcaaa.venturacounty.gov\/es\/for-people-with-disabilities\/\" class=\"jet-custom-nav__item-link\"><span class=\"jet-menu-link-text\"><span class=\"jet-custom-item-label top-level-label\">Para personas con discapacidad<\/span><\/span><\/a><\/div>\n<div class=\"menu-item menu-item-type-post_type menu-item-object-page jet-custom-nav__item jet-custom-nav__item-7106\"><a href=\"https:\/\/vcaaa.venturacounty.gov\/es\/for-caregivers\/\" class=\"jet-custom-nav__item-link\"><span class=\"jet-menu-link-text\"><span class=\"jet-custom-item-label top-level-label\">Para cuidadores<\/span><\/span><\/a><\/div>\n<div class=\"menu-item menu-item-type-post_type menu-item-object-page jet-custom-nav__item jet-custom-nav__item-7105\"><a href=\"https:\/\/vcaaa.venturacounty.gov\/es\/about-us\/volunteers\/\" class=\"jet-custom-nav__item-link\"><span class=\"jet-menu-link-text\"><span class=\"jet-custom-item-label top-level-label\">Para los voluntarios<\/span><\/span><\/a><\/div>\n<div class=\"menu-item menu-item-type-post_type menu-item-object-page jet-custom-nav__item jet-custom-nav__item-7107\"><a href=\"https:\/\/vcaaa.venturacounty.gov\/es\/for-providers\/\" class=\"jet-custom-nav__item-link\"><span class=\"jet-menu-link-text\"><span class=\"jet-custom-item-label top-level-label\">Para proveedores<\/span><\/span><\/a><\/div>\n<\/div><\/div>\t\t\t\t<\/div>\n\t\t\t\t<\/div>\n\t\t\t\t\t<\/div>\n\t\t<\/div>\n\t\t\t\t<div class=\"elementor-column elementor-col-50 elementor-top-column elementor-element elementor-element-1ade42b8\" data-id=\"1ade42b8\" data-element_type=\"column\" data-e-type=\"column\">\n\t\t\t<div class=\"elementor-widget-wrap elementor-element-populated\">\n\t\t\t\t\t\t<div class=\"elementor-element elementor-element-4fd5aa5f elementor-widget elementor-widget-text-editor\" data-id=\"4fd5aa5f\" data-element_type=\"widget\" data-e-type=\"widget\" data-widget_type=\"text-editor.default\">\n\t\t\t\t<div class=\"elementor-widget-container\">\n\t\t\t\t\t\t\t\t\t<p>Todos los contratistas y proveedores de VCAAA se consideran socios de VCAAA en la prestaci\u00f3n de servicios y programas a la poblaci\u00f3n adulta mayor del condado de Ventura y a sus cuidadores familiares. VCAAA emite dos tipos de contratos:<\/p><p>1. <span style=\"color: #008080;\"><a href=\"\/es\/for-providers\/vendor-service-tools\/\" data-uw-rm-brl=\"PR\" data-uw-original-href=\"https:\/\/vcaaa.venturacounty.gov\/for-providers\/vendor-service-tools\/\">Proveedor<\/a><\/span> (prestar servicios a demanda)<br \/>2. <span style=\"color: #008080;\"><a href=\"\/es\/for-providers\/grantee-service-tools\/\" data-uw-rm-brl=\"PR\" data-uw-original-href=\"https:\/\/vcaaa.venturacounty.gov\/for-providers\/grantee-service-tools\/\">Contratista o \u201cBeneficiario\u201d<\/a><\/span> (para proporcionar servicios financiados mediante subvenciones que normalmente se especifican en una solicitud de propuesta)<\/p><p><span style=\"color: #008080;\">\" <a href=\"\/es\/for-providers\/grantee-service-tools\/\" data-uw-rm-brl=\"PR\" data-uw-original-href=\"https:\/\/vcaaa.venturacounty.gov\/for-providers\/grantee-service-tools\/\">Capacitaci\u00f3n en concientizaci\u00f3n sobre seguridad<\/a><strong><br \/><\/strong><\/span><span style=\"color: #008080;\">\" <\/span><a href=\"\/es\/for-providers\/grantee-service-tools\/\" data-uw-rm-brl=\"PR\" data-uw-original-href=\"https:\/\/vcaaa.venturacounty.gov\/for-providers\/grantee-service-tools\/\">Formularios de admisi\u00f3n de clientes<\/a><\/p><p>La VCAAA ha migrado a Bonfire Interactive para sus servicios de adquisiciones. Bonfire Interactive es un portal web de adquisiciones que permite recibir notificaciones de oportunidades de negocio (solicitudes de propuestas, solicitudes de cotizaci\u00f3n, solicitudes de licitaci\u00f3n, etc.) y enviar propuestas y ofertas electr\u00f3nicamente.<\/p><p>Si est\u00e1 interesado en asociarse con la VCAAA para brindar servicios, registre su empresa en el portal Bonfire del condado de Ventura en <a href=\"https:\/\/ventura.bonfirehub.com\" target=\"_blank\" rel=\"noopener\">ventura.bonfirehub.com<\/a>El registro es gratuito y sencillo. Al crear su perfil de proveedor, seleccione el c\u00f3digo de producto NIGP 95200 SERVICIOS HUMANOS, as\u00ed como otros c\u00f3digos que coincidan con su tipo de negocio, para recibir notificaciones sobre oportunidades de negocio a medida que se publiquen.<\/p>\t\t\t\t\t\t\t\t<\/div>\n\t\t\t\t<\/div>\n\t\t\t\t\t<\/div>\n\t\t<\/div>\n\t\t\t\t\t<\/div>\n\t\t<\/section>\n\t\t\t\t<\/div>","protected":false},"excerpt":{"rendered":"<p>PROVIDER MENU For Providers Vendor Service Tools Grantee Service Tools Legal Notices MAIN MENU For Older Adults For People With Disabilities For Caregivers For Volunteers For Providers All VCAAA contractors [&hellip;]<\/p>\n","protected":false},"author":2,"featured_media":0,"parent":0,"menu_order":0,"comment_status":"closed","ping_status":"closed","template":"","meta":{"_seopress_robots_primary_cat":"","_seopress_titles_title":"","_seopress_titles_desc":"","_seopress_robots_index":"","footnotes":""},"class_list":["post-301","page","type-page","status-publish","hentry"],"_links":{"self":[{"href":"https:\/\/vcaaa.venturacounty.gov\/es\/wp-json\/wp\/v2\/pages\/301","targetHints":{"allow":["GET"]}}],"collection":[{"href":"https:\/\/vcaaa.venturacounty.gov\/es\/wp-json\/wp\/v2\/pages"}],"about":[{"href":"https:\/\/vcaaa.venturacounty.gov\/es\/wp-json\/wp\/v2\/types\/page"}],"author":[{"embeddable":true,"href":"https:\/\/vcaaa.venturacounty.gov\/es\/wp-json\/wp\/v2\/users\/2"}],"replies":[{"embeddable":true,"href":"https:\/\/vcaaa.venturacounty.gov\/es\/wp-json\/wp\/v2\/comments?post=301"}],"version-history":[{"count":0,"href":"https:\/\/vcaaa.venturacounty.gov\/es\/wp-json\/wp\/v2\/pages\/301\/revisions"}],"wp:attachment":[{"href":"https:\/\/vcaaa.venturacounty.gov\/es\/wp-json\/wp\/v2\/media?parent=301"}],"curies":[{"name":"gracias","href":"https:\/\/api.w.org\/{rel}","templated":true}]}}