{"id":285,"date":"2017-04-24T22:43:35","date_gmt":"2017-04-24T22:43:35","guid":{"rendered":"http:\/\/vcaaadev\/?page_id=285"},"modified":"2025-11-13T16:25:02","modified_gmt":"2025-11-14T00:25:02","slug":"emergency-services","status":"publish","type":"page","link":"https:\/\/vcaaa.venturacounty.gov\/es\/our-services\/emergency-services\/","title":{"rendered":"Servicios de emergencia"},"content":{"rendered":"<div data-elementor-type=\"wp-page\" data-elementor-id=\"285\" class=\"elementor elementor-285\" data-elementor-post-type=\"page\">\n\t\t\t\t\t\t<section class=\"elementor-section elementor-top-section elementor-element elementor-element-5729312e elementor-section-boxed elementor-section-height-default elementor-section-height-default\" data-id=\"5729312e\" data-element_type=\"section\" data-e-type=\"section\" data-settings=\"{&quot;jet_parallax_layout_list&quot;:[]}\">\n\t\t\t\t\t\t<div class=\"elementor-container elementor-column-gap-default\">\n\t\t\t\t\t<div class=\"elementor-column elementor-col-50 elementor-top-column elementor-element elementor-element-3d93bbc\" data-id=\"3d93bbc\" data-element_type=\"column\" data-e-type=\"column\">\n\t\t\t<div class=\"elementor-widget-wrap elementor-element-populated\">\n\t\t\t\t\t\t<div class=\"elementor-element elementor-element-5174dda elementor-widget elementor-widget-heading\" data-id=\"5174dda\" data-element_type=\"widget\" data-e-type=\"widget\" data-widget_type=\"heading.default\">\n\t\t\t\t<div class=\"elementor-widget-container\">\n\t\t\t\t\t<h2 class=\"elementor-heading-title elementor-size-default\">ENLACES A P\u00c1GINAS<\/h2>\t\t\t\t<\/div>\n\t\t\t\t<\/div>\n\t\t\t\t<div class=\"elementor-element elementor-element-347fad1 elementor-widget elementor-widget-jet-custom-menu\" data-id=\"347fad1\" data-element_type=\"widget\" data-e-type=\"widget\" data-widget_type=\"jet-custom-menu.default\">\n\t\t\t\t<div class=\"elementor-widget-container\">\n\t\t\t\t\t<div class=\"menu-emergency-services-container\"><div class=\"jet-custom-nav jet-custom-nav--dropdown-right-side jet-custom-nav--animation-fade\" data-trigger=\"hover\"><div class=\"menu-item menu-item-type-custom menu-item-object-custom jet-custom-nav__item jet-custom-nav__item-8686\"><a href=\"#emergencylinks\" class=\"jet-custom-nav__item-link\"><span class=\"jet-menu-link-text\"><span class=\"jet-custom-item-label top-level-label\">Enlaces importantes del condado de Ventura<\/span><\/span><\/a><\/div>\n<div class=\"menu-item menu-item-type-custom menu-item-object-custom jet-custom-nav__item jet-custom-nav__item-8689\"><a href=\"#emergencyolder\" class=\"jet-custom-nav__item-link\"><span class=\"jet-menu-link-text\"><span class=\"jet-custom-item-label top-level-label\">Informaci\u00f3n para adultos mayores y personas con discapacidad<\/span><\/span><\/a><\/div>\n<div class=\"menu-item menu-item-type-custom menu-item-object-custom jet-custom-nav__item jet-custom-nav__item-8690\"><a href=\"#emergencylinks2\" class=\"jet-custom-nav__item-link\"><span class=\"jet-menu-link-text\"><span class=\"jet-custom-item-label top-level-label\">M\u00e1s enlaces<\/span><\/span><\/a><\/div>\n<\/div><\/div>\t\t\t\t<\/div>\n\t\t\t\t<\/div>\n\t\t\t\t\t<\/div>\n\t\t<\/div>\n\t\t\t\t<div class=\"elementor-column elementor-col-50 elementor-top-column elementor-element elementor-element-a10b72e\" data-id=\"a10b72e\" data-element_type=\"column\" data-e-type=\"column\">\n\t\t\t<div class=\"elementor-widget-wrap elementor-element-populated\">\n\t\t\t\t\t\t<div class=\"elementor-element elementor-element-768fc2b elementor-widget elementor-widget-image\" data-id=\"768fc2b\" data-element_type=\"widget\" data-e-type=\"widget\" data-widget_type=\"image.default\">\n\t\t\t\t<div class=\"elementor-widget-container\">\n\t\t\t\t\t\t\t\t\t\t\t\t\t\t\t<img fetchpriority=\"high\" decoding=\"async\" width=\"800\" height=\"160\" src=\"https:\/\/vcaaa.venturacounty.gov\/wp-content\/uploads\/2024\/12\/Emergency.jpg\" class=\"attachment-large size-large wp-image-8760\" alt=\"collage of photos, a fire truck, a mountain fire and a thermometer\" srcset=\"https:\/\/vcaaa.venturacounty.gov\/wp-content\/uploads\/2024\/12\/Emergency.jpg 1000w, https:\/\/vcaaa.venturacounty.gov\/wp-content\/uploads\/2024\/12\/Emergency-480x96.jpg 480w, https:\/\/vcaaa.venturacounty.gov\/wp-content\/uploads\/2024\/12\/Emergency-768x154.jpg 768w, https:\/\/vcaaa.venturacounty.gov\/wp-content\/uploads\/2024\/12\/Emergency-18x4.jpg 18w\" sizes=\"(max-width: 800px) 100vw, 800px\" \/>\t\t\t\t\t\t\t\t\t\t\t\t\t\t\t<\/div>\n\t\t\t\t<\/div>\n\t\t\t\t<div class=\"elementor-element elementor-element-7abe344 elementor-widget elementor-widget-text-editor\" data-id=\"7abe344\" data-element_type=\"widget\" data-e-type=\"widget\" data-widget_type=\"text-editor.default\">\n\t\t\t\t<div class=\"elementor-widget-container\">\n\t\t\t\t\t\t\t\t\t<p>Un terremoto de magnitud 8.0. Olas de calor insoportables. Un tsunami con olas de 15 metros. Deslizamientos de tierra en La Conchita. Tormentas de fuego en el sur de California\u2026 \u00bfEst\u00e1s listo?<\/p><p>La mayor\u00eda de la gente no piensa mucho en la preparaci\u00f3n para emergencias. Generalmente es una idea pasajera: &quot;S\u00ed, tengo que hacer eso&quot;, &quot;Es una gran idea, pero...&quot; o &quot;\u00bfNo estar\u00e1n FEMA o la Cruz Roja para ayudar en una emergencia?&quot;. Pero en muchas situaciones, la mayor\u00eda de las personas afectadas tuvieron que valerse por s\u00ed mismas para salir de una situaci\u00f3n desastrosa. \u00bfEst\u00e1s preparado para eso?<\/p><p>La preparaci\u00f3n es fundamental y podr\u00eda salvarle la vida a usted y a su familia. Prepare sus suministros de emergencia, tenga un plan y est\u00e9 preparado. Utilice esta lista de sitios web para ser m\u00e1s autosuficiente en caso de emergencia.<\/p>\t\t\t\t\t\t\t\t<\/div>\n\t\t\t\t<\/div>\n\t\t\t\t<div class=\"elementor-element elementor-element-554010d elementor-widget-divider--view-line elementor-widget elementor-widget-divider\" data-id=\"554010d\" data-element_type=\"widget\" data-e-type=\"widget\" data-widget_type=\"divider.default\">\n\t\t\t\t<div class=\"elementor-widget-container\">\n\t\t\t\t\t\t\t<div class=\"elementor-divider\">\n\t\t\t<span class=\"elementor-divider-separator\">\n\t\t\t\t\t\t<\/span>\n\t\t<\/div>\n\t\t\t\t\t\t<\/div>\n\t\t\t\t<\/div>\n\t\t\t\t<div class=\"elementor-element elementor-element-3e11240 elementor-widget elementor-widget-menu-anchor\" data-id=\"3e11240\" data-element_type=\"widget\" data-e-type=\"widget\" data-widget_type=\"menu-anchor.default\">\n\t\t\t\t<div class=\"elementor-widget-container\">\n\t\t\t\t\t\t\t<div class=\"elementor-menu-anchor\" id=\"emergencylinks\"><\/div>\n\t\t\t\t\t\t<\/div>\n\t\t\t\t<\/div>\n\t\t\t\t<div class=\"elementor-element elementor-element-aebaf62 elementor-widget elementor-widget-heading\" data-id=\"aebaf62\" data-element_type=\"widget\" data-e-type=\"widget\" data-widget_type=\"heading.default\">\n\t\t\t\t<div class=\"elementor-widget-container\">\n\t\t\t\t\t<h2 class=\"elementor-heading-title elementor-size-default\">Condado de Ventura - Enlaces importantes<\/h2>\t\t\t\t<\/div>\n\t\t\t\t<\/div>\n\t\t\t\t<div class=\"elementor-element elementor-element-8a52b58 elementor-widget elementor-widget-text-editor\" data-id=\"8a52b58\" data-element_type=\"widget\" data-e-type=\"widget\" data-widget_type=\"text-editor.default\">\n\t\t\t\t<div class=\"elementor-widget-container\">\n\t\t\t\t\t\t\t\t\t<p><span style=\"color: #008080;\">\" <a href=\"https:\/\/member.everbridge.net\/1772417038942453\/new\" target=\"_blank\" rel=\"noopener\">Reg\u00edstrese en VC Alert: Sistema de notificaci\u00f3n de emergencias<\/a><br \/>\" <\/span><a href=\"https:\/\/venturacounty.gov\/human-services-agency\/hsa-alert\/\" target=\"_blank\" rel=\"noopener\">Alerta de HSA<\/a><br \/><span style=\"color: #008080;\">\" <\/span><a href=\"https:\/\/emergency.venturacounty.gov\/\" target=\"_blank\" rel=\"noopener\">Emergencia de VC<\/a><br \/><span style=\"color: #008080;\">\" <\/span><a class=\"txtlink\" href=\"https:\/\/ready.venturacounty.gov\/\" target=\"_blank\" rel=\"noopener noreferrer\">ReadyVenturaCounty.gov<\/a><br \/><span style=\"color: #008080;\">\" <\/span><a href=\"https:\/\/recovery.venturacounty.gov\/\" target=\"_blank\" rel=\"noopener\">El condado de Ventura se recupera<\/a><br \/><span style=\"color: #008080;\">\" <\/span><a href=\"https:\/\/sheriff.venturacounty.gov\/patrol-services\/office-of-emergency-services\/\" target=\"_blank\" rel=\"noopener\">Departamento del Sheriff del Condado de Ventura \u2014 Oficina de Servicios de Emergencia<\/a><br \/>\"\u00a0<a href=\"https:\/\/211ventura.org\/disaster-resources\/\" target=\"_blank\" rel=\"noopener\" data-uw-rm-brl=\"PR\" data-uw-original-href=\"https:\/\/211ventura.org\/disaster-resources\/\" aria-label=\"Recursos para desastres del condado de Ventura 211 (abrir en una nueva pesta\u00f1a)\" data-uw-rm-ext-link=\"\">211 Recursos para desastres del condado de Ventura<\/a><\/p>\t\t\t\t\t\t\t\t<\/div>\n\t\t\t\t<\/div>\n\t\t\t\t<div class=\"elementor-element elementor-element-0d41ca0 elementor-widget-divider--view-line elementor-widget elementor-widget-divider\" data-id=\"0d41ca0\" data-element_type=\"widget\" data-e-type=\"widget\" data-widget_type=\"divider.default\">\n\t\t\t\t<div class=\"elementor-widget-container\">\n\t\t\t\t\t\t\t<div class=\"elementor-divider\">\n\t\t\t<span class=\"elementor-divider-separator\">\n\t\t\t\t\t\t<\/span>\n\t\t<\/div>\n\t\t\t\t\t\t<\/div>\n\t\t\t\t<\/div>\n\t\t\t\t<div class=\"elementor-element elementor-element-63f7317 elementor-widget elementor-widget-menu-anchor\" data-id=\"63f7317\" data-element_type=\"widget\" data-e-type=\"widget\" data-widget_type=\"menu-anchor.default\">\n\t\t\t\t<div class=\"elementor-widget-container\">\n\t\t\t\t\t\t\t<div class=\"elementor-menu-anchor\" id=\"emergencyolder\"><\/div>\n\t\t\t\t\t\t<\/div>\n\t\t\t\t<\/div>\n\t\t\t\t<div class=\"elementor-element elementor-element-18ffdeb elementor-widget elementor-widget-heading\" data-id=\"18ffdeb\" data-element_type=\"widget\" data-e-type=\"widget\" data-widget_type=\"heading.default\">\n\t\t\t\t<div class=\"elementor-widget-container\">\n\t\t\t\t\t<h2 class=\"elementor-heading-title elementor-size-default\">Informaci\u00f3n para adultos mayores y personas con discapacidad<\/h2>\t\t\t\t<\/div>\n\t\t\t\t<\/div>\n\t\t\t\t<div class=\"elementor-element elementor-element-ed594a3 elementor-widget elementor-widget-text-editor\" data-id=\"ed594a3\" data-element_type=\"widget\" data-e-type=\"widget\" data-widget_type=\"text-editor.default\">\n\t\t\t\t<div class=\"elementor-widget-container\">\n\t\t\t\t\t\t\t\t\t<p><span style=\"color: #008080;\">\" <\/span><a class=\"txtlink\" href=\"https:\/\/www.ready.gov\/older-adults\" target=\"_blank\" rel=\"noopener noreferrer\">Ready America \u2014 Adultos mayores<\/a><br \/><span style=\"color: #008080;\">\" <a class=\"txtlink\" href=\"https:\/\/www.ready.gov\/people-disabilities\" target=\"_blank\" rel=\"noopener noreferrer\">Ready America \u2014 Personas con discapacidad<\/a><br \/><\/span><span style=\"color: #008080;\">\" <\/span><a class=\"txtlink\" href=\"https:\/\/www.redcross.org\/prepare\/location\/home-family\/seniors\" target=\"_blank\" rel=\"noopener noreferrer\">Cruz Roja Americana \u2014 Adultos mayores<\/a><br \/><span style=\"color: #008080;\">\" <\/span><a class=\"txtlink\" href=\"https:\/\/www.redcross.org\/get-help\/how-to-prepare-for-emergencies\/inclusive-preparedness-resources.html\" target=\"_blank\" rel=\"noopener noreferrer\">Cruz Roja Americana \u2014 Personas con discapacidad<\/a><br \/><span style=\"color: #008080;\">\" <\/span><a href=\"https:\/\/www.nia.nih.gov\/health\/safety\/disaster-preparedness-and-recovery-older-adults\" target=\"_blank\" rel=\"noopener\">Instituto Nacional sobre el Envejecimiento \u2014 Adultos Mayores<\/a><\/p>\t\t\t\t\t\t\t\t<\/div>\n\t\t\t\t<\/div>\n\t\t\t\t<div class=\"elementor-element elementor-element-ca478f8 elementor-widget-divider--view-line elementor-widget elementor-widget-divider\" data-id=\"ca478f8\" data-element_type=\"widget\" data-e-type=\"widget\" data-widget_type=\"divider.default\">\n\t\t\t\t<div class=\"elementor-widget-container\">\n\t\t\t\t\t\t\t<div class=\"elementor-divider\">\n\t\t\t<span class=\"elementor-divider-separator\">\n\t\t\t\t\t\t<\/span>\n\t\t<\/div>\n\t\t\t\t\t\t<\/div>\n\t\t\t\t<\/div>\n\t\t\t\t<div class=\"elementor-element elementor-element-a65c49c elementor-widget elementor-widget-menu-anchor\" data-id=\"a65c49c\" data-element_type=\"widget\" data-e-type=\"widget\" data-widget_type=\"menu-anchor.default\">\n\t\t\t\t<div class=\"elementor-widget-container\">\n\t\t\t\t\t\t\t<div class=\"elementor-menu-anchor\" id=\"emergencylinks2\"><\/div>\n\t\t\t\t\t\t<\/div>\n\t\t\t\t<\/div>\n\t\t\t\t<div class=\"elementor-element elementor-element-e72ff69 elementor-widget elementor-widget-heading\" data-id=\"e72ff69\" data-element_type=\"widget\" data-e-type=\"widget\" data-widget_type=\"heading.default\">\n\t\t\t\t<div class=\"elementor-widget-container\">\n\t\t\t\t\t<h2 class=\"elementor-heading-title elementor-size-default\">M\u00e1s enlaces<\/h2>\t\t\t\t<\/div>\n\t\t\t\t<\/div>\n\t\t\t\t<div class=\"elementor-element elementor-element-c887eb2 elementor-widget elementor-widget-text-editor\" data-id=\"c887eb2\" data-element_type=\"widget\" data-e-type=\"widget\" data-widget_type=\"text-editor.default\">\n\t\t\t\t<div class=\"elementor-widget-container\">\n\t\t\t\t\t\t\t\t\t<p><span style=\"color: #008080;\">\" <\/span><a class=\"txtlink\" href=\"https:\/\/www.caloes.ca.gov\/\" target=\"_blank\" rel=\"noopener noreferrer\">CalOES (Oficina Gubernamental de Servicios de Emergencia)<\/a><br \/><span style=\"color: #008080;\">\" <a href=\"https:\/\/www.listoscalifornia.org\/\" target=\"_blank\" rel=\"noopener\">Listos California<\/a><br \/>\" <\/span><a href=\"https:\/\/www.californiavolunteers.ca.gov\/disaster-services\/\" target=\"_blank\" rel=\"noopener\">Voluntarios de California \u2013 Gesti\u00f3n de Desastres<\/a><br \/><span style=\"color: #008080;\">\" <\/span><a class=\"txtlink\" href=\"https:\/\/www.fema.gov\/\" target=\"_blank\" rel=\"noopener noreferrer\">FEMA (Agencia Federal para el Manejo de Emergencias)<\/a><br \/><span style=\"color: #008080;\">\" <\/span><a class=\"txtlink\" href=\"https:\/\/www.ready.gov\/\" target=\"_blank\" rel=\"noopener noreferrer\">Listo Am\u00e9rica<\/a><br \/><span style=\"color: #008080;\">\" <\/span><a class=\"txtlink\" href=\"http:\/\/www.redcross.org\/\" target=\"_blank\" rel=\"noopener noreferrer\">Cruz Roja Americana<\/a><\/p>\t\t\t\t\t\t\t\t<\/div>\n\t\t\t\t<\/div>\n\t\t\t\t\t<\/div>\n\t\t<\/div>\n\t\t\t\t\t<\/div>\n\t\t<\/section>\n\t\t\t\t<\/div>","protected":false},"excerpt":{"rendered":"<p>PAGE LINKS Ventura County Important Links Information for Older Adults &#038; People With Disabilities More Links An earthquake with an 8.0 magnitude. Unbearable heatwaves. A tsunami with 50-foot waves. Mudslides [&hellip;]<\/p>\n","protected":false},"author":2,"featured_media":0,"parent":207,"menu_order":0,"comment_status":"closed","ping_status":"closed","template":"","meta":{"_seopress_robots_primary_cat":"","_seopress_titles_title":"","_seopress_titles_desc":"","_seopress_robots_index":"","footnotes":""},"class_list":["post-285","page","type-page","status-publish","hentry"],"_links":{"self":[{"href":"https:\/\/vcaaa.venturacounty.gov\/es\/wp-json\/wp\/v2\/pages\/285","targetHints":{"allow":["GET"]}}],"collection":[{"href":"https:\/\/vcaaa.venturacounty.gov\/es\/wp-json\/wp\/v2\/pages"}],"about":[{"href":"https:\/\/vcaaa.venturacounty.gov\/es\/wp-json\/wp\/v2\/types\/page"}],"author":[{"embeddable":true,"href":"https:\/\/vcaaa.venturacounty.gov\/es\/wp-json\/wp\/v2\/users\/2"}],"replies":[{"embeddable":true,"href":"https:\/\/vcaaa.venturacounty.gov\/es\/wp-json\/wp\/v2\/comments?post=285"}],"version-history":[{"count":0,"href":"https:\/\/vcaaa.venturacounty.gov\/es\/wp-json\/wp\/v2\/pages\/285\/revisions"}],"up":[{"embeddable":true,"href":"https:\/\/vcaaa.venturacounty.gov\/es\/wp-json\/wp\/v2\/pages\/207"}],"wp:attachment":[{"href":"https:\/\/vcaaa.venturacounty.gov\/es\/wp-json\/wp\/v2\/media?parent=285"}],"curies":[{"name":"gracias","href":"https:\/\/api.w.org\/{rel}","templated":true}]}}