{"id":2800,"date":"2017-06-30T01:47:56","date_gmt":"2017-06-30T01:47:56","guid":{"rendered":"http:\/\/vcaaaproduction.ventura.org\/?page_id=2800"},"modified":"2026-03-20T10:03:49","modified_gmt":"2026-03-20T17:03:49","slug":"caregiver-services","status":"publish","type":"page","link":"https:\/\/vcaaa.venturacounty.gov\/es\/our-services\/caregiver-services\/","title":{"rendered":"Servicios para cuidadores"},"content":{"rendered":"<div data-elementor-type=\"wp-page\" data-elementor-id=\"2800\" class=\"elementor elementor-2800\" data-elementor-post-type=\"page\">\n\t\t\t\t\t\t<section class=\"elementor-section elementor-top-section elementor-element elementor-element-213b46c0 elementor-section-boxed elementor-section-height-default elementor-section-height-default\" data-id=\"213b46c0\" data-element_type=\"section\" data-e-type=\"section\" data-settings=\"{&quot;jet_parallax_layout_list&quot;:[]}\">\n\t\t\t\t\t\t<div class=\"elementor-container elementor-column-gap-no\">\n\t\t\t\t\t<div class=\"elementor-column elementor-col-50 elementor-top-column elementor-element elementor-element-ccb8994\" data-id=\"ccb8994\" data-element_type=\"column\" data-e-type=\"column\">\n\t\t\t<div class=\"elementor-widget-wrap elementor-element-populated\">\n\t\t\t\t\t\t<div class=\"elementor-element elementor-element-d43a016 elementor-widget elementor-widget-heading\" data-id=\"d43a016\" data-element_type=\"widget\" data-e-type=\"widget\" data-widget_type=\"heading.default\">\n\t\t\t\t<div class=\"elementor-widget-container\">\n\t\t\t\t\t<h2 class=\"elementor-heading-title elementor-size-large\">ENLACES A P\u00c1GINAS<\/h2>\t\t\t\t<\/div>\n\t\t\t\t<\/div>\n\t\t\t\t<div class=\"elementor-element elementor-element-17bc237 elementor-widget elementor-widget-jet-custom-menu\" data-id=\"17bc237\" data-element_type=\"widget\" data-e-type=\"widget\" data-widget_type=\"jet-custom-menu.default\">\n\t\t\t\t<div class=\"elementor-widget-container\">\n\t\t\t\t\t<div class=\"menu-caregiver-services-container\"><div class=\"jet-custom-nav jet-custom-nav--dropdown-right-side jet-custom-nav--animation-fade\" data-trigger=\"hover\"><div class=\"menu-item menu-item-type-custom menu-item-object-custom jet-custom-nav__item jet-custom-nav__item-8672\"><a href=\"#tcare\" class=\"jet-custom-nav__item-link\"><span class=\"jet-menu-link-text\"><span class=\"jet-custom-item-label top-level-label\">Evaluaci\u00f3n TCARE<\/span><\/span><\/a><\/div>\n<div class=\"menu-item menu-item-type-custom menu-item-object-custom jet-custom-nav__item jet-custom-nav__item-8673\"><a href=\"#fcrc\" class=\"jet-custom-nav__item-link\"><span class=\"jet-menu-link-text\"><span class=\"jet-custom-item-label top-level-label\">Centros de recursos para cuidadores familiares<\/span><\/span><\/a><\/div>\n<div class=\"menu-item menu-item-type-custom menu-item-object-custom jet-custom-nav__item jet-custom-nav__item-8674\"><a href=\"#ihss\" class=\"jet-custom-nav__item-link\"><span class=\"jet-menu-link-text\"><span class=\"jet-custom-item-label top-level-label\">Servicios de apoyo a domicilio<\/span><\/span><\/a><\/div>\n<div class=\"menu-item menu-item-type-custom menu-item-object-custom jet-custom-nav__item jet-custom-nav__item-8676\"><a href=\"#caregivercounseling\" class=\"jet-custom-nav__item-link\"><span class=\"jet-menu-link-text\"><span class=\"jet-custom-item-label top-level-label\">Asesoramiento previo a la colocaci\u00f3n de cuidadores familiares<\/span><\/span><\/a><\/div>\n<\/div><\/div>\t\t\t\t<\/div>\n\t\t\t\t<\/div>\n\t\t\t\t\t<\/div>\n\t\t<\/div>\n\t\t\t\t<div class=\"elementor-column elementor-col-50 elementor-top-column elementor-element elementor-element-1a4d77c2\" data-id=\"1a4d77c2\" data-element_type=\"column\" data-e-type=\"column\">\n\t\t\t<div class=\"elementor-widget-wrap elementor-element-populated\">\n\t\t\t\t\t\t<div class=\"elementor-element elementor-element-8103304 elementor-widget elementor-widget-image\" data-id=\"8103304\" data-element_type=\"widget\" data-e-type=\"widget\" data-widget_type=\"image.default\">\n\t\t\t\t<div class=\"elementor-widget-container\">\n\t\t\t\t\t\t\t\t\t\t\t\t\t\t\t<img fetchpriority=\"high\" decoding=\"async\" width=\"800\" height=\"160\" src=\"https:\/\/vcaaa.venturacounty.gov\/wp-content\/uploads\/2024\/12\/Caregiver.jpg\" class=\"attachment-large size-large wp-image-8756\" alt=\"collage of young adults with a parent\" srcset=\"https:\/\/vcaaa.venturacounty.gov\/wp-content\/uploads\/2024\/12\/Caregiver.jpg 1000w, https:\/\/vcaaa.venturacounty.gov\/wp-content\/uploads\/2024\/12\/Caregiver-480x96.jpg 480w, https:\/\/vcaaa.venturacounty.gov\/wp-content\/uploads\/2024\/12\/Caregiver-768x154.jpg 768w, https:\/\/vcaaa.venturacounty.gov\/wp-content\/uploads\/2024\/12\/Caregiver-18x4.jpg 18w\" sizes=\"(max-width: 800px) 100vw, 800px\" \/>\t\t\t\t\t\t\t\t\t\t\t\t\t\t\t<\/div>\n\t\t\t\t<\/div>\n\t\t\t\t<div class=\"elementor-element elementor-element-4eff72e9 elementor-widget elementor-widget-text-editor\" data-id=\"4eff72e9\" data-element_type=\"widget\" data-e-type=\"widget\" data-widget_type=\"text-editor.default\">\n\t\t\t\t<div class=\"elementor-widget-container\">\n\t\t\t\t\t\t\t\t\t<p>Si est\u00e1 ayudando a apoyar a un ser querido que tiene 60 a\u00f1os o m\u00e1s, o si es un abuelo que cuida a un nieto, tenemos programas para ayudarlo.<\/p><p><span style=\"color: #008080;\">\" <\/span><a href=\"https:\/\/vcaaa.venturacounty.gov\/wp-content\/uploads\/2025\/07\/Caregiver_Flyer_2025.pdf\" target=\"_blank\" rel=\"noopener\">Folleto de recursos para cuidadores (PDF)<\/a><\/p>\t\t\t\t\t\t\t\t<\/div>\n\t\t\t\t<\/div>\n\t\t\t\t<div class=\"elementor-element elementor-element-6207018 elementor-widget-divider--view-line elementor-widget elementor-widget-divider\" data-id=\"6207018\" data-element_type=\"widget\" data-e-type=\"widget\" data-widget_type=\"divider.default\">\n\t\t\t\t<div class=\"elementor-widget-container\">\n\t\t\t\t\t\t\t<div class=\"elementor-divider\">\n\t\t\t<span class=\"elementor-divider-separator\">\n\t\t\t\t\t\t<\/span>\n\t\t<\/div>\n\t\t\t\t\t\t<\/div>\n\t\t\t\t<\/div>\n\t\t\t\t<div class=\"elementor-element elementor-element-dea1a70 elementor-widget elementor-widget-menu-anchor\" data-id=\"dea1a70\" data-element_type=\"widget\" data-e-type=\"widget\" data-widget_type=\"menu-anchor.default\">\n\t\t\t\t<div class=\"elementor-widget-container\">\n\t\t\t\t\t\t\t<div class=\"elementor-menu-anchor\" id=\"tcare\"><\/div>\n\t\t\t\t\t\t<\/div>\n\t\t\t\t<\/div>\n\t\t\t\t<div class=\"elementor-element elementor-element-c455941 elementor-widget elementor-widget-text-editor\" data-id=\"c455941\" data-element_type=\"widget\" data-e-type=\"widget\" data-widget_type=\"text-editor.default\">\n\t\t\t\t<div class=\"elementor-widget-container\">\n\t\t\t\t\t\t\t\t\t<h2>Evaluaci\u00f3n TCARE<\/h2><p>Solicitamos a cada cuidador que complete primero el formulario de Evaluaci\u00f3n de Cuidadores de TCARE, que busca identificar el nivel de estr\u00e9s y el riesgo de agotamiento del cuidador. Con base en los resultados, se les puede conectar con un trabajador social del Programa de Apoyo a Cuidadores Familiares (FCSP) para crear un plan personalizado que los acompa\u00f1e en su proceso de cuidado.<\/p><p>El FCSP ofrece capacitaci\u00f3n para cuidadores, grupos de apoyo, adaptaciones para el hogar y dispositivos de seguridad, una biblioteca de recursos para cuidadores y un centro de inform\u00e1tica, informaci\u00f3n y asistencia, y educaci\u00f3n comunitaria para cuidadores elegibles. Tambi\u00e9n puede ayudar a los cuidadores con servicios de respiro en el hogar y fuera del hogar (guarder\u00eda) para cuidadores con riesgo de agotamiento.<\/p><p><span style=\"color: #008080;\">\" <\/span><a href=\"https:\/\/caregiver.tcare.ai\/screener\/app\/ventura\/D6Z7QcxrLuK9f3f3Ax5su4n5\" target=\"_blank\" rel=\"noopener\">Formulario de evaluaci\u00f3n del cuidador de TCARE<\/a><\/p>\t\t\t\t\t\t\t\t<\/div>\n\t\t\t\t<\/div>\n\t\t\t\t<div class=\"elementor-element elementor-element-9cc5c8f elementor-widget-divider--view-line elementor-widget elementor-widget-divider\" data-id=\"9cc5c8f\" data-element_type=\"widget\" data-e-type=\"widget\" data-widget_type=\"divider.default\">\n\t\t\t\t<div class=\"elementor-widget-container\">\n\t\t\t\t\t\t\t<div class=\"elementor-divider\">\n\t\t\t<span class=\"elementor-divider-separator\">\n\t\t\t\t\t\t<\/span>\n\t\t<\/div>\n\t\t\t\t\t\t<\/div>\n\t\t\t\t<\/div>\n\t\t\t\t<div class=\"elementor-element elementor-element-df21368 elementor-widget elementor-widget-menu-anchor\" data-id=\"df21368\" data-element_type=\"widget\" data-e-type=\"widget\" data-widget_type=\"menu-anchor.default\">\n\t\t\t\t<div class=\"elementor-widget-container\">\n\t\t\t\t\t\t\t<div class=\"elementor-menu-anchor\" id=\"fcrc\"><\/div>\n\t\t\t\t\t\t<\/div>\n\t\t\t\t<\/div>\n\t\t\t\t<div class=\"elementor-element elementor-element-7b865ac elementor-widget elementor-widget-text-editor\" data-id=\"7b865ac\" data-element_type=\"widget\" data-e-type=\"widget\" data-widget_type=\"text-editor.default\">\n\t\t\t\t<div class=\"elementor-widget-container\">\n\t\t\t\t\t\t\t\t\t<h2>Centros de recursos para cuidadores familiares<\/h2><p>La VCAAA y otras dos organizaciones han dividido el condado de Ventura y creado los Centros de Recursos para Cuidadores Familiares (FCRC). Elija de la lista a continuaci\u00f3n para encontrar el sitio del programa en su comunidad.<\/p><p style=\"padding-left: 30px;\"><span style=\"color: #008080;\"><strong>Distrito Sanitario de Camarillo<\/strong><\/span> Con sede en Camarillo, presta servicios a la comunidad de Camarillo. Llame al 805-388-1952 o al 800-900-8582, o visite <a href=\"https:\/\/www.camhealth.com\" target=\"_blank\" rel=\"noopener noreferrer\">CamHealth.com<\/a>.<\/p><p style=\"padding-left: 30px;\"><span style=\"color: #008080;\"><strong>Preocupaciones de los mayores<\/strong><\/span> Con sede en Thousand Oaks, presta servicios en el este del condado de Ventura (es decir, Thousand Oaks, Simi Valley, Moorpark, la parte de Westlake Village en el condado de Ventura y las \u00e1reas no incorporadas del este del condado de Ventura, incluyendo Newbury Park). Llame al 805-497-0189 o visite <a href=\"https:\/\/www.seniorconcerns.org\" target=\"_blank\" rel=\"noopener noreferrer\">SeniorConcerns.org<\/a>.<\/p><p style=\"padding-left: 30px;\"><span style=\"color: #008080;\"><strong>VCAAA<\/strong><\/span> Con sede en el Valle de Santa Clara, \u201cLa Buena Vida\u201d atiende a todos los cuidadores del oeste del Condado de Ventura (incluyendo Santa Paula, Fillmore, Piru, Ojai, Ventura y Oxnard). Este programa tambi\u00e9n atiende a cuidadores hispanohablantes monoling\u00fces en todo el condado. Llame a la VCAAA al 805-477-7300, opci\u00f3n 2, o env\u00ede un correo electr\u00f3nico. <a href=\"mailto:LOIS.VCAAA@venturacounty.gov\">LOIS.VCAAA@venturacounty.gov<\/a>.<\/p>\t\t\t\t\t\t\t\t<\/div>\n\t\t\t\t<\/div>\n\t\t\t\t<div class=\"elementor-element elementor-element-7cd12dd elementor-widget-divider--view-line elementor-widget elementor-widget-divider\" data-id=\"7cd12dd\" data-element_type=\"widget\" data-e-type=\"widget\" data-widget_type=\"divider.default\">\n\t\t\t\t<div class=\"elementor-widget-container\">\n\t\t\t\t\t\t\t<div class=\"elementor-divider\">\n\t\t\t<span class=\"elementor-divider-separator\">\n\t\t\t\t\t\t<\/span>\n\t\t<\/div>\n\t\t\t\t\t\t<\/div>\n\t\t\t\t<\/div>\n\t\t\t\t<div class=\"elementor-element elementor-element-7f374a8 elementor-widget elementor-widget-menu-anchor\" data-id=\"7f374a8\" data-element_type=\"widget\" data-e-type=\"widget\" data-widget_type=\"menu-anchor.default\">\n\t\t\t\t<div class=\"elementor-widget-container\">\n\t\t\t\t\t\t\t<div class=\"elementor-menu-anchor\" id=\"ihss\"><\/div>\n\t\t\t\t\t\t<\/div>\n\t\t\t\t<\/div>\n\t\t\t\t<div class=\"elementor-element elementor-element-cb42396 elementor-widget elementor-widget-text-editor\" data-id=\"cb42396\" data-element_type=\"widget\" data-e-type=\"widget\" data-widget_type=\"text-editor.default\">\n\t\t\t\t<div class=\"elementor-widget-container\">\n\t\t\t\t\t\t\t\t\t<h2>Servicios de apoyo en el hogar (IHSS)<\/h2>\t\t\t\t\t\t\t\t<\/div>\n\t\t\t\t<\/div>\n\t\t\t\t<div class=\"elementor-element elementor-element-93ca03c elementor-widget elementor-widget-text-editor\" data-id=\"93ca03c\" data-element_type=\"widget\" data-e-type=\"widget\" data-widget_type=\"text-editor.default\">\n\t\t\t\t<div class=\"elementor-widget-container\">\n\t\t\t\t\t\t\t\t\t<p>Administrado por la Agencia de Servicios Humanos, IHSS ayuda a los adultos mayores calificados y a las personas con discapacidades a recibir una amplia variedad de servicios de apoyo en el hogar para permanecer seguros y c\u00f3modos en su hogar.<\/p><p>Los proveedores de IHSS pueden ayudar con las tareas dom\u00e9sticas y afines, el cuidado personal y el acompa\u00f1amiento m\u00e9dico. Un proveedor puede ser un amigo o un familiar.<\/p><p>Para ser elegible para IHSS, debe vivir en Estados Unidos y ser residente de California. Si a\u00fan no recibe Medi-Cal, deber\u00e1 solicitarlo. Tambi\u00e9n debe vivir en su propia casa o en una vivienda de su elecci\u00f3n.<\/p><p>Visita el <a href=\"https:\/\/venturacounty.gov\/human-services-agency\/in-home-supportive-services\/\" target=\"_blank\" rel=\"noopener\">P\u00e1gina de IHSS de la Agencia de Servicios Humanos<\/a> para obtener m\u00e1s informaci\u00f3n o instrucciones de aplicaci\u00f3n.<\/p>\t\t\t\t\t\t\t\t<\/div>\n\t\t\t\t<\/div>\n\t\t\t\t<div class=\"elementor-element elementor-element-d626e86 elementor-widget-divider--view-line elementor-widget elementor-widget-divider\" data-id=\"d626e86\" data-element_type=\"widget\" data-e-type=\"widget\" data-widget_type=\"divider.default\">\n\t\t\t\t<div class=\"elementor-widget-container\">\n\t\t\t\t\t\t\t<div class=\"elementor-divider\">\n\t\t\t<span class=\"elementor-divider-separator\">\n\t\t\t\t\t\t<\/span>\n\t\t<\/div>\n\t\t\t\t\t\t<\/div>\n\t\t\t\t<\/div>\n\t\t\t\t<div class=\"elementor-element elementor-element-b47eb0c elementor-widget elementor-widget-menu-anchor\" data-id=\"b47eb0c\" data-element_type=\"widget\" data-e-type=\"widget\" data-widget_type=\"menu-anchor.default\">\n\t\t\t\t<div class=\"elementor-widget-container\">\n\t\t\t\t\t\t\t<div class=\"elementor-menu-anchor\" id=\"caregivercounseling\"><\/div>\n\t\t\t\t\t\t<\/div>\n\t\t\t\t<\/div>\n\t\t\t\t<div class=\"elementor-element elementor-element-3208001 elementor-widget elementor-widget-text-editor\" data-id=\"3208001\" data-element_type=\"widget\" data-e-type=\"widget\" data-widget_type=\"text-editor.default\">\n\t\t\t\t<div class=\"elementor-widget-container\">\n\t\t\t\t\t\t\t\t\t<h2>Asesoramiento previo a la colocaci\u00f3n de cuidadores familiares<\/h2><p style=\"text-align: left;\">Se ofrece asesoramiento gratuito e imparcial para cuidadores familiares que est\u00e9n considerando la internaci\u00f3n de un ser querido en un centro de atenci\u00f3n especializada o residencial en el condado de Ventura. Llame al 805-656-1986 o visite <a href=\"http:\/\/www.ombudsmanventura.org\" target=\"_blank\" rel=\"noopener noreferrer\">Servicios de atenci\u00f3n a largo plazo del condado de Ventura<\/a>.<\/p>\t\t\t\t\t\t\t\t<\/div>\n\t\t\t\t<\/div>\n\t\t\t\t\t<\/div>\n\t\t<\/div>\n\t\t\t\t\t<\/div>\n\t\t<\/section>\n\t\t\t\t<\/div>","protected":false},"excerpt":{"rendered":"<p>PAGE LINKS TCARE Assessment Family Caregiver Resource Centers In-Home Supportive Services Trualta Family Caregiver Preplacement Counseling If you are helping to support a loved one who is 60 or older, [&hellip;]<\/p>\n","protected":false},"author":2,"featured_media":0,"parent":207,"menu_order":0,"comment_status":"closed","ping_status":"closed","template":"","meta":{"_seopress_robots_primary_cat":"","_seopress_titles_title":"","_seopress_titles_desc":"","_seopress_robots_index":"","footnotes":""},"class_list":["post-2800","page","type-page","status-publish","hentry"],"_links":{"self":[{"href":"https:\/\/vcaaa.venturacounty.gov\/es\/wp-json\/wp\/v2\/pages\/2800","targetHints":{"allow":["GET"]}}],"collection":[{"href":"https:\/\/vcaaa.venturacounty.gov\/es\/wp-json\/wp\/v2\/pages"}],"about":[{"href":"https:\/\/vcaaa.venturacounty.gov\/es\/wp-json\/wp\/v2\/types\/page"}],"author":[{"embeddable":true,"href":"https:\/\/vcaaa.venturacounty.gov\/es\/wp-json\/wp\/v2\/users\/2"}],"replies":[{"embeddable":true,"href":"https:\/\/vcaaa.venturacounty.gov\/es\/wp-json\/wp\/v2\/comments?post=2800"}],"version-history":[{"count":0,"href":"https:\/\/vcaaa.venturacounty.gov\/es\/wp-json\/wp\/v2\/pages\/2800\/revisions"}],"up":[{"embeddable":true,"href":"https:\/\/vcaaa.venturacounty.gov\/es\/wp-json\/wp\/v2\/pages\/207"}],"wp:attachment":[{"href":"https:\/\/vcaaa.venturacounty.gov\/es\/wp-json\/wp\/v2\/media?parent=2800"}],"curies":[{"name":"gracias","href":"https:\/\/api.w.org\/{rel}","templated":true}]}}