{"id":250,"date":"2017-04-24T22:28:11","date_gmt":"2017-04-24T22:28:11","guid":{"rendered":"http:\/\/vcaaadev\/?page_id=250"},"modified":"2026-01-05T15:55:47","modified_gmt":"2026-01-05T23:55:47","slug":"advisory-council","status":"publish","type":"page","link":"https:\/\/vcaaa.venturacounty.gov\/es\/advisory-council\/","title":{"rendered":"Consejo Consultivo"},"content":{"rendered":"<div data-elementor-type=\"wp-page\" data-elementor-id=\"250\" class=\"elementor elementor-250\" data-elementor-post-type=\"page\">\n\t\t\t\t\t\t<section class=\"elementor-section elementor-top-section elementor-element elementor-element-37c29e1f elementor-section-boxed elementor-section-height-default elementor-section-height-default\" data-id=\"37c29e1f\" data-element_type=\"section\" data-e-type=\"section\" data-settings=\"{&quot;jet_parallax_layout_list&quot;:[]}\">\n\t\t\t\t\t\t<div class=\"elementor-container elementor-column-gap-default\">\n\t\t\t\t\t<div class=\"elementor-column elementor-col-50 elementor-top-column elementor-element elementor-element-24e38ba\" data-id=\"24e38ba\" data-element_type=\"column\" data-e-type=\"column\">\n\t\t\t<div class=\"elementor-widget-wrap elementor-element-populated\">\n\t\t\t\t\t\t<div class=\"elementor-element elementor-element-6864799 elementor-widget elementor-widget-heading\" data-id=\"6864799\" data-element_type=\"widget\" data-e-type=\"widget\" data-widget_type=\"heading.default\">\n\t\t\t\t<div class=\"elementor-widget-container\">\n\t\t\t\t\t<h2 class=\"elementor-heading-title elementor-size-default\">Men\u00fa del Consejo Asesor<\/h2>\t\t\t\t<\/div>\n\t\t\t\t<\/div>\n\t\t\t\t<div class=\"elementor-element elementor-element-c3c0735 elementor-widget elementor-widget-global elementor-global-7292 elementor-widget-jet-custom-menu\" data-id=\"c3c0735\" data-element_type=\"widget\" data-e-type=\"widget\" data-widget_type=\"jet-custom-menu.default\">\n\t\t\t\t<div class=\"elementor-widget-container\">\n\t\t\t\t\t<div class=\"menu-advisory-council-container\"><div class=\"jet-custom-nav jet-custom-nav--dropdown-right-side jet-custom-nav--animation-fade\" data-trigger=\"hover\"><div class=\"menu-item menu-item-type-post_type menu-item-object-page jet-custom-nav__item jet-custom-nav__item-7282\"><a href=\"https:\/\/vcaaa.venturacounty.gov\/es\/advisory-council\/\" class=\"jet-custom-nav__item-link\"><span class=\"jet-menu-link-text\"><span class=\"jet-custom-item-label top-level-label\">&gt; Consejo Asesor<\/span><\/span><\/a><\/div>\n<div class=\"menu-item menu-item-type-post_type menu-item-object-page jet-custom-nav__item jet-custom-nav__item-7285\"><a href=\"https:\/\/vcaaa.venturacounty.gov\/es\/advisory-council\/agendas\/\" class=\"jet-custom-nav__item-link\"><span class=\"jet-menu-link-text\"><span class=\"jet-custom-item-label top-level-label\">&gt; Reuniones y agendas<\/span><\/span><\/a><\/div>\n<div class=\"menu-item menu-item-type-post_type menu-item-object-page jet-custom-nav__item jet-custom-nav__item-7284\"><a href=\"https:\/\/vcaaa.venturacounty.gov\/es\/advisory-council\/subcommittees\/\" class=\"jet-custom-nav__item-link\"><span class=\"jet-menu-link-text\"><span class=\"jet-custom-item-label top-level-label\">&gt; Subcomit\u00e9s<\/span><\/span><\/a><\/div>\n<div class=\"menu-item menu-item-type-post_type menu-item-object-page jet-custom-nav__item jet-custom-nav__item-7283\"><a href=\"https:\/\/vcaaa.venturacounty.gov\/es\/advisory-council\/bios\/\" class=\"jet-custom-nav__item-link\"><span class=\"jet-menu-link-text\"><span class=\"jet-custom-item-label top-level-label\">&gt; Biograf\u00edas de los miembros<\/span><\/span><\/a><\/div>\n<div class=\"menu-item menu-item-type-post_type menu-item-object-page jet-custom-nav__item jet-custom-nav__item-7286\"><a href=\"https:\/\/vcaaa.venturacounty.gov\/es\/advisory-council\/become-a-member\/\" class=\"jet-custom-nav__item-link\"><span class=\"jet-menu-link-text\"><span class=\"jet-custom-item-label top-level-label\">&gt; Hazte miembro<\/span><\/span><\/a><\/div>\n<div class=\"menu-item menu-item-type-post_type menu-item-object-page jet-custom-nav__item jet-custom-nav__item-7287\"><a href=\"https:\/\/vcaaa.venturacounty.gov\/es\/advisory-council\/in-memoriam\/\" class=\"jet-custom-nav__item-link\"><span class=\"jet-menu-link-text\"><span class=\"jet-custom-item-label top-level-label\">&gt; En memoria<\/span><\/span><\/a><\/div>\n<\/div><\/div>\t\t\t\t<\/div>\n\t\t\t\t<\/div>\n\t\t\t\t\t<\/div>\n\t\t<\/div>\n\t\t\t\t<div class=\"elementor-column elementor-col-50 elementor-top-column elementor-element elementor-element-6b5ee52f\" data-id=\"6b5ee52f\" data-element_type=\"column\" data-e-type=\"column\">\n\t\t\t<div class=\"elementor-widget-wrap elementor-element-populated\">\n\t\t\t\t\t\t<div class=\"elementor-element elementor-element-295e3e3c elementor-widget elementor-widget-text-editor\" data-id=\"295e3e3c\" data-element_type=\"widget\" data-e-type=\"widget\" data-widget_type=\"text-editor.default\">\n\t\t\t\t<div class=\"elementor-widget-container\">\n\t\t\t\t\t\t\t\t\t<p>\u00a1Conozca a nuestro Consejo Asesor, asista a las reuniones del Consejo Asesor o a las reuniones del comit\u00e9 y participe!<\/p>\n<p>El Consejo Asesor de la VCAAA es un organismo comunitario de defensores que comparten la misi\u00f3n de crear y mantener programas que impacten la vida de las personas mayores, las personas con discapacidad y los cuidadores familiares. Sus miembros representan a la Junta de Supervisores del Condado de Ventura, a las ciudades locales, a los proveedores de servicios y a las poblaciones objetivo.<\/p>\n<p>Aqu\u00ed est\u00e1n las fechas de las reuniones para 2025-26:<\/p>\n<p><strong>Mi\u00e9rcoles 9 de julio de 2025<\/strong><br><strong>Mi\u00e9rcoles 10 de septiembre de 2025<br>Mi\u00e9rcoles 12 de noviembre de 2025<br>Mi\u00e9rcoles 14 de enero de 2026<br>Mi\u00e9rcoles 25 de marzo de 2026<br>Mi\u00e9rcoles 20 de mayo de 2026<\/strong><\/p>\n<p>A partir de noviembre de 2025, las reuniones se llevar\u00e1n a cabo en el Centro de Servicios Educativos y de Conferencias de la Oficina de Educaci\u00f3n del Condado de Ventura (VCOE) (5100 Adolfo Road en Camarillo).<\/p>\n<p>Todas las reuniones comienzan a las 9 am. Para obtener m\u00e1s informaci\u00f3n, visite el sitio web <a href=\"https:\/\/vcaaa.venturacounty.gov\/es\/advisory-council\/agendas\/\" data-uw-rm-brl=\"PR\" data-uw-original-href=\"https:\/\/vcaaa.venturacounty.gov\/advisory-council\/agendas\/\">Reuniones y agenda<\/a> p\u00e1gina.<\/p>\t\t\t\t\t\t\t\t<\/div>\n\t\t\t\t<\/div>\n\t\t\t\t<div class=\"elementor-element elementor-element-326d5da elementor-widget elementor-widget-heading\" data-id=\"326d5da\" data-element_type=\"widget\" data-e-type=\"widget\" data-widget_type=\"heading.default\">\n\t\t\t\t<div class=\"elementor-widget-container\">\n\t\t\t\t\t<h2 class=\"elementor-heading-title elementor-size-default\">\u00danase al Consejo Asesor<\/h2>\t\t\t\t<\/div>\n\t\t\t\t<\/div>\n\t\t\t\t<div class=\"elementor-element elementor-element-dcd5945 elementor-widget elementor-widget-text-editor\" data-id=\"dcd5945\" data-element_type=\"widget\" data-e-type=\"widget\" data-widget_type=\"text-editor.default\">\n\t\t\t\t<div class=\"elementor-widget-container\">\n\t\t\t\t\t\t\t\t\t<p>Si est\u00e1 interesado en brindar informaci\u00f3n, asistir a reuniones, ser designado para el Consejo o ser voluntario para el Consejo, visite el sitio <span style=\"color: #008080;\"><a href=\"\/es\/advisory-council\/become-a-member\/\" data-uw-rm-brl=\"PR\" data-uw-original-href=\"https:\/\/vcaaa.venturacounty.gov\/advisory-council\/become-a-member\/\">Afiliarse<\/a><\/span> p\u00e1gina.<\/p>\n<p>El Consejo se re\u00fane seis veces al a\u00f1o. Gran parte del trabajo se realiza en comit\u00e9s o mediante la participaci\u00f3n en actividades de divulgaci\u00f3n, visitas a las instalaciones de los beneficiarios, grupos de trabajo y asuntos de inter\u00e9s del Condado.<\/p>\n<p>Hay <a href=\"https:\/\/vcaaa.venturacounty.gov\/es\/advisory-council\/subcommittees\/\" data-uw-rm-brl=\"PR\" data-uw-original-href=\"https:\/\/vcaaa.venturacounty.gov\/advisory-council\/subcommittees\/\">subcomit\u00e9s<\/a> para:<\/p>\n<ul>\n<li>Centro de Recursos para el Envejecimiento y la Discapacidad (ADRC)<\/li>\n<li>Vivienda<\/li>\n<li>Envejecimiento \u00f3ptimo<\/li>\n<li>Nutrici\u00f3n y salud para personas mayores<\/li>\n<li>Transporte<\/li>\n<li>Personal<\/li><\/ul>\t\t\t\t\t\t\t\t<\/div>\n\t\t\t\t<\/div>\n\t\t\t\t\t<\/div>\n\t\t<\/div>\n\t\t\t\t\t<\/div>\n\t\t<\/section>\n\t\t\t\t<\/div>","protected":false},"excerpt":{"rendered":"<p>Advisory Council Menu > Advisory Council > Meetings &#038; Agendas > Subcommittees > Member Biographies > Become a Member > In Memoriam Meet our Advisory Council, attend either Advisory Council [&hellip;]<\/p>\n","protected":false},"author":2,"featured_media":0,"parent":0,"menu_order":0,"comment_status":"closed","ping_status":"closed","template":"","meta":{"_seopress_robots_primary_cat":"","_seopress_titles_title":"","_seopress_titles_desc":"","_seopress_robots_index":"","footnotes":""},"class_list":["post-250","page","type-page","status-publish","hentry"],"_links":{"self":[{"href":"https:\/\/vcaaa.venturacounty.gov\/es\/wp-json\/wp\/v2\/pages\/250","targetHints":{"allow":["GET"]}}],"collection":[{"href":"https:\/\/vcaaa.venturacounty.gov\/es\/wp-json\/wp\/v2\/pages"}],"about":[{"href":"https:\/\/vcaaa.venturacounty.gov\/es\/wp-json\/wp\/v2\/types\/page"}],"author":[{"embeddable":true,"href":"https:\/\/vcaaa.venturacounty.gov\/es\/wp-json\/wp\/v2\/users\/2"}],"replies":[{"embeddable":true,"href":"https:\/\/vcaaa.venturacounty.gov\/es\/wp-json\/wp\/v2\/comments?post=250"}],"version-history":[{"count":0,"href":"https:\/\/vcaaa.venturacounty.gov\/es\/wp-json\/wp\/v2\/pages\/250\/revisions"}],"wp:attachment":[{"href":"https:\/\/vcaaa.venturacounty.gov\/es\/wp-json\/wp\/v2\/media?parent=250"}],"curies":[{"name":"gracias","href":"https:\/\/api.w.org\/{rel}","templated":true}]}}