{"id":213,"date":"2017-04-24T20:59:50","date_gmt":"2017-04-24T20:59:50","guid":{"rendered":"http:\/\/vcaaadev\/?page_id=213"},"modified":"2025-10-22T13:50:32","modified_gmt":"2025-10-22T20:50:32","slug":"health-promotion-programs","status":"publish","type":"page","link":"https:\/\/vcaaa.venturacounty.gov\/es\/our-services\/senior-nutrition-program\/health-promotion-programs\/","title":{"rendered":"Programas de promoci\u00f3n de la salud"},"content":{"rendered":"<div data-elementor-type=\"wp-page\" data-elementor-id=\"213\" class=\"elementor elementor-213\" data-elementor-post-type=\"page\">\n\t\t\t\t\t\t<section class=\"elementor-section elementor-top-section elementor-element elementor-element-64105475 elementor-section-boxed elementor-section-height-default elementor-section-height-default\" data-id=\"64105475\" data-element_type=\"section\" data-e-type=\"section\" data-settings=\"{&quot;jet_parallax_layout_list&quot;:[]}\">\n\t\t\t\t\t\t<div class=\"elementor-container elementor-column-gap-no\">\n\t\t\t\t\t<div class=\"elementor-column elementor-col-50 elementor-top-column elementor-element elementor-element-6c59868\" data-id=\"6c59868\" data-element_type=\"column\" data-e-type=\"column\">\n\t\t\t<div class=\"elementor-widget-wrap elementor-element-populated\">\n\t\t\t\t\t\t<div class=\"elementor-element elementor-element-628aa20 elementor-widget elementor-widget-heading\" data-id=\"628aa20\" data-element_type=\"widget\" data-e-type=\"widget\" data-widget_type=\"heading.default\">\n\t\t\t\t<div class=\"elementor-widget-container\">\n\t\t\t\t\t<h2 class=\"elementor-heading-title elementor-size-default\">MEN\u00da SNP<\/h2>\t\t\t\t<\/div>\n\t\t\t\t<\/div>\n\t\t\t\t<div class=\"elementor-element elementor-element-804f2dc elementor-widget elementor-widget-jet-custom-menu\" data-id=\"804f2dc\" data-element_type=\"widget\" data-e-type=\"widget\" data-widget_type=\"jet-custom-menu.default\">\n\t\t\t\t<div class=\"elementor-widget-container\">\n\t\t\t\t\t<div class=\"menu-senior-nutrition-container\"><div class=\"jet-custom-nav jet-custom-nav--dropdown-right-side jet-custom-nav--animation-fade\" data-trigger=\"hover\"><div class=\"menu-item menu-item-type-post_type menu-item-object-page jet-custom-nav__item jet-custom-nav__item-7454\"><a href=\"https:\/\/vcaaa.venturacounty.gov\/es\/our-services\/senior-nutrition-program\/\" class=\"jet-custom-nav__item-link\"><span class=\"jet-menu-link-text\"><span class=\"jet-custom-item-label top-level-label\">Programa de nutrici\u00f3n para mayores<\/span><\/span><\/a><\/div>\n<div class=\"menu-item menu-item-type-post_type menu-item-object-page jet-custom-nav__item jet-custom-nav__item-7455\"><a href=\"https:\/\/vcaaa.venturacounty.gov\/es\/our-services\/senior-nutrition-program\/food-meal-locations\/\" class=\"jet-custom-nav__item-link\"><span class=\"jet-menu-link-text\"><span class=\"jet-custom-item-label top-level-label\">&gt; Ubicaci\u00f3n de las comidas<\/span><\/span><\/a><\/div>\n<div class=\"menu-item menu-item-type-post_type menu-item-object-page jet-custom-nav__item jet-custom-nav__item-7463\"><a href=\"https:\/\/vcaaa.venturacounty.gov\/es\/our-services\/senior-nutrition-program\/health-promotion-programs\/\" class=\"jet-custom-nav__item-link\"><span class=\"jet-menu-link-text\"><span class=\"jet-custom-item-label top-level-label\">&gt; Programas de promoci\u00f3n de la salud<\/span><\/span><\/a><\/div>\n<\/div><\/div>\t\t\t\t<\/div>\n\t\t\t\t<\/div>\n\t\t\t\t<div class=\"elementor-element elementor-element-b25ea81 elementor-widget elementor-widget-heading\" data-id=\"b25ea81\" data-element_type=\"widget\" data-e-type=\"widget\" data-widget_type=\"heading.default\">\n\t\t\t\t<div class=\"elementor-widget-container\">\n\t\t\t\t\t<h2 class=\"elementor-heading-title elementor-size-default\">ENLACES A P\u00c1GINAS<\/h2>\t\t\t\t<\/div>\n\t\t\t\t<\/div>\n\t\t\t\t<div class=\"elementor-element elementor-element-00ccf73 elementor-widget elementor-widget-jet-custom-menu\" data-id=\"00ccf73\" data-element_type=\"widget\" data-e-type=\"widget\" data-widget_type=\"jet-custom-menu.default\">\n\t\t\t\t<div class=\"elementor-widget-container\">\n\t\t\t\t\t<div class=\"menu-snp-health-promotion-container\"><div class=\"jet-custom-nav jet-custom-nav--dropdown-right-side jet-custom-nav--animation-fade\" data-trigger=\"hover\"><div class=\"menu-item menu-item-type-custom menu-item-object-custom jet-custom-nav__item jet-custom-nav__item-8717\"><a href=\"#nutritioncounseling\" class=\"jet-custom-nav__item-link\"><span class=\"jet-menu-link-text\"><span class=\"jet-custom-item-label top-level-label\">Asesoramiento nutricional<\/span><\/span><\/a><\/div>\n<div class=\"menu-item menu-item-type-custom menu-item-object-custom jet-custom-nav__item jet-custom-nav__item-8719\"><a href=\"#snpvideos\" class=\"jet-custom-nav__item-link\"><span class=\"jet-menu-link-text\"><span class=\"jet-custom-item-label top-level-label\">V\u00eddeos de SNP<\/span><\/span><\/a><\/div>\n<div class=\"menu-item menu-item-type-custom menu-item-object-custom jet-custom-nav__item jet-custom-nav__item-8720\"><a href=\"#recipes\" class=\"jet-custom-nav__item-link\"><span class=\"jet-menu-link-text\"><span class=\"jet-custom-item-label top-level-label\">Recetas<\/span><\/span><\/a><\/div>\n<\/div><\/div>\t\t\t\t<\/div>\n\t\t\t\t<\/div>\n\t\t\t\t\t<\/div>\n\t\t<\/div>\n\t\t\t\t<div class=\"elementor-column elementor-col-50 elementor-top-column elementor-element elementor-element-4146a07\" data-id=\"4146a07\" data-element_type=\"column\" data-e-type=\"column\">\n\t\t\t<div class=\"elementor-widget-wrap elementor-element-populated\">\n\t\t\t\t\t\t<div class=\"elementor-element elementor-element-433d2e2 elementor-widget elementor-widget-image\" data-id=\"433d2e2\" data-element_type=\"widget\" data-e-type=\"widget\" data-widget_type=\"image.default\">\n\t\t\t\t<div class=\"elementor-widget-container\">\n\t\t\t\t\t\t\t\t\t\t\t\t\t\t\t<img fetchpriority=\"high\" decoding=\"async\" width=\"800\" height=\"160\" src=\"https:\/\/vcaaa.venturacounty.gov\/wp-content\/uploads\/2024\/12\/SeniorNutrition3.jpg\" class=\"attachment-large size-large wp-image-8914\" alt=\"collage of photos with pictures of food\" srcset=\"https:\/\/vcaaa.venturacounty.gov\/wp-content\/uploads\/2024\/12\/SeniorNutrition3.jpg 1000w, https:\/\/vcaaa.venturacounty.gov\/wp-content\/uploads\/2024\/12\/SeniorNutrition3-480x96.jpg 480w, https:\/\/vcaaa.venturacounty.gov\/wp-content\/uploads\/2024\/12\/SeniorNutrition3-768x154.jpg 768w, https:\/\/vcaaa.venturacounty.gov\/wp-content\/uploads\/2024\/12\/SeniorNutrition3-18x4.jpg 18w\" sizes=\"(max-width: 800px) 100vw, 800px\" \/>\t\t\t\t\t\t\t\t\t\t\t\t\t\t\t<\/div>\n\t\t\t\t<\/div>\n\t\t\t\t<div class=\"elementor-element elementor-element-8ecc08d elementor-widget elementor-widget-text-editor\" data-id=\"8ecc08d\" data-element_type=\"widget\" data-e-type=\"widget\" data-widget_type=\"text-editor.default\">\n\t\t\t\t<div class=\"elementor-widget-container\">\n\t\t\t\t\t\t\t\t\t<p>La Agencia del \u00c1rea del Condado de Ventura para el Envejecimiento se compromete a brindar a sus clientes diversos recursos para un envejecimiento \u00f3ptimo. Adem\u00e1s de opciones de comidas a domicilio y en grupos, la VCAAA ofrece asesoramiento nutricional gratuito, cursos de educaci\u00f3n nutricional y acceso a recetas para una alimentaci\u00f3n saludable con un presupuesto ajustado.<\/p>\t\t\t\t\t\t\t\t<\/div>\n\t\t\t\t<\/div>\n\t\t\t\t<div class=\"elementor-element elementor-element-6726af1 elementor-widget-divider--view-line elementor-widget elementor-widget-divider\" data-id=\"6726af1\" data-element_type=\"widget\" data-e-type=\"widget\" data-widget_type=\"divider.default\">\n\t\t\t\t<div class=\"elementor-widget-container\">\n\t\t\t\t\t\t\t<div class=\"elementor-divider\">\n\t\t\t<span class=\"elementor-divider-separator\">\n\t\t\t\t\t\t<\/span>\n\t\t<\/div>\n\t\t\t\t\t\t<\/div>\n\t\t\t\t<\/div>\n\t\t\t\t<div class=\"elementor-element elementor-element-5e57935 elementor-widget elementor-widget-menu-anchor\" data-id=\"5e57935\" data-element_type=\"widget\" data-e-type=\"widget\" data-widget_type=\"menu-anchor.default\">\n\t\t\t\t<div class=\"elementor-widget-container\">\n\t\t\t\t\t\t\t<div class=\"elementor-menu-anchor\" id=\"nutritioncounseling\"><\/div>\n\t\t\t\t\t\t<\/div>\n\t\t\t\t<\/div>\n\t\t\t\t<div class=\"elementor-element elementor-element-6d8d1f4e elementor-widget elementor-widget-text-editor\" data-id=\"6d8d1f4e\" data-element_type=\"widget\" data-e-type=\"widget\" data-widget_type=\"text-editor.default\">\n\t\t\t\t<div class=\"elementor-widget-container\">\n\t\t\t\t\t\t\t\t\t<h2>Asesoramiento nutricional<\/h2><p>Se ofrece asesoramiento nutricional gratuito a trav\u00e9s de un dietista titulado, de acuerdo con las leyes estatales y federales. Puede programar una cita para asesoramiento individual o grupal llamando al 805-477-7300 o enviando un correo electr\u00f3nico. <a href=\"mailto:LOIS.VCAAA@venturacounty.gov\">LOIS.VCAAA@venturacounty.gov<\/a>.<\/p>\t\t\t\t\t\t\t\t<\/div>\n\t\t\t\t<\/div>\n\t\t\t\t<div class=\"elementor-element elementor-element-6289c8c elementor-widget-divider--view-line elementor-widget elementor-widget-divider\" data-id=\"6289c8c\" data-element_type=\"widget\" data-e-type=\"widget\" data-widget_type=\"divider.default\">\n\t\t\t\t<div class=\"elementor-widget-container\">\n\t\t\t\t\t\t\t<div class=\"elementor-divider\">\n\t\t\t<span class=\"elementor-divider-separator\">\n\t\t\t\t\t\t<\/span>\n\t\t<\/div>\n\t\t\t\t\t\t<\/div>\n\t\t\t\t<\/div>\n\t\t\t\t<div class=\"elementor-element elementor-element-ff78978 elementor-widget elementor-widget-menu-anchor\" data-id=\"ff78978\" data-element_type=\"widget\" data-e-type=\"widget\" data-widget_type=\"menu-anchor.default\">\n\t\t\t\t<div class=\"elementor-widget-container\">\n\t\t\t\t\t\t\t<div class=\"elementor-menu-anchor\" id=\"snpvideos\"><\/div>\n\t\t\t\t\t\t<\/div>\n\t\t\t\t<\/div>\n\t\t\t\t<div class=\"elementor-element elementor-element-1030aef elementor-widget elementor-widget-heading\" data-id=\"1030aef\" data-element_type=\"widget\" data-e-type=\"widget\" data-widget_type=\"heading.default\">\n\t\t\t\t<div class=\"elementor-widget-container\">\n\t\t\t\t\t<h2 class=\"elementor-heading-title elementor-size-default\">V\u00eddeos de SNP<\/h2>\t\t\t\t<\/div>\n\t\t\t\t<\/div>\n\t\t<div class=\"elementor-element elementor-element-a53af6b e-grid e-con-boxed e-con e-parent\" data-id=\"a53af6b\" data-element_type=\"container\" data-e-type=\"container\" data-settings=\"{&quot;jet_parallax_layout_list&quot;:[]}\">\n\t\t\t\t\t<div class=\"e-con-inner\">\n\t\t\t\t<div class=\"elementor-element elementor-element-65b0a7a elementor-widget elementor-widget-video\" data-id=\"65b0a7a\" data-element_type=\"widget\" data-e-type=\"widget\" data-settings=\"{&quot;youtube_url&quot;:&quot;https:\\\/\\\/youtu.be\\\/OcoKsx7bO3s&quot;,&quot;video_type&quot;:&quot;youtube&quot;,&quot;controls&quot;:&quot;yes&quot;}\" data-widget_type=\"video.default\">\n\t\t\t\t<div class=\"elementor-widget-container\">\n\t\t\t\t\t\t\t<div class=\"elementor-wrapper elementor-open-inline\">\n\t\t\t<div class=\"elementor-video\"><\/div>\t\t<\/div>\n\t\t\t\t\t\t<\/div>\n\t\t\t\t<\/div>\n\t\t\t\t<div class=\"elementor-element elementor-element-c7455d9 elementor-widget elementor-widget-video\" data-id=\"c7455d9\" data-element_type=\"widget\" data-e-type=\"widget\" data-settings=\"{&quot;youtube_url&quot;:&quot;https:\\\/\\\/youtu.be\\\/5et6WqPBt0Q&quot;,&quot;video_type&quot;:&quot;youtube&quot;,&quot;controls&quot;:&quot;yes&quot;}\" data-widget_type=\"video.default\">\n\t\t\t\t<div class=\"elementor-widget-container\">\n\t\t\t\t\t\t\t<div class=\"elementor-wrapper elementor-open-inline\">\n\t\t\t<div class=\"elementor-video\"><\/div>\t\t<\/div>\n\t\t\t\t\t\t<\/div>\n\t\t\t\t<\/div>\n\t\t\t\t\t<\/div>\n\t\t\t\t<\/div>\n\t\t\t\t<div class=\"elementor-element elementor-element-0fbb36d elementor-widget-divider--view-line elementor-widget elementor-widget-divider\" data-id=\"0fbb36d\" data-element_type=\"widget\" data-e-type=\"widget\" data-widget_type=\"divider.default\">\n\t\t\t\t<div class=\"elementor-widget-container\">\n\t\t\t\t\t\t\t<div class=\"elementor-divider\">\n\t\t\t<span class=\"elementor-divider-separator\">\n\t\t\t\t\t\t<\/span>\n\t\t<\/div>\n\t\t\t\t\t\t<\/div>\n\t\t\t\t<\/div>\n\t\t\t\t<div class=\"elementor-element elementor-element-aa83515 elementor-widget elementor-widget-menu-anchor\" data-id=\"aa83515\" data-element_type=\"widget\" data-e-type=\"widget\" data-widget_type=\"menu-anchor.default\">\n\t\t\t\t<div class=\"elementor-widget-container\">\n\t\t\t\t\t\t\t<div class=\"elementor-menu-anchor\" id=\"recipes\"><\/div>\n\t\t\t\t\t\t<\/div>\n\t\t\t\t<\/div>\n\t\t\t\t<div class=\"elementor-element elementor-element-a03ce63 elementor-widget elementor-widget-text-editor\" data-id=\"a03ce63\" data-element_type=\"widget\" data-e-type=\"widget\" data-widget_type=\"text-editor.default\">\n\t\t\t\t<div class=\"elementor-widget-container\">\n\t\t\t\t\t\t\t\t\t<h2>Recetas<\/h2><p>Las recetas incluidas en esta p\u00e1gina se centran en las necesidades nutricionales espec\u00edficas de las personas mayores. Cada receta est\u00e1 aprobada por dietistas registrados para cumplir con las Gu\u00edas Alimentarias de EE. UU. para Estadounidenses y est\u00e1 orientada a la Ingesta Diet\u00e9tica de Referencia (IDR) y a una ingesta adecuada de vitaminas y nutrientes para adultos mayores. Estas comidas aportan al menos un tercio de la IDR y se adaptan a dietas para diab\u00e9ticos y bajas en sodio.<\/p><p>Muchas de las recetas fueron aportadas por los excelentes chefs de los comedores del Programa de Nutrici\u00f3n para Personas Mayores de todo el condado. Estos chefs saben que las personas mayores esperan y merecen opciones de comida que no solo sean nutritivas, sino que tambi\u00e9n buscan comida atractiva y deliciosa, ya sea en comedores locales o para quienes reciben comida a domicilio. Adem\u00e1s, la mayor\u00eda de los ingredientes de estas recetas se pueden encontrar en tiendas de d\u00f3lar o en otras tiendas econ\u00f3micas.<\/p><p>Para comunicarse con uno de los dietistas registrados de la VCAAA, env\u00ede un correo electr\u00f3nico a:<br \/><a href=\"mailto:Senior.Nutrition@venturacounty.gov\">Senior.Nutrition@venturacounty.gov<\/a> o\u00a0<a href=\"mailto:Dietitian.RealFood@venturacounty.gov\">Dietitian.RealFood@venturacounty.gov<\/a>.<\/p>\t\t\t\t\t\t\t\t<\/div>\n\t\t\t\t<\/div>\n\t\t\t\t<div class=\"elementor-element elementor-element-aeb9c86 elementor-widget elementor-widget-text-editor\" data-id=\"aeb9c86\" data-element_type=\"widget\" data-e-type=\"widget\" data-widget_type=\"text-editor.default\">\n\t\t\t\t<div class=\"elementor-widget-container\">\n\t\t\t\t\t\t\t\t\t<strong>Recetas imprimibles\n<\/strong>\n<br>\n\"\u00a0<a href=\"\/wp-content\/uploads\/2024\/10\/SmokyBlackBeanButternutSquashKaleSalad.pdf\" target=\"_blank\" rel=\"noopener\">Ensalada de col rizada con frijoles negros ahumados y calabaza (PDF)<\/a>\n<br>\n\"\u00a0<a href=\"\/wp-content\/uploads\/2023\/02\/Chicken-Salad-Recipe.pdf\" target=\"_blank\" rel=\"noopener\">Ensalada de pollo (PDF)<\/a>\n<br>\n\"\u00a0<a href=\"\/wp-content\/uploads\/2023\/02\/Black-Bean-Corn-Salad.pdf\" target=\"_blank\" rel=\"noopener\">Ensalada de frijoles negros y ma\u00edz (PDF)<\/a>\n<br>\n\"\u00a0<a href=\"\/wp-content\/uploads\/2023\/02\/Omelet-In-A-Mug.pdf\" target=\"_blank\" rel=\"noopener\">Tortilla de huevo en taza (PDF)<\/a>\n<br>\n<strong>Libros de recetas\n<\/strong>\n<br>\n\"\u00a0<a href=\"\/wp-content\/uploads\/2023\/02\/SNPRecipeBook2019.pdf\" target=\"_blank\" rel=\"noopener\">Libro de recetas de nutrici\u00f3n para personas mayores (PDF)<\/a>\n<br>\n\"\u00a0<a href=\"\/wp-content\/uploads\/2023\/02\/VCAAA-Food-Box-Recipe-Booklet-06.04.20-1.pdf\" target=\"_blank\" rel=\"noopener\">Recetas para cajas de comida (PDF)<\/a>\t\t\t\t\t\t\t\t<\/div>\n\t\t\t\t<\/div>\n\t\t<div class=\"elementor-element elementor-element-f21f991 e-grid e-con-boxed e-con e-parent\" data-id=\"f21f991\" data-element_type=\"container\" data-e-type=\"container\" data-settings=\"{&quot;jet_parallax_layout_list&quot;:[]}\">\n\t\t\t\t\t<div class=\"e-con-inner\">\n\t\t\t\t<div class=\"elementor-element elementor-element-7f68f11 elementor-widget elementor-widget-video\" data-id=\"7f68f11\" data-element_type=\"widget\" data-e-type=\"widget\" data-settings=\"{&quot;youtube_url&quot;:&quot;https:\\\/\\\/youtu.be\\\/HqAh5ku9qto?feature=shared&quot;,&quot;video_type&quot;:&quot;youtube&quot;,&quot;controls&quot;:&quot;yes&quot;}\" data-widget_type=\"video.default\">\n\t\t\t\t<div class=\"elementor-widget-container\">\n\t\t\t\t\t\t\t<div class=\"elementor-wrapper elementor-open-inline\">\n\t\t\t<div class=\"elementor-video\"><\/div>\t\t<\/div>\n\t\t\t\t\t\t<\/div>\n\t\t\t\t<\/div>\n\t\t\t\t<div class=\"elementor-element elementor-element-bf38a8f elementor-widget elementor-widget-video\" data-id=\"bf38a8f\" data-element_type=\"widget\" data-e-type=\"widget\" data-settings=\"{&quot;youtube_url&quot;:&quot;https:\\\/\\\/youtu.be\\\/CUOQCJ9Da5k?feature=shared&quot;,&quot;video_type&quot;:&quot;youtube&quot;,&quot;controls&quot;:&quot;yes&quot;}\" data-widget_type=\"video.default\">\n\t\t\t\t<div class=\"elementor-widget-container\">\n\t\t\t\t\t\t\t<div class=\"elementor-wrapper elementor-open-inline\">\n\t\t\t<div class=\"elementor-video\"><\/div>\t\t<\/div>\n\t\t\t\t\t\t<\/div>\n\t\t\t\t<\/div>\n\t\t\t\t<div class=\"elementor-element elementor-element-4b5c57e elementor-widget elementor-widget-video\" data-id=\"4b5c57e\" data-element_type=\"widget\" data-e-type=\"widget\" data-settings=\"{&quot;youtube_url&quot;:&quot;https:\\\/\\\/youtu.be\\\/P5_2PZrloTc?feature=shared&quot;,&quot;video_type&quot;:&quot;youtube&quot;,&quot;controls&quot;:&quot;yes&quot;}\" data-widget_type=\"video.default\">\n\t\t\t\t<div class=\"elementor-widget-container\">\n\t\t\t\t\t\t\t<div class=\"elementor-wrapper elementor-open-inline\">\n\t\t\t<div class=\"elementor-video\"><\/div>\t\t<\/div>\n\t\t\t\t\t\t<\/div>\n\t\t\t\t<\/div>\n\t\t\t\t\t<\/div>\n\t\t\t\t<\/div>\n\t\t\t\t\t<\/div>\n\t\t<\/div>\n\t\t\t\t\t<\/div>\n\t\t<\/section>\n\t\t\t\t<\/div>","protected":false},"excerpt":{"rendered":"<p>SNP MENU Senior Nutrition Program > Food &#038; Meal Locations > Health Promotion Programs PAGE LINKS Nutrition Counseling SNP Videos Recipes The Ventura County Area Agency on Aging is committed [&hellip;]<\/p>\n","protected":false},"author":2,"featured_media":0,"parent":209,"menu_order":0,"comment_status":"closed","ping_status":"closed","template":"","meta":{"_seopress_robots_primary_cat":"","_seopress_titles_title":"","_seopress_titles_desc":"","_seopress_robots_index":"","footnotes":""},"class_list":["post-213","page","type-page","status-publish","hentry"],"_links":{"self":[{"href":"https:\/\/vcaaa.venturacounty.gov\/es\/wp-json\/wp\/v2\/pages\/213","targetHints":{"allow":["GET"]}}],"collection":[{"href":"https:\/\/vcaaa.venturacounty.gov\/es\/wp-json\/wp\/v2\/pages"}],"about":[{"href":"https:\/\/vcaaa.venturacounty.gov\/es\/wp-json\/wp\/v2\/types\/page"}],"author":[{"embeddable":true,"href":"https:\/\/vcaaa.venturacounty.gov\/es\/wp-json\/wp\/v2\/users\/2"}],"replies":[{"embeddable":true,"href":"https:\/\/vcaaa.venturacounty.gov\/es\/wp-json\/wp\/v2\/comments?post=213"}],"version-history":[{"count":0,"href":"https:\/\/vcaaa.venturacounty.gov\/es\/wp-json\/wp\/v2\/pages\/213\/revisions"}],"up":[{"embeddable":true,"href":"https:\/\/vcaaa.venturacounty.gov\/es\/wp-json\/wp\/v2\/pages\/209"}],"wp:attachment":[{"href":"https:\/\/vcaaa.venturacounty.gov\/es\/wp-json\/wp\/v2\/media?parent=213"}],"curies":[{"name":"gracias","href":"https:\/\/api.w.org\/{rel}","templated":true}]}}