{"id":1121,"date":"2017-05-09T20:39:20","date_gmt":"2017-05-09T20:39:20","guid":{"rendered":"http:\/\/vcaaadev\/?page_id=1121"},"modified":"2026-03-24T12:47:16","modified_gmt":"2026-03-24T19:47:16","slug":"publications","status":"publish","type":"page","link":"https:\/\/vcaaa.venturacounty.gov\/es\/news-events\/publications\/","title":{"rendered":"Publicaciones"},"content":{"rendered":"<div data-elementor-type=\"wp-page\" data-elementor-id=\"1121\" class=\"elementor elementor-1121\" data-elementor-post-type=\"page\">\n\t\t\t\t\t\t<section class=\"elementor-section elementor-top-section elementor-element elementor-element-2b9f77f elementor-section-boxed elementor-section-height-default elementor-section-height-default\" data-id=\"2b9f77f\" data-element_type=\"section\" data-e-type=\"section\" data-settings=\"{&quot;jet_parallax_layout_list&quot;:[]}\">\n\t\t\t\t\t\t<div class=\"elementor-container elementor-column-gap-default\">\n\t\t\t\t\t<div class=\"elementor-column elementor-col-50 elementor-top-column elementor-element elementor-element-e398be0\" data-id=\"e398be0\" data-element_type=\"column\" data-e-type=\"column\">\n\t\t\t<div class=\"elementor-widget-wrap elementor-element-populated\">\n\t\t\t\t\t\t<div class=\"elementor-element elementor-element-84e8acb elementor-widget elementor-widget-heading\" data-id=\"84e8acb\" data-element_type=\"widget\" data-e-type=\"widget\" data-widget_type=\"heading.default\">\n\t\t\t\t<div class=\"elementor-widget-container\">\n\t\t\t\t\t<h2 class=\"elementor-heading-title elementor-size-large\">Noticias<\/h2>\t\t\t\t<\/div>\n\t\t\t\t<\/div>\n\t\t\t\t<div class=\"elementor-element elementor-element-abcb96f elementor-widget elementor-widget-global elementor-global-7443 elementor-widget-jet-custom-menu\" data-id=\"abcb96f\" data-element_type=\"widget\" data-e-type=\"widget\" data-widget_type=\"jet-custom-menu.default\">\n\t\t\t\t<div class=\"elementor-widget-container\">\n\t\t\t\t\t<div class=\"menu-news-container\"><div class=\"jet-custom-nav jet-custom-nav--dropdown-right-side jet-custom-nav--animation-fade\" data-trigger=\"hover\"><div class=\"menu-item menu-item-type-post_type menu-item-object-page jet-custom-nav__item jet-custom-nav__item-7440\"><a href=\"https:\/\/vcaaa.venturacounty.gov\/es\/news-events\/press-releases\/\" class=\"jet-custom-nav__item-link\"><span class=\"jet-menu-link-text\"><span class=\"jet-custom-item-label top-level-label\">Art\u00edculos de noticias<\/span><\/span><\/a><\/div>\n<div class=\"menu-item menu-item-type-post_type menu-item-object-page jet-custom-nav__item jet-custom-nav__item-7441\"><a href=\"https:\/\/vcaaa.venturacounty.gov\/es\/news-events\/publications\/\" class=\"jet-custom-nav__item-link\"><span class=\"jet-menu-link-text\"><span class=\"jet-custom-item-label top-level-label\">LIVEWell<\/span><\/span><\/a><\/div>\n<div class=\"menu-item menu-item-type-post_type menu-item-object-page jet-custom-nav__item jet-custom-nav__item-7461\"><a href=\"https:\/\/vcaaa.venturacounty.gov\/es\/news-events\/legacyawards\/\" class=\"jet-custom-nav__item-link\"><span class=\"jet-menu-link-text\"><span class=\"jet-custom-item-label top-level-label\">Premios Legado<\/span><\/span><\/a><\/div>\n<div class=\"menu-item menu-item-type-post_type menu-item-object-page jet-custom-nav__item jet-custom-nav__item-7462\"><a href=\"https:\/\/vcaaa.venturacounty.gov\/es\/news-events\/awards\/\" class=\"jet-custom-nav__item-link\"><span class=\"jet-menu-link-text\"><span class=\"jet-custom-item-label top-level-label\">Premios VCAAA<\/span><\/span><\/a><\/div>\n<div class=\"menu-item menu-item-type-post_type menu-item-object-page jet-custom-nav__item jet-custom-nav__item-7439\"><a href=\"https:\/\/vcaaa.venturacounty.gov\/es\/news-events\/videos\/\" class=\"jet-custom-nav__item-link\"><span class=\"jet-menu-link-text\"><span class=\"jet-custom-item-label top-level-label\">V\u00eddeos<\/span><\/span><\/a><\/div>\n<\/div><\/div>\t\t\t\t<\/div>\n\t\t\t\t<\/div>\n\t\t\t\t\t<\/div>\n\t\t<\/div>\n\t\t\t\t<div class=\"elementor-column elementor-col-50 elementor-top-column elementor-element elementor-element-85585d4\" data-id=\"85585d4\" data-element_type=\"column\" data-e-type=\"column\">\n\t\t\t<div class=\"elementor-widget-wrap elementor-element-populated\">\n\t\t\t\t\t\t<section class=\"elementor-section elementor-inner-section elementor-element elementor-element-5162a11 elementor-section-boxed elementor-section-height-default elementor-section-height-default\" data-id=\"5162a11\" data-element_type=\"section\" data-e-type=\"section\" data-settings=\"{&quot;jet_parallax_layout_list&quot;:[]}\">\n\t\t\t\t\t\t<div class=\"elementor-container elementor-column-gap-default\">\n\t\t\t\t\t<div class=\"elementor-column elementor-col-100 elementor-inner-column elementor-element elementor-element-de8ace1\" data-id=\"de8ace1\" data-element_type=\"column\" data-e-type=\"column\">\n\t\t\t<div class=\"elementor-widget-wrap elementor-element-populated\">\n\t\t\t\t\t\t<div class=\"elementor-element elementor-element-02c85e6 elementor-widget elementor-widget-heading\" data-id=\"02c85e6\" data-element_type=\"widget\" data-e-type=\"widget\" data-widget_type=\"heading.default\">\n\t\t\t\t<div class=\"elementor-widget-container\">\n\t\t\t\t\t<h2 class=\"elementor-heading-title elementor-size-default\">LIVEWell<\/h2>\t\t\t\t<\/div>\n\t\t\t\t<\/div>\n\t\t\t\t<div class=\"elementor-element elementor-element-4b6010af elementor-widget elementor-widget-text-editor\" data-id=\"4b6010af\" data-element_type=\"widget\" data-e-type=\"widget\" data-widget_type=\"text-editor.default\">\n\t\t\t\t<div class=\"elementor-widget-container\">\n\t\t\t\t\t\t\t\t\t<p>VCAAA <strong><span style=\"color: #003366;\">VIVIR<\/span><em><span style=\"color: #218383;\">Bien<\/span><\/em><\/strong> Se public\u00f3 siete veces entre 2017 y 2024. Actualmente se encuentra en pausa.<\/p><p><span style=\"color: #008080;\">\"\u00a0<\/span><a href=\"http:\/\/vcaaa.venturacounty.gov\/wp-content\/uploads\/2024\/04\/LIVEWell_2024_web.pdf\" target=\"_blank\" rel=\"noopener\" aria-label=\"2024 VIVE Bien (PDF) - abrir en una nueva pesta\u00f1a\" data-uw-rm-ext-link=\"\" data-uw-pdf-br=\"1\" data-uw-pdf-doc=\"\">2024<span style=\"font-weight: bolder;\">\u00a0<span style=\"color: #003366;\">VIVIR<\/span><em><span style=\"color: #218383;\">Bien<\/span><\/em><\/span>\u00a0(PDF)<\/a><\/p><p><span style=\"font-weight: bolder; color: #003366;\">VIVIR<\/span><em style=\"font-weight: bolder;\"><span style=\"color: #218383;\">Bien<\/span><\/em>\u00a0Fue la principal gu\u00eda de recursos del condado de Ventura para personas mayores de 60 a\u00f1os, cuidadores y personas con discapacidad. Ofrec\u00eda art\u00edculos y listas de recursos para ayudarles a ellos y a sus seres queridos a superar algunos de los desaf\u00edos que todos enfrentamos en nuestra b\u00fasqueda de la independencia. Fue una herramienta utilizada para abogar por los servicios necesarios para un envejecimiento \u00f3ptimo. Esta completa gu\u00eda proporcion\u00f3 informaci\u00f3n crucial tanto en ingl\u00e9s como en espa\u00f1ol.<\/p><p>Antes de 2017, se produjo otra publicaci\u00f3n conocida como Eldercare.<\/p>\t\t\t\t\t\t\t\t<\/div>\n\t\t\t\t<\/div>\n\t\t\t\t\t<\/div>\n\t\t<\/div>\n\t\t\t\t\t<\/div>\n\t\t<\/section>\n\t\t\t\t<div class=\"elementor-element elementor-element-606ab2e elementor-widget elementor-widget-heading\" data-id=\"606ab2e\" data-element_type=\"widget\" data-e-type=\"widget\" data-widget_type=\"heading.default\">\n\t\t\t\t<div class=\"elementor-widget-container\">\n\t\t\t\t\t<h2 class=\"elementor-heading-title elementor-size-default\">Publicaciones pasadas<\/h2>\t\t\t\t<\/div>\n\t\t\t\t<\/div>\n\t\t\t\t<section class=\"elementor-section elementor-inner-section elementor-element elementor-element-6d9f564 elementor-section-boxed elementor-section-height-default elementor-section-height-default\" data-id=\"6d9f564\" data-element_type=\"section\" data-e-type=\"section\" data-settings=\"{&quot;jet_parallax_layout_list&quot;:[]}\">\n\t\t\t\t\t\t<div class=\"elementor-container elementor-column-gap-default\">\n\t\t\t\t\t<div class=\"elementor-column elementor-col-25 elementor-inner-column elementor-element elementor-element-a50f319\" data-id=\"a50f319\" data-element_type=\"column\" data-e-type=\"column\">\n\t\t\t<div class=\"elementor-widget-wrap elementor-element-populated\">\n\t\t\t\t\t\t<div class=\"elementor-element elementor-element-46649a1 elementor-widget elementor-widget-heading\" data-id=\"46649a1\" data-element_type=\"widget\" data-e-type=\"widget\" data-widget_type=\"heading.default\">\n\t\t\t\t<div class=\"elementor-widget-container\">\n\t\t\t\t\t<h2 class=\"elementor-heading-title elementor-size-default\">2024<\/h2>\t\t\t\t<\/div>\n\t\t\t\t<\/div>\n\t\t\t\t<div class=\"elementor-element elementor-element-e27feee elementor-widget elementor-widget-image\" data-id=\"e27feee\" data-element_type=\"widget\" data-e-type=\"widget\" data-widget_type=\"image.default\">\n\t\t\t\t<div class=\"elementor-widget-container\">\n\t\t\t\t\t\t\t\t\t\t\t\t\t\t\t\t<a href=\"http:\/\/vcaaa.venturacounty.gov\/wp-content\/uploads\/2024\/04\/LIVEWell_2024_web.pdf\" target=\"_blank\">\n\t\t\t\t\t\t\t<img fetchpriority=\"high\" decoding=\"async\" width=\"800\" height=\"1035\" src=\"https:\/\/vcaaa.venturacounty.gov\/wp-content\/uploads\/2024\/04\/LIVEWell_2024_cover-1024x1325.jpg\" class=\"attachment-large size-large wp-image-8478\" alt=\"\" srcset=\"https:\/\/vcaaa.venturacounty.gov\/wp-content\/uploads\/2024\/04\/LIVEWell_2024_cover-1024x1325.jpg 1024w, https:\/\/vcaaa.venturacounty.gov\/wp-content\/uploads\/2024\/04\/LIVEWell_2024_cover-480x621.jpg 480w, https:\/\/vcaaa.venturacounty.gov\/wp-content\/uploads\/2024\/04\/LIVEWell_2024_cover-768x994.jpg 768w, https:\/\/vcaaa.venturacounty.gov\/wp-content\/uploads\/2024\/04\/LIVEWell_2024_cover-1187x1536.jpg 1187w, https:\/\/vcaaa.venturacounty.gov\/wp-content\/uploads\/2024\/04\/LIVEWell_2024_cover.jpg 1500w\" sizes=\"(max-width: 800px) 100vw, 800px\" \/>\t\t\t\t\t\t\t\t<\/a>\n\t\t\t\t\t\t\t\t\t\t\t\t\t\t\t<\/div>\n\t\t\t\t<\/div>\n\t\t\t\t<div class=\"elementor-element elementor-element-d383022 elementor-widget elementor-widget-heading\" data-id=\"d383022\" data-element_type=\"widget\" data-e-type=\"widget\" data-widget_type=\"heading.default\">\n\t\t\t\t<div class=\"elementor-widget-container\">\n\t\t\t\t\t<h2 class=\"elementor-heading-title elementor-size-default\">2020<\/h2>\t\t\t\t<\/div>\n\t\t\t\t<\/div>\n\t\t\t\t<div class=\"elementor-element elementor-element-cbd3357 elementor-widget elementor-widget-image\" data-id=\"cbd3357\" data-element_type=\"widget\" data-e-type=\"widget\" data-widget_type=\"image.default\">\n\t\t\t\t<div class=\"elementor-widget-container\">\n\t\t\t\t\t\t\t\t\t\t\t\t\t\t\t\t<a href=\"https:\/\/vcaaa.venturacounty.gov\/wp-content\/uploads\/2023\/05\/VCAAALiveWellResourceGuide2020-1.pdf\" target=\"_blank\">\n\t\t\t\t\t\t\t<img decoding=\"async\" width=\"800\" height=\"1035\" src=\"https:\/\/vcaaa.venturacounty.gov\/wp-content\/uploads\/2023\/01\/2020-Cover-1024x1325.jpg\" class=\"attachment-large size-large wp-image-7562\" alt=\"\" srcset=\"https:\/\/vcaaa.venturacounty.gov\/wp-content\/uploads\/2023\/01\/2020-Cover-1024x1325.jpg 1024w, https:\/\/vcaaa.venturacounty.gov\/wp-content\/uploads\/2023\/01\/2020-Cover-480x621.jpg 480w, https:\/\/vcaaa.venturacounty.gov\/wp-content\/uploads\/2023\/01\/2020-Cover-768x994.jpg 768w, https:\/\/vcaaa.venturacounty.gov\/wp-content\/uploads\/2023\/01\/2020-Cover-1187x1536.jpg 1187w, https:\/\/vcaaa.venturacounty.gov\/wp-content\/uploads\/2023\/01\/2020-Cover-1583x2048.jpg 1583w, https:\/\/vcaaa.venturacounty.gov\/wp-content\/uploads\/2023\/01\/2020-Cover-scaled.jpg 1978w\" sizes=\"(max-width: 800px) 100vw, 800px\" \/>\t\t\t\t\t\t\t\t<\/a>\n\t\t\t\t\t\t\t\t\t\t\t\t\t\t\t<\/div>\n\t\t\t\t<\/div>\n\t\t\t\t\t<\/div>\n\t\t<\/div>\n\t\t\t\t<div class=\"elementor-column elementor-col-25 elementor-inner-column elementor-element elementor-element-5aebd88\" data-id=\"5aebd88\" data-element_type=\"column\" data-e-type=\"column\">\n\t\t\t<div class=\"elementor-widget-wrap elementor-element-populated\">\n\t\t\t\t\t\t<div class=\"elementor-element elementor-element-e4cd58e elementor-widget elementor-widget-heading\" data-id=\"e4cd58e\" data-element_type=\"widget\" data-e-type=\"widget\" data-widget_type=\"heading.default\">\n\t\t\t\t<div class=\"elementor-widget-container\">\n\t\t\t\t\t<h2 class=\"elementor-heading-title elementor-size-default\">2023<\/h2>\t\t\t\t<\/div>\n\t\t\t\t<\/div>\n\t\t\t\t<div class=\"elementor-element elementor-element-665e138 elementor-widget elementor-widget-image\" data-id=\"665e138\" data-element_type=\"widget\" data-e-type=\"widget\" data-widget_type=\"image.default\">\n\t\t\t\t<div class=\"elementor-widget-container\">\n\t\t\t\t\t\t\t\t\t\t\t\t\t\t\t\t<a href=\"http:\/\/vcaaa.venturacounty.gov\/wp-content\/uploads\/2023\/04\/VCAAA-2023-LIVEWell-Resource-Guide_FINAL_WEB.pdf\" target=\"_blank\">\n\t\t\t\t\t\t\t<img decoding=\"async\" width=\"800\" height=\"1035\" src=\"https:\/\/vcaaa.venturacounty.gov\/wp-content\/uploads\/2023\/04\/VCAAA-2023-LIVEWell-Resource-Guide_Cover-1024x1325.jpg\" class=\"attachment-large size-large wp-image-7978\" alt=\"VCAAA 2023 LIVEWell Resource Guide\" srcset=\"https:\/\/vcaaa.venturacounty.gov\/wp-content\/uploads\/2023\/04\/VCAAA-2023-LIVEWell-Resource-Guide_Cover-1024x1325.jpg 1024w, https:\/\/vcaaa.venturacounty.gov\/wp-content\/uploads\/2023\/04\/VCAAA-2023-LIVEWell-Resource-Guide_Cover-480x621.jpg 480w, https:\/\/vcaaa.venturacounty.gov\/wp-content\/uploads\/2023\/04\/VCAAA-2023-LIVEWell-Resource-Guide_Cover-768x994.jpg 768w, https:\/\/vcaaa.venturacounty.gov\/wp-content\/uploads\/2023\/04\/VCAAA-2023-LIVEWell-Resource-Guide_Cover-1187x1536.jpg 1187w, https:\/\/vcaaa.venturacounty.gov\/wp-content\/uploads\/2023\/04\/VCAAA-2023-LIVEWell-Resource-Guide_Cover-1583x2048.jpg 1583w, https:\/\/vcaaa.venturacounty.gov\/wp-content\/uploads\/2023\/04\/VCAAA-2023-LIVEWell-Resource-Guide_Cover-scaled.jpg 1978w\" sizes=\"(max-width: 800px) 100vw, 800px\" \/>\t\t\t\t\t\t\t\t<\/a>\n\t\t\t\t\t\t\t\t\t\t\t\t\t\t\t<\/div>\n\t\t\t\t<\/div>\n\t\t\t\t<div class=\"elementor-element elementor-element-42326f7 elementor-widget elementor-widget-heading\" data-id=\"42326f7\" data-element_type=\"widget\" data-e-type=\"widget\" data-widget_type=\"heading.default\">\n\t\t\t\t<div class=\"elementor-widget-container\">\n\t\t\t\t\t<h2 class=\"elementor-heading-title elementor-size-default\">2018-19<\/h2>\t\t\t\t<\/div>\n\t\t\t\t<\/div>\n\t\t\t\t<div class=\"elementor-element elementor-element-9dde406 elementor-widget elementor-widget-image\" data-id=\"9dde406\" data-element_type=\"widget\" data-e-type=\"widget\" data-widget_type=\"image.default\">\n\t\t\t\t<div class=\"elementor-widget-container\">\n\t\t\t\t\t\t\t\t\t\t\t\t\t\t\t<img loading=\"lazy\" decoding=\"async\" width=\"800\" height=\"1035\" src=\"https:\/\/vcaaa.venturacounty.gov\/wp-content\/uploads\/2023\/01\/2019-Cover-1024x1325.jpg\" class=\"attachment-large size-large wp-image-7561\" alt=\"\" srcset=\"https:\/\/vcaaa.venturacounty.gov\/wp-content\/uploads\/2023\/01\/2019-Cover-1024x1325.jpg 1024w, https:\/\/vcaaa.venturacounty.gov\/wp-content\/uploads\/2023\/01\/2019-Cover-480x621.jpg 480w, https:\/\/vcaaa.venturacounty.gov\/wp-content\/uploads\/2023\/01\/2019-Cover-768x994.jpg 768w, https:\/\/vcaaa.venturacounty.gov\/wp-content\/uploads\/2023\/01\/2019-Cover-1187x1536.jpg 1187w, https:\/\/vcaaa.venturacounty.gov\/wp-content\/uploads\/2023\/01\/2019-Cover-1583x2048.jpg 1583w, https:\/\/vcaaa.venturacounty.gov\/wp-content\/uploads\/2023\/01\/2019-Cover-scaled.jpg 1978w\" sizes=\"(max-width: 800px) 100vw, 800px\" \/>\t\t\t\t\t\t\t\t\t\t\t\t\t\t\t<\/div>\n\t\t\t\t<\/div>\n\t\t\t\t\t<\/div>\n\t\t<\/div>\n\t\t\t\t<div class=\"elementor-column elementor-col-25 elementor-inner-column elementor-element elementor-element-1830b67\" data-id=\"1830b67\" data-element_type=\"column\" data-e-type=\"column\">\n\t\t\t<div class=\"elementor-widget-wrap elementor-element-populated\">\n\t\t\t\t\t\t<div class=\"elementor-element elementor-element-0d156c4 elementor-widget elementor-widget-heading\" data-id=\"0d156c4\" data-element_type=\"widget\" data-e-type=\"widget\" data-widget_type=\"heading.default\">\n\t\t\t\t<div class=\"elementor-widget-container\">\n\t\t\t\t\t<h2 class=\"elementor-heading-title elementor-size-default\">2022<\/h2>\t\t\t\t<\/div>\n\t\t\t\t<\/div>\n\t\t\t\t<div class=\"elementor-element elementor-element-9bd0de8 elementor-widget elementor-widget-image\" data-id=\"9bd0de8\" data-element_type=\"widget\" data-e-type=\"widget\" data-widget_type=\"image.default\">\n\t\t\t\t<div class=\"elementor-widget-container\">\n\t\t\t\t\t\t\t\t\t\t\t\t\t\t\t\t<a href=\"https:\/\/vcaaa.venturacounty.gov\/wp-content\/uploads\/2023\/04\/VCAAA-2022-LIVEWell-Resource-Guide-2.16.2022-Accessible.pdf\" target=\"_blank\">\n\t\t\t\t\t\t\t<img loading=\"lazy\" decoding=\"async\" width=\"404\" height=\"523\" src=\"https:\/\/vcaaa.venturacounty.gov\/wp-content\/uploads\/2022\/05\/vcaaa-live-well-2022.jpeg\" class=\"attachment-large size-large wp-image-81\" alt=\"Live WELL Resource Guide 2022\" \/>\t\t\t\t\t\t\t\t<\/a>\n\t\t\t\t\t\t\t\t\t\t\t\t\t\t\t<\/div>\n\t\t\t\t<\/div>\n\t\t\t\t<div class=\"elementor-element elementor-element-2b41d4e elementor-widget elementor-widget-heading\" data-id=\"2b41d4e\" data-element_type=\"widget\" data-e-type=\"widget\" data-widget_type=\"heading.default\">\n\t\t\t\t<div class=\"elementor-widget-container\">\n\t\t\t\t\t<h2 class=\"elementor-heading-title elementor-size-default\">2017-18<\/h2>\t\t\t\t<\/div>\n\t\t\t\t<\/div>\n\t\t\t\t<div class=\"elementor-element elementor-element-55e1a27 elementor-widget elementor-widget-image\" data-id=\"55e1a27\" data-element_type=\"widget\" data-e-type=\"widget\" data-widget_type=\"image.default\">\n\t\t\t\t<div class=\"elementor-widget-container\">\n\t\t\t\t\t\t\t\t\t\t\t\t\t\t\t<img loading=\"lazy\" decoding=\"async\" width=\"800\" height=\"1035\" src=\"https:\/\/vcaaa.venturacounty.gov\/wp-content\/uploads\/2023\/01\/2018-Cover-1024x1325.jpg\" class=\"attachment-large size-large wp-image-7564\" alt=\"\" srcset=\"https:\/\/vcaaa.venturacounty.gov\/wp-content\/uploads\/2023\/01\/2018-Cover-1024x1325.jpg 1024w, https:\/\/vcaaa.venturacounty.gov\/wp-content\/uploads\/2023\/01\/2018-Cover-480x621.jpg 480w, https:\/\/vcaaa.venturacounty.gov\/wp-content\/uploads\/2023\/01\/2018-Cover-768x994.jpg 768w, https:\/\/vcaaa.venturacounty.gov\/wp-content\/uploads\/2023\/01\/2018-Cover-1187x1536.jpg 1187w, https:\/\/vcaaa.venturacounty.gov\/wp-content\/uploads\/2023\/01\/2018-Cover-1583x2048.jpg 1583w, https:\/\/vcaaa.venturacounty.gov\/wp-content\/uploads\/2023\/01\/2018-Cover-scaled.jpg 1978w\" sizes=\"(max-width: 800px) 100vw, 800px\" \/>\t\t\t\t\t\t\t\t\t\t\t\t\t\t\t<\/div>\n\t\t\t\t<\/div>\n\t\t\t\t\t<\/div>\n\t\t<\/div>\n\t\t\t\t<div class=\"elementor-column elementor-col-25 elementor-inner-column elementor-element elementor-element-eae8ea2\" data-id=\"eae8ea2\" data-element_type=\"column\" data-e-type=\"column\">\n\t\t\t<div class=\"elementor-widget-wrap elementor-element-populated\">\n\t\t\t\t\t\t<div class=\"elementor-element elementor-element-e79e25b elementor-widget elementor-widget-heading\" data-id=\"e79e25b\" data-element_type=\"widget\" data-e-type=\"widget\" data-widget_type=\"heading.default\">\n\t\t\t\t<div class=\"elementor-widget-container\">\n\t\t\t\t\t<h2 class=\"elementor-heading-title elementor-size-default\">2021<\/h2>\t\t\t\t<\/div>\n\t\t\t\t<\/div>\n\t\t\t\t<div class=\"elementor-element elementor-element-2014a0e elementor-widget elementor-widget-image\" data-id=\"2014a0e\" data-element_type=\"widget\" data-e-type=\"widget\" data-widget_type=\"image.default\">\n\t\t\t\t<div class=\"elementor-widget-container\">\n\t\t\t\t\t\t\t\t\t\t\t\t\t\t\t\t<a href=\"http:\/\/vcaaa.venturacounty.gov\/wp-content\/uploads\/2023\/01\/LiveWell_2021_PDF.pdf\" target=\"_blank\">\n\t\t\t\t\t\t\t<img loading=\"lazy\" decoding=\"async\" width=\"800\" height=\"1035\" src=\"https:\/\/vcaaa.venturacounty.gov\/wp-content\/uploads\/2023\/01\/2021-Cover-1024x1325.jpg\" class=\"attachment-large size-large wp-image-7563\" alt=\"Live Well 2021\" srcset=\"https:\/\/vcaaa.venturacounty.gov\/wp-content\/uploads\/2023\/01\/2021-Cover-1024x1325.jpg 1024w, https:\/\/vcaaa.venturacounty.gov\/wp-content\/uploads\/2023\/01\/2021-Cover-480x621.jpg 480w, https:\/\/vcaaa.venturacounty.gov\/wp-content\/uploads\/2023\/01\/2021-Cover-768x994.jpg 768w, https:\/\/vcaaa.venturacounty.gov\/wp-content\/uploads\/2023\/01\/2021-Cover-1187x1536.jpg 1187w, https:\/\/vcaaa.venturacounty.gov\/wp-content\/uploads\/2023\/01\/2021-Cover-1583x2048.jpg 1583w, https:\/\/vcaaa.venturacounty.gov\/wp-content\/uploads\/2023\/01\/2021-Cover-scaled.jpg 1978w\" sizes=\"(max-width: 800px) 100vw, 800px\" \/>\t\t\t\t\t\t\t\t<\/a>\n\t\t\t\t\t\t\t\t\t\t\t\t\t\t\t<\/div>\n\t\t\t\t<\/div>\n\t\t\t\t\t<\/div>\n\t\t<\/div>\n\t\t\t\t\t<\/div>\n\t\t<\/section>\n\t\t\t\t\t<\/div>\n\t\t<\/div>\n\t\t\t\t\t<\/div>\n\t\t<\/section>\n\t\t\t\t<\/div>","protected":false},"excerpt":{"rendered":"<p>News News Articles LIVEWell Legacy Awards VCAAA Awards Videos LIVEWell VCAAA&#8217;s LIVEWell was published seven times from 2017-2024. It is currently on hiatus. \u00bb\u00a02024\u00a0LIVEWell\u00a0(PDF) LIVEWell\u00a0was the premier resource guide in [&hellip;]<\/p>\n","protected":false},"author":2,"featured_media":0,"parent":323,"menu_order":0,"comment_status":"closed","ping_status":"closed","template":"","meta":{"_seopress_robots_primary_cat":"","_seopress_titles_title":"","_seopress_titles_desc":"","_seopress_robots_index":"","footnotes":""},"class_list":["post-1121","page","type-page","status-publish","hentry"],"_links":{"self":[{"href":"https:\/\/vcaaa.venturacounty.gov\/es\/wp-json\/wp\/v2\/pages\/1121","targetHints":{"allow":["GET"]}}],"collection":[{"href":"https:\/\/vcaaa.venturacounty.gov\/es\/wp-json\/wp\/v2\/pages"}],"about":[{"href":"https:\/\/vcaaa.venturacounty.gov\/es\/wp-json\/wp\/v2\/types\/page"}],"author":[{"embeddable":true,"href":"https:\/\/vcaaa.venturacounty.gov\/es\/wp-json\/wp\/v2\/users\/2"}],"replies":[{"embeddable":true,"href":"https:\/\/vcaaa.venturacounty.gov\/es\/wp-json\/wp\/v2\/comments?post=1121"}],"version-history":[{"count":0,"href":"https:\/\/vcaaa.venturacounty.gov\/es\/wp-json\/wp\/v2\/pages\/1121\/revisions"}],"up":[{"embeddable":true,"href":"https:\/\/vcaaa.venturacounty.gov\/es\/wp-json\/wp\/v2\/pages\/323"}],"wp:attachment":[{"href":"https:\/\/vcaaa.venturacounty.gov\/es\/wp-json\/wp\/v2\/media?parent=1121"}],"curies":[{"name":"gracias","href":"https:\/\/api.w.org\/{rel}","templated":true}]}}